{"id":564983,"date":"2025-10-13T08:34:05","date_gmt":"2025-10-13T06:34:05","guid":{"rendered":"https:\/\/compassion.ch\/?page_id=564983"},"modified":"2026-01-28T17:17:35","modified_gmt":"2026-01-28T16:17:35","slug":"sostenere-bambini-e-giovani","status":"publish","type":"page","link":"https:\/\/compassion.ch\/it\/sostenere-bambini-e-giovani\/","title":{"rendered":"Sostenere i bambini e i giovani"},"content":{"rendered":"\t\t<div data-elementor-type=\"wp-page\" data-elementor-id=\"564983\" class=\"elementor elementor-564983 elementor-564953\" data-elementor-post-type=\"page\">\n\t\t\t\t<div class=\"elementor-element elementor-element-3adedab7 e-con-full e-flex e-con e-parent\" data-id=\"3adedab7\" data-element_type=\"container\" data-e-type=\"container\" data-settings=\"{&quot;background_background&quot;:&quot;classic&quot;}\">\n\t\t<div class=\"elementor-element elementor-element-651ab83e e-con-full e-flex e-con e-child\" data-id=\"651ab83e\" data-element_type=\"container\" data-e-type=\"container\" data-settings=\"{&quot;background_background&quot;:&quot;classic&quot;}\">\n\t\t\t\t<div class=\"elementor-element elementor-element-16d1a6fd title elementor-widget elementor-widget-heading\" data-id=\"16d1a6fd\" data-element_type=\"widget\" data-e-type=\"widget\" data-widget_type=\"heading.default\">\n\t\t\t\t<div class=\"elementor-widget-container\">\n\t\t\t\t\t<h2 class=\"elementor-heading-title elementor-size-default\">Sostenere i bambini e i giovani<\/h2>\t\t\t\t<\/div>\n\t\t\t\t<\/div>\n\t\t\t\t<\/div>\n\t\t<div class=\"elementor-element elementor-element-2597e853 e-con-full e-flex e-con e-child\" data-id=\"2597e853\" data-element_type=\"container\" data-e-type=\"container\">\n\t\t\t\t<div class=\"elementor-element elementor-element-2ac99772 elementor-widget elementor-widget-image\" data-id=\"2ac99772\" data-element_type=\"widget\" data-e-type=\"widget\" data-widget_type=\"image.default\">\n\t\t\t\t<div class=\"elementor-widget-container\">\n\t\t\t\t\t\t\t\t\t\t\t\t\t\t\t<img fetchpriority=\"high\" decoding=\"async\" width=\"1981\" height=\"1321\" src=\"https:\/\/compassion.ch\/wp-content\/uploads\/2025\/10\/CC-TG0255-BibleDistribution-03-2203-2.jpg\" class=\"attachment-full size-full wp-image-564956\" alt=\"\" srcset=\"https:\/\/compassion.ch\/wp-content\/uploads\/2025\/10\/CC-TG0255-BibleDistribution-03-2203-2.jpg 1981w, https:\/\/compassion.ch\/wp-content\/uploads\/2025\/10\/CC-TG0255-BibleDistribution-03-2203-2-300x200.jpg 300w, https:\/\/compassion.ch\/wp-content\/uploads\/2025\/10\/CC-TG0255-BibleDistribution-03-2203-2-1024x683.jpg 1024w, https:\/\/compassion.ch\/wp-content\/uploads\/2025\/10\/CC-TG0255-BibleDistribution-03-2203-2-768x512.jpg 768w, https:\/\/compassion.ch\/wp-content\/uploads\/2025\/10\/CC-TG0255-BibleDistribution-03-2203-2-600x400.jpg 600w, https:\/\/compassion.ch\/wp-content\/uploads\/2025\/10\/CC-TG0255-BibleDistribution-03-2203-2-1536x1024.jpg 1536w, https:\/\/compassion.ch\/wp-content\/uploads\/2025\/10\/CC-TG0255-BibleDistribution-03-2203-2-272x182.jpg 272w\" sizes=\"(max-width: 1981px) 100vw, 1981px\" \/>\t\t\t\t\t\t\t\t\t\t\t\t\t\t\t<\/div>\n\t\t\t\t<\/div>\n\t\t\t\t<\/div>\n\t\t\t\t<\/div>\n\t\t<div class=\"elementor-element elementor-element-3e7c4e0c e-flex e-con-boxed e-con e-parent\" data-id=\"3e7c4e0c\" data-element_type=\"container\" data-e-type=\"container\" id=\"plus\" data-settings=\"{&quot;background_background&quot;:&quot;classic&quot;}\">\n\t\t\t\t\t<div class=\"e-con-inner\">\n\t\t<div class=\"elementor-element elementor-element-1e5e7064 e-con-full e-flex e-con e-child\" data-id=\"1e5e7064\" data-element_type=\"container\" data-e-type=\"container\">\n\t\t\t\t<div class=\"elementor-element elementor-element-5bd7b968 elementor-widget elementor-widget-image\" data-id=\"5bd7b968\" data-element_type=\"widget\" data-e-type=\"widget\" data-widget_type=\"image.default\">\n\t\t\t\t<div class=\"elementor-widget-container\">\n\t\t\t\t\t\t\t\t\t\t\t\t\t\t\t<img decoding=\"async\" width=\"1200\" height=\"825\" src=\"https:\/\/compassion.ch\/wp-content\/uploads\/2025\/11\/1_cc.jpg\" class=\"attachment-full size-full wp-image-568290\" alt=\"\" srcset=\"https:\/\/compassion.ch\/wp-content\/uploads\/2025\/11\/1_cc.jpg 1200w, https:\/\/compassion.ch\/wp-content\/uploads\/2025\/11\/1_cc-300x206.jpg 300w, https:\/\/compassion.ch\/wp-content\/uploads\/2025\/11\/1_cc-1024x704.jpg 1024w, https:\/\/compassion.ch\/wp-content\/uploads\/2025\/11\/1_cc-768x528.jpg 768w\" sizes=\"(max-width: 1200px) 100vw, 1200px\" \/>\t\t\t\t\t\t\t\t\t\t\t\t\t\t\t<\/div>\n\t\t\t\t<\/div>\n\t\t\t\t<\/div>\n\t\t<div class=\"elementor-element elementor-element-5303e30d e-con-full e-flex e-con e-child\" data-id=\"5303e30d\" data-element_type=\"container\" data-e-type=\"container\">\n\t\t\t\t<div class=\"elementor-element elementor-element-338e73a9 elementor-widget elementor-widget-heading\" data-id=\"338e73a9\" data-element_type=\"widget\" data-e-type=\"widget\" data-widget_type=\"heading.default\">\n\t\t\t\t<div class=\"elementor-widget-container\">\n\t\t\t\t\t<h2 class=\"elementor-heading-title elementor-size-default\">Proteggere i bambini<\/h2>\t\t\t\t<\/div>\n\t\t\t\t<\/div>\n\t\t\t\t<div class=\"elementor-element elementor-element-16a12fd9 elementor-widget elementor-widget-text-editor\" data-id=\"16a12fd9\" data-element_type=\"widget\" data-e-type=\"widget\" data-widget_type=\"text-editor.default\">\n\t\t\t\t<div class=\"elementor-widget-container\">\n\t\t\t\t\t\t\t\t\t<p class=\"p1\">I primi anni di vita sono fondamentali per lo sviluppo sano di un bambino. Le mamme e i neonati che vivono in condizioni di estrema povert\u00e0 sono particolarmente vulnerabili: la malnutrizione, la mancanza di assistenza medica e l\u2019assenza di consulenza prenatale mettono in pericolo la loro vita. Milioni di mamme lottano ogni giorno per la sopravvivenza dei propri bambini.<\/p>\t\t\t\t\t\t\t\t<\/div>\n\t\t\t\t<\/div>\n\t\t\t\t<div class=\"elementor-element elementor-element-3a9ddcaf elementor-align-center elementor-tablet-align-center elementor-widget elementor-widget-button\" data-id=\"3a9ddcaf\" data-element_type=\"widget\" data-e-type=\"widget\" data-widget_type=\"button.default\">\n\t\t\t\t<div class=\"elementor-widget-container\">\n\t\t\t\t\t\t\t\t\t<div class=\"elementor-button-wrapper\">\n\t\t\t\t\t<a class=\"elementor-button elementor-button-link elementor-size-sm\" href=\"https:\/\/compassion.ch\/it\/sopravvivenza\/\" target=\"_blank\">\n\t\t\t\t\t\t<span class=\"elementor-button-content-wrapper\">\n\t\t\t\t\t\t\t\t\t<span class=\"elementor-button-text\">Mi impegno<\/span>\n\t\t\t\t\t<\/span>\n\t\t\t\t\t<\/a>\n\t\t\t\t<\/div>\n\t\t\t\t\t\t\t\t<\/div>\n\t\t\t\t<\/div>\n\t\t\t\t<\/div>\n\t\t\t\t\t<\/div>\n\t\t\t\t<\/div>\n\t\t<div class=\"elementor-element elementor-element-4f390ed e-flex e-con-boxed e-con e-parent\" data-id=\"4f390ed\" data-element_type=\"container\" data-e-type=\"container\" data-settings=\"{&quot;background_background&quot;:&quot;classic&quot;}\">\n\t\t\t\t\t<div class=\"e-con-inner\">\n\t\t<div class=\"elementor-element elementor-element-37634e1b e-con-full e-flex e-con e-child\" data-id=\"37634e1b\" data-element_type=\"container\" data-e-type=\"container\">\n\t\t\t\t<div class=\"elementor-element elementor-element-5d1625e0 elementor-widget elementor-widget-heading\" data-id=\"5d1625e0\" data-element_type=\"widget\" data-e-type=\"widget\" data-widget_type=\"heading.default\">\n\t\t\t\t<div class=\"elementor-widget-container\">\n\t\t\t\t\t<h2 class=\"elementor-heading-title elementor-size-default\">Sostenere un bambino<\/h2>\t\t\t\t<\/div>\n\t\t\t\t<\/div>\n\t\t\t\t<div class=\"elementor-element elementor-element-13644edc elementor-widget elementor-widget-text-editor\" data-id=\"13644edc\" data-element_type=\"widget\" data-e-type=\"widget\" data-widget_type=\"text-editor.default\">\n\t\t\t\t<div class=\"elementor-widget-container\">\n\t\t\t\t\t\t\t\t\t<p class=\"p1\"><span style=\"font-weight: 400;\">Un altro modo per aiutare un bambino \u00e8 attraverso il sostegno a distanza. Ci si impegna a sostenere finanziariamente un bambino specifico, a scambiare lettere con lui e, se possibile, ad accompagnarlo durante tutto il suo sviluppo fino a un massimo di 22 anni.<\/span><\/p>\t\t\t\t\t\t\t\t<\/div>\n\t\t\t\t<\/div>\n\t\t\t\t<div class=\"elementor-element elementor-element-45757c74 elementor-align-center elementor-tablet-align-center elementor-widget elementor-widget-button\" data-id=\"45757c74\" data-element_type=\"widget\" data-e-type=\"widget\" data-widget_type=\"button.default\">\n\t\t\t\t<div class=\"elementor-widget-container\">\n\t\t\t\t\t\t\t\t\t<div class=\"elementor-button-wrapper\">\n\t\t\t\t\t<a class=\"elementor-button elementor-button-link elementor-size-sm\" href=\"https:\/\/compassion.ch\/it\/sostenere-un-bambino\/\">\n\t\t\t\t\t\t<span class=\"elementor-button-content-wrapper\">\n\t\t\t\t\t\t\t\t\t<span class=\"elementor-button-text\">Divento sostenitore<\/span>\n\t\t\t\t\t<\/span>\n\t\t\t\t\t<\/a>\n\t\t\t\t<\/div>\n\t\t\t\t\t\t\t\t<\/div>\n\t\t\t\t<\/div>\n\t\t\t\t<\/div>\n\t\t<div class=\"elementor-element elementor-element-7b02ef51 e-con-full e-flex e-con e-child\" data-id=\"7b02ef51\" data-element_type=\"container\" data-e-type=\"container\">\n\t\t\t\t<div class=\"elementor-element elementor-element-309004eb elementor-widget elementor-widget-image\" data-id=\"309004eb\" data-element_type=\"widget\" data-e-type=\"widget\" data-widget_type=\"image.default\">\n\t\t\t\t<div class=\"elementor-widget-container\">\n\t\t\t\t\t\t\t\t\t\t\t\t\t\t\t<img decoding=\"async\" width=\"1024\" height=\"683\" src=\"https:\/\/compassion.ch\/wp-content\/uploads\/2025\/10\/peru_noel_cadeau1-1024x683.jpg\" class=\"attachment-large size-large wp-image-564962\" alt=\"\" srcset=\"https:\/\/compassion.ch\/wp-content\/uploads\/2025\/10\/peru_noel_cadeau1-1024x683.jpg 1024w, https:\/\/compassion.ch\/wp-content\/uploads\/2025\/10\/peru_noel_cadeau1-300x200.jpg 300w, https:\/\/compassion.ch\/wp-content\/uploads\/2025\/10\/peru_noel_cadeau1-768x512.jpg 768w, https:\/\/compassion.ch\/wp-content\/uploads\/2025\/10\/peru_noel_cadeau1-600x400.jpg 600w, https:\/\/compassion.ch\/wp-content\/uploads\/2025\/10\/peru_noel_cadeau1-272x182.jpg 272w, https:\/\/compassion.ch\/wp-content\/uploads\/2025\/10\/peru_noel_cadeau1.jpg 1200w\" sizes=\"(max-width: 1024px) 100vw, 1024px\" \/>\t\t\t\t\t\t\t\t\t\t\t\t\t\t\t<\/div>\n\t\t\t\t<\/div>\n\t\t\t\t<\/div>\n\t\t\t\t\t<\/div>\n\t\t\t\t<\/div>\n\t\t<div class=\"elementor-element elementor-element-6abc5377 e-flex e-con-boxed e-con e-parent\" data-id=\"6abc5377\" data-element_type=\"container\" data-e-type=\"container\" data-settings=\"{&quot;background_background&quot;:&quot;classic&quot;}\">\n\t\t\t\t\t<div class=\"e-con-inner\">\n\t\t<div class=\"elementor-element elementor-element-5d02237f e-con-full e-flex e-con e-child\" data-id=\"5d02237f\" data-element_type=\"container\" data-e-type=\"container\">\n\t\t\t\t<div class=\"elementor-element elementor-element-33918711 elementor-widget elementor-widget-image\" data-id=\"33918711\" data-element_type=\"widget\" data-e-type=\"widget\" data-widget_type=\"image.default\">\n\t\t\t\t<div class=\"elementor-widget-container\">\n\t\t\t\t\t\t\t\t\t\t\t\t\t\t\t<img loading=\"lazy\" decoding=\"async\" width=\"1024\" height=\"683\" src=\"https:\/\/compassion.ch\/wp-content\/uploads\/2025\/10\/CC-TG060100089-YoungInnovators-11-2203-1024x683.jpg\" class=\"attachment-large size-large wp-image-564965\" alt=\"\" srcset=\"https:\/\/compassion.ch\/wp-content\/uploads\/2025\/10\/CC-TG060100089-YoungInnovators-11-2203-1024x683.jpg 1024w, https:\/\/compassion.ch\/wp-content\/uploads\/2025\/10\/CC-TG060100089-YoungInnovators-11-2203-300x200.jpg 300w, https:\/\/compassion.ch\/wp-content\/uploads\/2025\/10\/CC-TG060100089-YoungInnovators-11-2203-768x512.jpg 768w, https:\/\/compassion.ch\/wp-content\/uploads\/2025\/10\/CC-TG060100089-YoungInnovators-11-2203-600x400.jpg 600w, https:\/\/compassion.ch\/wp-content\/uploads\/2025\/10\/CC-TG060100089-YoungInnovators-11-2203-272x182.jpg 272w, https:\/\/compassion.ch\/wp-content\/uploads\/2025\/10\/CC-TG060100089-YoungInnovators-11-2203.jpg 1200w\" sizes=\"(max-width: 1024px) 100vw, 1024px\" \/>\t\t\t\t\t\t\t\t\t\t\t\t\t\t\t<\/div>\n\t\t\t\t<\/div>\n\t\t\t\t<\/div>\n\t\t<div class=\"elementor-element elementor-element-57a7c88a e-con-full e-flex e-con e-child\" data-id=\"57a7c88a\" data-element_type=\"container\" data-e-type=\"container\">\n\t\t\t\t<div class=\"elementor-element elementor-element-3246bd83 elementor-widget elementor-widget-heading\" data-id=\"3246bd83\" data-element_type=\"widget\" data-e-type=\"widget\" data-widget_type=\"heading.default\">\n\t\t\t\t<div class=\"elementor-widget-container\">\n\t\t\t\t\t<h2 class=\"elementor-heading-title elementor-size-default\">Finanziare la formazione professionale di un giovane<\/h2>\t\t\t\t<\/div>\n\t\t\t\t<\/div>\n\t\t\t\t<div class=\"elementor-element elementor-element-79141c80 elementor-widget elementor-widget-text-editor\" data-id=\"79141c80\" data-element_type=\"widget\" data-e-type=\"widget\" data-widget_type=\"text-editor.default\">\n\t\t\t\t<div class=\"elementor-widget-container\">\n\t\t\t\t\t\t\t\t\t<p class=\"p1\"><span style=\"font-weight: 400;\">Non tutti i giovani hanno accesso agli studi superiori. Inoltre, in un contesto di grande povert\u00e0, il mercato del lavoro \u00e8 spesso molto limitato. Compassion sostiene la formazione professionale e ha messo in atto un programma di \u201cincubazione\u201d per futuri imprenditori. L\u2019obiettivo \u00e8 fornire ai giovani gli strumenti necessari per accompagnarli e incoraggiarli nel loro percorso verso l&#8217;indipendenza professionale ed economica.<\/span><\/p>\t\t\t\t\t\t\t\t<\/div>\n\t\t\t\t<\/div>\n\t\t\t\t<div class=\"elementor-element elementor-element-13163ce2 elementor-align-center elementor-tablet-align-center elementor-widget elementor-widget-button\" data-id=\"13163ce2\" data-element_type=\"widget\" data-e-type=\"widget\" data-widget_type=\"button.default\">\n\t\t\t\t<div class=\"elementor-widget-container\">\n\t\t\t\t\t\t\t\t\t<div class=\"elementor-button-wrapper\">\n\t\t\t\t\t<a class=\"elementor-button elementor-button-link elementor-size-sm\" href=\"https:\/\/compassion.ch\/it\/finanziare-la-formazione-professionale\/\">\n\t\t\t\t\t\t<span class=\"elementor-button-content-wrapper\">\n\t\t\t\t\t\t\t\t\t<span class=\"elementor-button-text\">Sostengo la formazione<\/span>\n\t\t\t\t\t<\/span>\n\t\t\t\t\t<\/a>\n\t\t\t\t<\/div>\n\t\t\t\t\t\t\t\t<\/div>\n\t\t\t\t<\/div>\n\t\t\t\t<\/div>\n\t\t\t\t\t<\/div>\n\t\t\t\t<\/div>\n\t\t<div class=\"elementor-element elementor-element-8addfd6 e-con-full e-flex e-con e-parent\" data-id=\"8addfd6\" data-element_type=\"container\" data-e-type=\"container\" data-settings=\"{&quot;background_background&quot;:&quot;classic&quot;}\">\n\t\t<div class=\"elementor-element elementor-element-5eabf8f5 e-con-full e-flex e-con e-child\" data-id=\"5eabf8f5\" data-element_type=\"container\" data-e-type=\"container\" data-settings=\"{&quot;background_background&quot;:&quot;classic&quot;}\">\n\t\t<div class=\"elementor-element elementor-element-32303d9a e-con-full e-flex e-con e-child\" data-id=\"32303d9a\" data-element_type=\"container\" data-e-type=\"container\">\n\t\t<div class=\"elementor-element elementor-element-5c42b9d7 e-con-full e-flex e-con e-child\" data-id=\"5c42b9d7\" data-element_type=\"container\" data-e-type=\"container\">\n\t\t\t\t<div class=\"elementor-element elementor-element-3f3a7ba8 elementor-widget elementor-widget-heading\" data-id=\"3f3a7ba8\" data-element_type=\"widget\" data-e-type=\"widget\" data-widget_type=\"heading.default\">\n\t\t\t\t<div class=\"elementor-widget-container\">\n\t\t\t\t\t<h3 class=\"elementor-heading-title elementor-size-large\">Domande frequenti<\/h3>\t\t\t\t<\/div>\n\t\t\t\t<\/div>\n\t\t\t\t<div class=\"elementor-element elementor-element-1941f254 elementor-widget elementor-widget-accordion\" data-id=\"1941f254\" data-element_type=\"widget\" data-e-type=\"widget\" data-widget_type=\"accordion.default\">\n\t\t\t\t<div class=\"elementor-widget-container\">\n\t\t\t\t\t\t\t<div class=\"elementor-accordion\">\n\t\t\t\t\t\t\t<div class=\"elementor-accordion-item\">\n\t\t\t\t\t<div id=\"elementor-tab-title-4231\" class=\"elementor-tab-title\" data-tab=\"1\" role=\"button\" aria-controls=\"elementor-tab-content-4231\" aria-expanded=\"false\">\n\t\t\t\t\t\t\t\t\t\t\t\t\t<span class=\"elementor-accordion-icon elementor-accordion-icon-left\" aria-hidden=\"true\">\n\t\t\t\t\t\t\t\t\t\t\t\t\t\t\t<span class=\"elementor-accordion-icon-closed\"><i class=\"fas fa-plus\"><\/i><\/span>\n\t\t\t\t\t\t\t\t<span class=\"elementor-accordion-icon-opened\"><i class=\"fas fa-minus\"><\/i><\/span>\n\t\t\t\t\t\t\t\t\t\t\t\t\t\t<\/span>\n\t\t\t\t\t\t\t\t\t\t\t\t<a class=\"elementor-accordion-title\" tabindex=\"0\">Da quanto tempo l'ONG Compassion si impegna contro la povert\u00e0 estrema?<\/a>\n\t\t\t\t\t<\/div>\n\t\t\t\t\t<div id=\"elementor-tab-content-4231\" class=\"elementor-tab-content elementor-clearfix\" data-tab=\"1\" role=\"region\" aria-labelledby=\"elementor-tab-title-4231\"><p><span style=\"font-weight: 400;\">Fondata nel 1953, Compassion ha sempre investito nello sviluppo dei bambini. Inizialmente accoglieva gli orfani della guerra di Corea negli orfanotrofi, poi i bambini pi\u00f9 svantaggiati nelle scuole, e successivamente ha avviato una partnership con le chiese locali che, a loro volta, hanno aperto centri per lo sviluppo infantile.<\/span><\/p><\/div>\n\t\t\t\t<\/div>\n\t\t\t\t\t\t\t<div class=\"elementor-accordion-item\">\n\t\t\t\t\t<div id=\"elementor-tab-title-4232\" class=\"elementor-tab-title\" data-tab=\"2\" role=\"button\" aria-controls=\"elementor-tab-content-4232\" aria-expanded=\"false\">\n\t\t\t\t\t\t\t\t\t\t\t\t\t<span class=\"elementor-accordion-icon elementor-accordion-icon-left\" aria-hidden=\"true\">\n\t\t\t\t\t\t\t\t\t\t\t\t\t\t\t<span class=\"elementor-accordion-icon-closed\"><i class=\"fas fa-plus\"><\/i><\/span>\n\t\t\t\t\t\t\t\t<span class=\"elementor-accordion-icon-opened\"><i class=\"fas fa-minus\"><\/i><\/span>\n\t\t\t\t\t\t\t\t\t\t\t\t\t\t<\/span>\n\t\t\t\t\t\t\t\t\t\t\t\t<a class=\"elementor-accordion-title\" tabindex=\"0\">Perch\u00e9 Compassion opera con un programma di sostegno a distanza?<\/a>\n\t\t\t\t\t<\/div>\n\t\t\t\t\t<div id=\"elementor-tab-content-4232\" class=\"elementor-tab-content elementor-clearfix\" data-tab=\"2\" role=\"region\" aria-labelledby=\"elementor-tab-title-4232\"><p><span style=\"font-weight: 400;\">Compassion si impegna per garantire lo sviluppo dei bambini che crescono in condizioni di estrema povert\u00e0. Il sostegno a distanza \u00e8 uno degli approcci privilegiati da Compassion, in quanto consente a un donatore di investire in modo specifico nella vita di un bambino e di comunicare con lui tramite corrispondenza.\u00a0<\/span><\/p><p><span style=\"font-weight: 400;\">Il sostegno a distanza \u00e8 un messaggio forte che si rivolge a un bambino: &#8220;Hai valore, mi interesso a te e investo nel tuo futuro, credo in te!&#8221; e, nel corso del tempo, andr\u00e0 a beneficio diretto o indiretto dell&#8217;intera famiglia.<\/span><\/p><\/div>\n\t\t\t\t<\/div>\n\t\t\t\t\t\t\t<div class=\"elementor-accordion-item\">\n\t\t\t\t\t<div id=\"elementor-tab-title-4233\" class=\"elementor-tab-title\" data-tab=\"3\" role=\"button\" aria-controls=\"elementor-tab-content-4233\" aria-expanded=\"false\">\n\t\t\t\t\t\t\t\t\t\t\t\t\t<span class=\"elementor-accordion-icon elementor-accordion-icon-left\" aria-hidden=\"true\">\n\t\t\t\t\t\t\t\t\t\t\t\t\t\t\t<span class=\"elementor-accordion-icon-closed\"><i class=\"fas fa-plus\"><\/i><\/span>\n\t\t\t\t\t\t\t\t<span class=\"elementor-accordion-icon-opened\"><i class=\"fas fa-minus\"><\/i><\/span>\n\t\t\t\t\t\t\t\t\t\t\t\t\t\t<\/span>\n\t\t\t\t\t\t\t\t\t\t\t\t<a class=\"elementor-accordion-title\" tabindex=\"0\">Posso sostenere una madre e il suo bambino anche a lungo termine?<\/a>\n\t\t\t\t\t<\/div>\n\t\t\t\t\t<div id=\"elementor-tab-content-4233\" class=\"elementor-tab-content elementor-clearfix\" data-tab=\"3\" role=\"region\" aria-labelledby=\"elementor-tab-title-4233\"><p><span style=\"color: #ffffff;\"><span style=\"font-weight: 400;\">S\u00ec, con un<\/span><span style=\"text-decoration: underline;\"><a style=\"color: #ffffff; text-decoration: underline;\" href=\"https:\/\/compassion.ch\/it\/sostieni-una-mamma-e-il-suo-bambino\"> <span style=\"font-weight: 400;\">sostegno a distanza<\/span><\/a><\/span><span style=\"font-weight: 400;\">, aiuti una madre e il suo bambino, dalla gravidanza fino al primo anno di vita del bambino, ovvero per circa 18 mesi, garantendo loro protezione e assistenza.<\/span><\/span><\/p><\/div>\n\t\t\t\t<\/div>\n\t\t\t\t\t\t\t<div class=\"elementor-accordion-item\">\n\t\t\t\t\t<div id=\"elementor-tab-title-4234\" class=\"elementor-tab-title\" data-tab=\"4\" role=\"button\" aria-controls=\"elementor-tab-content-4234\" aria-expanded=\"false\">\n\t\t\t\t\t\t\t\t\t\t\t\t\t<span class=\"elementor-accordion-icon elementor-accordion-icon-left\" aria-hidden=\"true\">\n\t\t\t\t\t\t\t\t\t\t\t\t\t\t\t<span class=\"elementor-accordion-icon-closed\"><i class=\"fas fa-plus\"><\/i><\/span>\n\t\t\t\t\t\t\t\t<span class=\"elementor-accordion-icon-opened\"><i class=\"fas fa-minus\"><\/i><\/span>\n\t\t\t\t\t\t\t\t\t\t\t\t\t\t<\/span>\n\t\t\t\t\t\t\t\t\t\t\t\t<a class=\"elementor-accordion-title\" tabindex=\"0\">Qual \u00e8 l'impatto del programma di sviluppo infantile di Compassion?<\/a>\n\t\t\t\t\t<\/div>\n\t\t\t\t\t<div id=\"elementor-tab-content-4234\" class=\"elementor-tab-content elementor-clearfix\" data-tab=\"4\" role=\"region\" aria-labelledby=\"elementor-tab-title-4234\"><p><span style=\"font-weight: 400;\">L&#8217;estrema povert\u00e0 ha un impatto non solo sulla salute e sulla crescita, ma anche sullo sviluppo generale del bambino. La mancanza di cibo sano, di igiene, di attenzioni e di incoraggiamento ne altera lo sviluppo. Questo \u00e8 particolarmente vero nel caso della povert\u00e0, che trasmette ai bambini il seguente messaggio: \u201cNon vali nulla, vivrai tutta la tua vita in povert\u00e0 come i tuoi genitori e non puoi farci niente\u201d.<\/span><\/p><p><span style=\"font-weight: 400;\">Noi di Compassion riteniamo che la povert\u00e0 non sia una fatalit\u00e0. Il nostro programma inizia dicendo ai bambini che hanno valore, che hanno dei talenti e che li aiuteremo a svilupparli. Uno studio ha dimostrato che la partecipazione alle attivit\u00e0 del programma Compassion consente ai bambini di frequentare la scuola pi\u00f9 a lungo, di avere maggiori possibilit\u00e0 di seguire una formazione professionale o studi superiori e di accedere a una vita indipendente dal punto di vista lavorativo e finanziario in et\u00e0 adulta.<\/span><\/p><\/div>\n\t\t\t\t<\/div>\n\t\t\t\t\t\t\t<div class=\"elementor-accordion-item\">\n\t\t\t\t\t<div id=\"elementor-tab-title-4235\" class=\"elementor-tab-title\" data-tab=\"5\" role=\"button\" aria-controls=\"elementor-tab-content-4235\" aria-expanded=\"false\">\n\t\t\t\t\t\t\t\t\t\t\t\t\t<span class=\"elementor-accordion-icon elementor-accordion-icon-left\" aria-hidden=\"true\">\n\t\t\t\t\t\t\t\t\t\t\t\t\t\t\t<span class=\"elementor-accordion-icon-closed\"><i class=\"fas fa-plus\"><\/i><\/span>\n\t\t\t\t\t\t\t\t<span class=\"elementor-accordion-icon-opened\"><i class=\"fas fa-minus\"><\/i><\/span>\n\t\t\t\t\t\t\t\t\t\t\t\t\t\t<\/span>\n\t\t\t\t\t\t\t\t\t\t\t\t<a class=\"elementor-accordion-title\" tabindex=\"0\">Qual \u00e8 il ruolo delle chiese nel programma Compassion?<\/a>\n\t\t\t\t\t<\/div>\n\t\t\t\t\t<div id=\"elementor-tab-content-4235\" class=\"elementor-tab-content elementor-clearfix\" data-tab=\"5\" role=\"region\" aria-labelledby=\"elementor-tab-title-4235\"><p><span style=\"font-weight: 400;\">Compassion ha scelto le chiese locali come partner per l\u2019apertura di centri di sviluppo infantile. Infatti, molte chiese sono presenti nelle regioni, nei villaggi e nei quartieri pi\u00f9 svantaggiati. Conoscono il tessuto locale, godono di rispetto e dimostrano grande integrit\u00e0. Inoltre, questo consente a Compassion di collaborare esclusivamente con personale locale. Ci\u00f2 \u00e8 particolarmente importante in periodi di crisi. Compassion non dipende da espatriati che potrebbero dover rientrare nel proprio Paese in caso di pandemia, conflitto, ecc. La Chiesa era presente prima di Compassion e lo sar\u00e0 anche dopo. Rappresenta un punto di riferimento per molte famiglie che vivono in condizioni di estrema povert\u00e0.<\/span><\/p><\/div>\n\t\t\t\t<\/div>\n\t\t\t\t\t\t\t\t<\/div>\n\t\t\t\t\t\t<\/div>\n\t\t\t\t<\/div>\n\t\t\t\t<\/div>\n\t\t\t\t<\/div>\n\t\t\t\t<\/div>\n\t\t\t\t<\/div>\n\t\t\t\t<\/div>\n\t\t","protected":false},"excerpt":{"rendered":"<p>Sostenere i bambini e i giovani Proteggere i bambini I primi anni di vita sono fondamentali per lo sviluppo sano di un bambino. Le mamme e i neonati che vivono in condizioni di estrema povert\u00e0 sono particolarmente vulnerabili: la malnutrizione,<span class=\"excerpt_more\">&#8230;<\/span><\/p>\n","protected":false},"author":8,"featured_media":0,"parent":0,"menu_order":0,"comment_status":"closed","ping_status":"closed","template":"","meta":{"give_campaign_id":0,"footnotes":""},"class_list":["post-564983","page","type-page","status-publish","hentry"],"campaignId":"","_links":{"self":[{"href":"https:\/\/compassion.ch\/it\/wp-json\/wp\/v2\/pages\/564983","targetHints":{"allow":["GET"]}}],"collection":[{"href":"https:\/\/compassion.ch\/it\/wp-json\/wp\/v2\/pages"}],"about":[{"href":"https:\/\/compassion.ch\/it\/wp-json\/wp\/v2\/types\/page"}],"author":[{"embeddable":true,"href":"https:\/\/compassion.ch\/it\/wp-json\/wp\/v2\/users\/8"}],"replies":[{"embeddable":true,"href":"https:\/\/compassion.ch\/it\/wp-json\/wp\/v2\/comments?post=564983"}],"version-history":[{"count":31,"href":"https:\/\/compassion.ch\/it\/wp-json\/wp\/v2\/pages\/564983\/revisions"}],"predecessor-version":[{"id":574116,"href":"https:\/\/compassion.ch\/it\/wp-json\/wp\/v2\/pages\/564983\/revisions\/574116"}],"wp:attachment":[{"href":"https:\/\/compassion.ch\/it\/wp-json\/wp\/v2\/media?parent=564983"}],"curies":[{"name":"wp","href":"https:\/\/api.w.org\/{rel}","templated":true}]}}