{"id":491813,"date":"2023-11-20T16:25:35","date_gmt":"2023-11-20T15:25:35","guid":{"rendered":"https:\/\/compassion.ch\/de-la-nourriture-pour-plus-de-4200-familles-demunies\/"},"modified":"2024-12-02T08:43:31","modified_gmt":"2024-12-02T07:43:31","slug":"cibo-per-le-famiglie-bisognose-dei-paesi-del-sud","status":"publish","type":"page","link":"https:\/\/compassion.ch\/it\/cibo-per-le-famiglie-bisognose-dei-paesi-del-sud\/","title":{"rendered":"Cibo per le famiglie bisognose nei Paesi del Sud"},"content":{"rendered":"\t\t<div data-elementor-type=\"wp-page\" data-elementor-id=\"491813\" class=\"elementor elementor-491813 elementor-491755\" data-elementor-post-type=\"page\">\n\t\t\t\t\t\t<section class=\"elementor-section elementor-top-section elementor-element elementor-element-759fefac elementor-section-full_width elementor-section-content-middle elementor-section-height-min-height elementor-section-items-stretch elementor-section-height-default\" data-id=\"759fefac\" data-element_type=\"section\" data-e-type=\"section\" data-settings=\"{&quot;background_background&quot;:&quot;classic&quot;}\">\n\t\t\t\t\t\t<div class=\"elementor-container elementor-column-gap-default\">\n\t\t\t\t\t<div class=\"elementor-column elementor-col-50 elementor-top-column elementor-element elementor-element-7a4d66f6\" data-id=\"7a4d66f6\" data-element_type=\"column\" data-e-type=\"column\" data-settings=\"{&quot;background_background&quot;:&quot;gradient&quot;}\">\n\t\t\t<div class=\"elementor-widget-wrap elementor-element-populated\">\n\t\t\t\t\t\t<div class=\"elementor-element elementor-element-e5d4dad elementor-widget elementor-widget-heading\" data-id=\"e5d4dad\" data-element_type=\"widget\" data-e-type=\"widget\" data-widget_type=\"heading.default\">\n\t\t\t\t<div class=\"elementor-widget-container\">\n\t\t\t\t\t<h1 class=\"elementor-heading-title elementor-size-default\">Cibo per le famiglie bisognose nei Paesi del Sud<\/h1>\t\t\t\t<\/div>\n\t\t\t\t<\/div>\n\t\t\t\t\t<\/div>\n\t\t<\/div>\n\t\t\t\t<div class=\"elementor-column elementor-col-50 elementor-top-column elementor-element elementor-element-14452a2a elementor-hidden-tablet elementor-hidden-mobile\" data-id=\"14452a2a\" data-element_type=\"column\" data-e-type=\"column\">\n\t\t\t<div class=\"elementor-widget-wrap\">\n\t\t\t\t\t\t\t<\/div>\n\t\t<\/div>\n\t\t\t\t\t<\/div>\n\t\t<\/section>\n\t\t\t\t<section class=\"elementor-section elementor-top-section elementor-element elementor-element-1ba0bede elementor-section-boxed elementor-section-height-default elementor-section-height-default\" data-id=\"1ba0bede\" data-element_type=\"section\" data-e-type=\"section\" data-settings=\"{&quot;background_background&quot;:&quot;classic&quot;}\">\n\t\t\t\t\t\t<div class=\"elementor-container elementor-column-gap-default\">\n\t\t\t\t\t<div class=\"elementor-column elementor-col-100 elementor-top-column elementor-element elementor-element-3b9228f9\" data-id=\"3b9228f9\" data-element_type=\"column\" data-e-type=\"column\">\n\t\t\t<div class=\"elementor-widget-wrap elementor-element-populated\">\n\t\t\t\t\t\t<section class=\"elementor-section elementor-inner-section elementor-element elementor-element-4d657fc elementor-section-full_width elementor-section-height-default elementor-section-height-default\" data-id=\"4d657fc\" data-element_type=\"section\" data-e-type=\"section\">\n\t\t\t\t\t\t<div class=\"elementor-container elementor-column-gap-wider\">\n\t\t\t\t\t<div class=\"elementor-column elementor-col-50 elementor-inner-column elementor-element elementor-element-7901f944\" data-id=\"7901f944\" data-element_type=\"column\" data-e-type=\"column\">\n\t\t\t<div class=\"elementor-widget-wrap elementor-element-populated\">\n\t\t\t\t\t\t<div class=\"elementor-element elementor-element-72ff1689 elementor-widget elementor-widget-image\" data-id=\"72ff1689\" data-element_type=\"widget\" data-e-type=\"widget\" data-widget_type=\"image.default\">\n\t\t\t\t<div class=\"elementor-widget-container\">\n\t\t\t\t\t\t\t\t\t\t\t\t\t\t\t<img fetchpriority=\"high\" decoding=\"async\" width=\"1080\" height=\"1080\" src=\"https:\/\/compassion.ch\/wp-content\/uploads\/2023\/11\/crise-alimentaire-kenya.jpg\" class=\"attachment-full size-full wp-image-490380\" alt=\"In alcuni Paesi colpiti dalla crisi alimentare, il cibo scarseggia, portando alla malnutrizione\" srcset=\"https:\/\/compassion.ch\/wp-content\/uploads\/2023\/11\/crise-alimentaire-kenya.jpg 1080w, https:\/\/compassion.ch\/wp-content\/uploads\/2023\/11\/crise-alimentaire-kenya-300x300.jpg 300w, https:\/\/compassion.ch\/wp-content\/uploads\/2023\/11\/crise-alimentaire-kenya-1024x1024.jpg 1024w, https:\/\/compassion.ch\/wp-content\/uploads\/2023\/11\/crise-alimentaire-kenya-150x150.jpg 150w, https:\/\/compassion.ch\/wp-content\/uploads\/2023\/11\/crise-alimentaire-kenya-768x768.jpg 768w\" sizes=\"(max-width: 1080px) 100vw, 1080px\" \/>\t\t\t\t\t\t\t\t\t\t\t\t\t\t\t<\/div>\n\t\t\t\t<\/div>\n\t\t\t\t\t<\/div>\n\t\t<\/div>\n\t\t\t\t<div class=\"elementor-column elementor-col-50 elementor-inner-column elementor-element elementor-element-197b18eb\" data-id=\"197b18eb\" data-element_type=\"column\" data-e-type=\"column\">\n\t\t\t<div class=\"elementor-widget-wrap elementor-element-populated\">\n\t\t\t\t\t\t<div class=\"elementor-element elementor-element-5b6d413d elementor-widget elementor-widget-text-editor\" data-id=\"5b6d413d\" data-element_type=\"widget\" data-e-type=\"widget\" data-widget_type=\"text-editor.default\">\n\t\t\t\t<div class=\"elementor-widget-container\">\n\t\t\t\t\t\t\t\t\t<p><strong>&#8220;I prezzi sono saliti alle stelle (riso e zucchero sono i pi\u00f9 cari degli ultimi 12 anni). La siccit\u00e0 e la mancanza di infrastrutture di irrigazione stanno avendo un effetto devastante sull&#8217;agricoltura. Le famiglie stanno morendo di fame&#8221;, spiega Joel Macharia, direttore nazionale di Compassion per Malawi e Zambia.<\/strong><\/p><p><span style=\"font-weight: 400;\">Oltre a questa risposta di emergenza, Compassion \u00e8 impegnata in progetti di resilienza alimentare per incoraggiare una maggiore autosufficienza e una migliore formazione agricola e commerciale. <\/span><\/p><p><b>Insieme, vogliamo dare a queste famiglie un segno di speranza, distribuendo scorte alimentari.<\/b><\/p>\t\t\t\t\t\t\t\t<\/div>\n\t\t\t\t<\/div>\n\t\t\t\t<div class=\"elementor-element elementor-element-faa0bf8 elementor-align-center elementor-widget elementor-widget-button\" data-id=\"faa0bf8\" data-element_type=\"widget\" data-e-type=\"widget\" data-widget_type=\"button.default\">\n\t\t\t\t<div class=\"elementor-widget-container\">\n\t\t\t\t\t\t\t\t\t<div class=\"elementor-button-wrapper\">\n\t\t\t\t\t<a class=\"elementor-button elementor-button-link elementor-size-sm\" href=\"#donation\">\n\t\t\t\t\t\t<span class=\"elementor-button-content-wrapper\">\n\t\t\t\t\t\t\t\t\t<span class=\"elementor-button-text\">Fai una donazione<\/span>\n\t\t\t\t\t<\/span>\n\t\t\t\t\t<\/a>\n\t\t\t\t<\/div>\n\t\t\t\t\t\t\t\t<\/div>\n\t\t\t\t<\/div>\n\t\t\t\t\t<\/div>\n\t\t<\/div>\n\t\t\t\t\t<\/div>\n\t\t<\/section>\n\t\t\t\t\t<\/div>\n\t\t<\/div>\n\t\t\t\t\t<\/div>\n\t\t<\/section>\n\t\t\t\t<section class=\"elementor-section elementor-top-section elementor-element elementor-element-75b96431 elementor-section-content-top elementor-section-boxed elementor-section-height-default elementor-section-height-default\" data-id=\"75b96431\" data-element_type=\"section\" data-e-type=\"section\" id=\"donation\">\n\t\t\t\t\t\t<div class=\"elementor-container elementor-column-gap-default\">\n\t\t\t\t\t<div class=\"elementor-column elementor-col-50 elementor-top-column elementor-element elementor-element-5f6475f4\" data-id=\"5f6475f4\" data-element_type=\"column\" data-e-type=\"column\">\n\t\t\t<div class=\"elementor-widget-wrap elementor-element-populated\">\n\t\t\t\t\t\t<div class=\"elementor-element elementor-element-814f3c8 elementor-widget elementor-widget-Give Form\" data-id=\"814f3c8\" data-element_type=\"widget\" data-e-type=\"widget\" data-widget_type=\"Give Form.default\">\n\t\t\t\t\t<div class=\"givewp-elementor-widget give-form-shortcode-wrap\"><div class=\"give-embed-form-wrapper\" id=\"give-69e1edde39a10\"><iframe\n\t\t\t\tname=\"give-embed-form\"\n\t\t\t\tsrc=\"https:\/\/compassion.ch\/it\/don\/food-insecurity-it\/?giveDonationFormInIframe=1\"\n\t\t\t\t\n\t\t\t\tdata-autoScroll=\"0\"\n\t\t\t\tonload=\"if( 'undefined' !== typeof Give ) { Give.initializeIframeResize(this) }\"\n\t\t\t\tstyle=\"border: 0;visibility: hidden;min-height: 600px;\"><\/iframe><div class=\"iframe-loader\">\n<div style=\"\n        height: 100%;\n        width: 100%;\n        display: flex;\n        align-items: center;\n        justify-content: center;\n    \">\n    <div style=\"\n        pointer-events: none;\n        height: 90px;\n        width: 90px;\n        background-image: url(&quot;data:image\/svg+xml;charset=utf8,%3C?xml version='1.0' encoding='utf-8'?%3E%3C!-- Generator: Adobe Illustrator 24.1.0, SVG Export Plug-In . SVG Version: 6.00 Build 0) --%3E%3Csvg version='1.1' id='Layer_1' xmlns='http:\/\/www.w3.org\/2000\/svg' xmlns:xlink='http:\/\/www.w3.org\/1999\/xlink' x='0px' y='0px' viewBox='0 0 349 348' style='enable-background:new 0 0 349 348;' xml:space='preserve'%3E%3Cstyle type='text\/css'%3E .st0{fill:%231E8CBE;} %3C\/style%3E%3Cpath class='st0' d='M25.1,204.57c-13.38,0-24.47-10.6-24.97-24.08C0.04,178.09,0,175.97,0,174C0,77.78,78.28-0.5,174.5-0.5 c13.81,0,25,11.19,25,25s-11.19,25-25,25C105.85,49.5,50,105.35,50,174c0,1.37,0.03,2.85,0.1,4.65c0.51,13.8-10.27,25.39-24.07,25.9 C25.72,204.56,25.41,204.57,25.1,204.57z'\/%3E%3Cpath class='st0' d='M174.5,348.5c-13.81,0-25-11.19-25-25c0-13.81,11.19-25,25-25c68.65,0,124.5-55.85,124.5-124.5 c0-1.38-0.03-2.85-0.1-4.65c-0.51-13.8,10.26-25.4,24.06-25.91c13.83-0.53,25.4,10.26,25.91,24.06c0.09,2.39,0.13,4.51,0.13,6.49 C349,270.22,270.72,348.5,174.5,348.5z'\/%3E%3C\/svg%3E&quot;);\n        animation: spin 0.6s linear infinite;\n        \"><\/div>\n<\/div>\n<\/div><\/div><\/div>\t\t\t\t<\/div>\n\t\t\t\t\t<\/div>\n\t\t<\/div>\n\t\t\t\t<div class=\"elementor-column elementor-col-50 elementor-top-column elementor-element elementor-element-64662679\" data-id=\"64662679\" data-element_type=\"column\" data-e-type=\"column\">\n\t\t\t<div class=\"elementor-widget-wrap elementor-element-populated\">\n\t\t\t\t\t\t<div class=\"elementor-element elementor-element-4c6dcbb elementor-widget elementor-widget-image\" data-id=\"4c6dcbb\" data-element_type=\"widget\" data-e-type=\"widget\" data-widget_type=\"image.default\">\n\t\t\t\t<div class=\"elementor-widget-container\">\n\t\t\t\t\t\t\t\t\t\t\t\t\t\t\t<img decoding=\"async\" width=\"1200\" height=\"852\" src=\"https:\/\/compassion.ch\/wp-content\/uploads\/2023\/01\/CC-GH0304-Food-crisis-11-2208.jpg\" class=\"attachment-full size-full wp-image-425716\" alt=\"Compassion distribuisce scorte di cibo ai pi\u00f9 poveri\" srcset=\"https:\/\/compassion.ch\/wp-content\/uploads\/2023\/01\/CC-GH0304-Food-crisis-11-2208.jpg 1200w, https:\/\/compassion.ch\/wp-content\/uploads\/2023\/01\/CC-GH0304-Food-crisis-11-2208-300x213.jpg 300w, https:\/\/compassion.ch\/wp-content\/uploads\/2023\/01\/CC-GH0304-Food-crisis-11-2208-1024x727.jpg 1024w, https:\/\/compassion.ch\/wp-content\/uploads\/2023\/01\/CC-GH0304-Food-crisis-11-2208-768x545.jpg 768w\" sizes=\"(max-width: 1200px) 100vw, 1200px\" \/>\t\t\t\t\t\t\t\t\t\t\t\t\t\t\t<\/div>\n\t\t\t\t<\/div>\n\t\t\t\t<div class=\"elementor-element elementor-element-41f9ea15 elementor-widget elementor-widget-heading\" data-id=\"41f9ea15\" data-element_type=\"widget\" data-e-type=\"widget\" data-widget_type=\"heading.default\">\n\t\t\t\t<div class=\"elementor-widget-container\">\n\t\t\t\t\t<h3 class=\"elementor-heading-title elementor-size-default\">Con 50 CHF, Compassion pu\u00f2 fornire un mese di cibo a una famiglia di 5 o 6 persone!<\/h3>\t\t\t\t<\/div>\n\t\t\t\t<\/div>\n\t\t\t\t<div class=\"elementor-element elementor-element-e1c1c12 elementor-headline--style-highlight elementor-widget elementor-widget-global elementor-global-544265 elementor-widget-animated-headline\" data-id=\"e1c1c12\" data-element_type=\"widget\" data-e-type=\"widget\" data-settings=\"{&quot;marker&quot;:&quot;underline_zigzag&quot;,&quot;highlighted_text&quot;:&quot;9037 famiglie&quot;,&quot;headline_style&quot;:&quot;highlight&quot;,&quot;loop&quot;:&quot;yes&quot;,&quot;highlight_animation_duration&quot;:1200,&quot;highlight_iteration_delay&quot;:8000}\" data-widget_type=\"animated-headline.default\">\n\t\t\t\t<div class=\"elementor-widget-container\">\n\t\t\t\t\t\t\t<h4 class=\"elementor-headline\">\n\t\t\t\t\t<span class=\"elementor-headline-plain-text elementor-headline-text-wrapper\">Grazie a questa campagna, abbiamo gi\u00e0 aiutato<\/span>\n\t\t\t\t<span class=\"elementor-headline-dynamic-wrapper elementor-headline-text-wrapper\">\n\t\t\t\t\t<span class=\"elementor-headline-dynamic-text elementor-headline-text-active\">9037 famiglie<\/span>\n\t\t\t\t<\/span>\n\t\t\t\t<\/h4>\n\t\t\t\t\t\t<\/div>\n\t\t\t\t<\/div>\n\t\t\t\t\t<\/div>\n\t\t<\/div>\n\t\t\t\t\t<\/div>\n\t\t<\/section>\n\t\t\t\t<section class=\"elementor-section elementor-top-section elementor-element elementor-element-b8f5b87 elementor-section-boxed elementor-section-height-default elementor-section-height-default\" data-id=\"b8f5b87\" data-element_type=\"section\" data-e-type=\"section\" id=\"section2\" data-settings=\"{&quot;background_background&quot;:&quot;classic&quot;}\">\n\t\t\t\t\t\t<div class=\"elementor-container elementor-column-gap-default\">\n\t\t\t\t\t<div class=\"elementor-column elementor-col-100 elementor-top-column elementor-element elementor-element-dc24265\" data-id=\"dc24265\" data-element_type=\"column\" data-e-type=\"column\">\n\t\t\t<div class=\"elementor-widget-wrap elementor-element-populated\">\n\t\t\t\t\t\t<div class=\"elementor-element elementor-element-752c562 elementor-widget elementor-widget-heading\" data-id=\"752c562\" data-element_type=\"widget\" data-e-type=\"widget\" data-widget_type=\"heading.default\">\n\t\t\t\t<div class=\"elementor-widget-container\">\n\t\t\t\t\t<h3 class=\"elementor-heading-title elementor-size-xl\">La realt\u00e0 della fame<\/h3>\t\t\t\t<\/div>\n\t\t\t\t<\/div>\n\t\t\t\t<section class=\"elementor-section elementor-inner-section elementor-element elementor-element-1420fb7 elementor-section-full_width elementor-section-height-default elementor-section-height-default\" data-id=\"1420fb7\" data-element_type=\"section\" data-e-type=\"section\">\n\t\t\t\t\t\t<div class=\"elementor-container elementor-column-gap-default\">\n\t\t\t\t\t<div class=\"elementor-column elementor-col-100 elementor-inner-column elementor-element elementor-element-5816972\" data-id=\"5816972\" data-element_type=\"column\" data-e-type=\"column\">\n\t\t\t<div class=\"elementor-widget-wrap elementor-element-populated\">\n\t\t\t\t\t\t<div class=\"elementor-element elementor-element-63c428e elementor-widget elementor-widget-text-editor\" data-id=\"63c428e\" data-element_type=\"widget\" data-e-type=\"widget\" data-widget_type=\"text-editor.default\">\n\t\t\t\t<div class=\"elementor-widget-container\">\n\t\t\t\t\t\t\t\t\t<p><span style=\"font-weight: 400;\">Una persona su 10 nel mondo va a letto affamata.<\/span><\/p><p><span style=\"font-weight: 400;\">La fame uccide pi\u00f9 persone di malaria, tubercolosi e AIDS messi insieme.<\/span><\/p><p><span style=\"font-weight: 400;\">Ogni 10 secondi, un bambino muore per malnutrizione.<\/span><\/p><p><span style=\"font-weight: 400;\">Ci sono stati anche dei progressi: fino al 1970, 529 persone su 100.000 morivano di fame ogni anno. Dagli anni 2000, questa cifra \u00e8 scesa a 3 su 100.000.<\/span><\/p><p><span style=\"font-weight: 400;\">Le principali cause della fame sono i conflitti armati, le condizioni climatiche estreme e gli sconvolgimenti economici.<\/span><\/p><p><span style=\"font-weight: 400;\">Ad Haiti, uno dei Paesi pi\u00f9 poveri dell&#8217;emisfero settentrionale, solo 1 bambino su 10 mangia a sufficienza.<\/span><\/p>\t\t\t\t\t\t\t\t<\/div>\n\t\t\t\t<\/div>\n\t\t\t\t\t<\/div>\n\t\t<\/div>\n\t\t\t\t\t<\/div>\n\t\t<\/section>\n\t\t\t\t\t<\/div>\n\t\t<\/div>\n\t\t\t\t\t<\/div>\n\t\t<\/section>\n\t\t\t\t<section class=\"elementor-section elementor-top-section elementor-element elementor-element-987b6a9 elementor-section-boxed elementor-section-height-default elementor-section-height-default\" data-id=\"987b6a9\" data-element_type=\"section\" data-e-type=\"section\">\n\t\t\t\t\t\t<div class=\"elementor-container elementor-column-gap-default\">\n\t\t\t\t\t<div class=\"elementor-column elementor-col-100 elementor-top-column elementor-element elementor-element-443de7a\" data-id=\"443de7a\" data-element_type=\"column\" data-e-type=\"column\">\n\t\t\t<div class=\"elementor-widget-wrap elementor-element-populated\">\n\t\t\t\t\t\t<section class=\"elementor-section elementor-inner-section elementor-element elementor-element-4240953 elementor-section-full_width elementor-section-content-middle elementor-section-height-default elementor-section-height-default\" data-id=\"4240953\" data-element_type=\"section\" data-e-type=\"section\">\n\t\t\t\t\t\t<div class=\"elementor-container elementor-column-gap-wider\">\n\t\t\t\t\t<div class=\"elementor-column elementor-col-50 elementor-inner-column elementor-element elementor-element-a0d2734\" data-id=\"a0d2734\" data-element_type=\"column\" data-e-type=\"column\">\n\t\t\t<div class=\"elementor-widget-wrap elementor-element-populated\">\n\t\t\t\t\t\t<div class=\"elementor-element elementor-element-3e83a9b elementor-widget elementor-widget-heading\" data-id=\"3e83a9b\" data-element_type=\"widget\" data-e-type=\"widget\" data-widget_type=\"heading.default\">\n\t\t\t\t<div class=\"elementor-widget-container\">\n\t\t\t\t\t<h3 class=\"elementor-heading-title elementor-size-default\">Che cosa fa Compassion in risposta?<\/h3>\t\t\t\t<\/div>\n\t\t\t\t<\/div>\n\t\t\t\t<div class=\"elementor-element elementor-element-81e5683 elementor-widget elementor-widget-text-editor\" data-id=\"81e5683\" data-element_type=\"widget\" data-e-type=\"widget\" data-widget_type=\"text-editor.default\">\n\t\t\t\t<div class=\"elementor-widget-container\">\n\t\t\t\t\t\t\t\t\t<p><strong>In <a href=\"https:\/\/it.wikipedia.org\/wiki\/Tanzania\" target=\"_blank\" rel=\"noopener\"><span style=\"text-decoration: underline;\">Tanzania<\/span><\/a>, ad esempio, la famiglia di Emiliana ha ricevuto pacchi alimentari e latte in polvere. L&#8217;impatto su questa famiglia \u00e8 stato immediato e positivo. &#8220;In poco tempo, Emiliana \u00e8 riuscita a stare in piedi da sola. Non avrei mai pensato che sarebbe stata in grado di farlo&#8221;, racconta il padre, Amos.<\/strong><\/p>\t\t\t\t\t\t\t\t<\/div>\n\t\t\t\t<\/div>\n\t\t\t\t<div class=\"elementor-element elementor-element-1bac354 elementor-widget elementor-widget-text-editor\" data-id=\"1bac354\" data-element_type=\"widget\" data-e-type=\"widget\" data-widget_type=\"text-editor.default\">\n\t\t\t\t<div class=\"elementor-widget-container\">\n\t\t\t\t\t\t\t\t\t<p><span style=\"font-weight: 400;\">I partner di Compassion non si limitano ad aiutare Emiliana, ma forniscono anche assistenza in alcuni dei Paesi pi\u00f9 vulnerabili del mondo. Il loro lavoro \u00e8 duplice: rispondere ai bisogni nutrizionali urgenti e lavorare a soluzioni sostenibili per aiutare a sradicare la fame.<\/span><\/p>\t\t\t\t\t\t\t\t<\/div>\n\t\t\t\t<\/div>\n\t\t\t\t\t<\/div>\n\t\t<\/div>\n\t\t\t\t<div class=\"elementor-column elementor-col-50 elementor-inner-column elementor-element elementor-element-bc65455\" data-id=\"bc65455\" data-element_type=\"column\" data-e-type=\"column\">\n\t\t\t<div class=\"elementor-widget-wrap elementor-element-populated\">\n\t\t\t\t\t\t<div class=\"elementor-element elementor-element-f6a8ff5 elementor-widget elementor-widget-image\" data-id=\"f6a8ff5\" data-element_type=\"widget\" data-e-type=\"widget\" data-widget_type=\"image.default\">\n\t\t\t\t<div class=\"elementor-widget-container\">\n\t\t\t\t\t\t\t\t\t\t\t\t\t\t\t<img decoding=\"async\" width=\"1024\" height=\"1024\" src=\"https:\/\/compassion.ch\/wp-content\/uploads\/2024\/04\/nourriture_compassion_emiliana-1-1024x1024.jpg\" class=\"attachment-large size-large wp-image-523521\" alt=\"Emiliana war unterern\u00e4hrt. Sie erhielt Nahrung und Milch.\" srcset=\"https:\/\/compassion.ch\/wp-content\/uploads\/2024\/04\/nourriture_compassion_emiliana-1-1024x1024.jpg 1024w, https:\/\/compassion.ch\/wp-content\/uploads\/2024\/04\/nourriture_compassion_emiliana-1-300x300.jpg 300w, https:\/\/compassion.ch\/wp-content\/uploads\/2024\/04\/nourriture_compassion_emiliana-1-150x150.jpg 150w, https:\/\/compassion.ch\/wp-content\/uploads\/2024\/04\/nourriture_compassion_emiliana-1-768x768.jpg 768w, https:\/\/compassion.ch\/wp-content\/uploads\/2024\/04\/nourriture_compassion_emiliana-1.jpg 1080w\" sizes=\"(max-width: 1024px) 100vw, 1024px\" \/>\t\t\t\t\t\t\t\t\t\t\t\t\t\t\t<\/div>\n\t\t\t\t<\/div>\n\t\t\t\t\t<\/div>\n\t\t<\/div>\n\t\t\t\t\t<\/div>\n\t\t<\/section>\n\t\t\t\t<section class=\"elementor-section elementor-inner-section elementor-element elementor-element-8878bb8 elementor-section-boxed elementor-section-height-default elementor-section-height-default\" data-id=\"8878bb8\" data-element_type=\"section\" data-e-type=\"section\">\n\t\t\t\t\t\t<div class=\"elementor-container elementor-column-gap-default\">\n\t\t\t\t\t<div class=\"elementor-column elementor-col-100 elementor-inner-column elementor-element elementor-element-3380669\" data-id=\"3380669\" data-element_type=\"column\" data-e-type=\"column\">\n\t\t\t<div class=\"elementor-widget-wrap elementor-element-populated\">\n\t\t\t\t\t\t<div class=\"elementor-element elementor-element-a1bb0e3 elementor-widget elementor-widget-heading\" data-id=\"a1bb0e3\" data-element_type=\"widget\" data-e-type=\"widget\" data-widget_type=\"heading.default\">\n\t\t\t\t<div class=\"elementor-widget-container\">\n\t\t\t\t\t<h3 class=\"elementor-heading-title elementor-size-default\">I centri locali di sviluppo infantile...<\/h3>\t\t\t\t<\/div>\n\t\t\t\t<\/div>\n\t\t\t\t<div class=\"elementor-element elementor-element-2cd6b57 elementor-list-item-link-inline elementor-icon-list--layout-traditional elementor-widget elementor-widget-icon-list\" data-id=\"2cd6b57\" data-element_type=\"widget\" data-e-type=\"widget\" data-widget_type=\"icon-list.default\">\n\t\t\t\t<div class=\"elementor-widget-container\">\n\t\t\t\t\t\t\t<ul class=\"elementor-icon-list-items\">\n\t\t\t\t\t\t\t<li class=\"elementor-icon-list-item\">\n\t\t\t\t\t\t\t\t\t\t\t<span class=\"elementor-icon-list-icon\">\n\t\t\t\t\t\t\t<i aria-hidden=\"true\" class=\"fas fa-check\"><\/i>\t\t\t\t\t\t<\/span>\n\t\t\t\t\t\t\t\t\t\t<span class=\"elementor-icon-list-text\">forniscono scorte alimentari e\/o effettuano trasferimenti di denaro alle famiglie vulnerabili all'insicurezza alimentare.<\/span>\n\t\t\t\t\t\t\t\t\t<\/li>\n\t\t\t\t\t\t\t\t<li class=\"elementor-icon-list-item\">\n\t\t\t\t\t\t\t\t\t\t\t<span class=\"elementor-icon-list-icon\">\n\t\t\t\t\t\t\t<i aria-hidden=\"true\" class=\"fas fa-check\"><\/i>\t\t\t\t\t\t<\/span>\n\t\t\t\t\t\t\t\t\t\t<span class=\"elementor-icon-list-text\">garantiscono la sicurezza alimentare a lungo termine fornendo sementi, fertilizzanti, bestiame e formazione per la creazione e il mantenimento di orti familiari e piccole aziende agricole.<\/span>\n\t\t\t\t\t\t\t\t\t<\/li>\n\t\t\t\t\t\t<\/ul>\n\t\t\t\t\t\t<\/div>\n\t\t\t\t<\/div>\n\t\t\t\t<div class=\"elementor-element elementor-element-ace00c4 elementor-widget elementor-widget-text-editor\" data-id=\"ace00c4\" data-element_type=\"widget\" data-e-type=\"widget\" data-widget_type=\"text-editor.default\">\n\t\t\t\t<div class=\"elementor-widget-container\">\n\t\t\t\t\t\t\t\t\t<div class=\"elementor-element elementor-element-12d6736 elementor-widget elementor-widget-text-editor\" data-id=\"12d6736\" data-element_type=\"widget\" data-widget_type=\"text-editor.default\"><div class=\"elementor-widget-container\"><p><strong>I centri Compassion sono preparati dal punto di vista logistico. La loro sfida pi\u00f9 grande \u00e8 quella di procurarsi le scorte alimentari ai prezzi pi\u00f9 bassi possibili.<\/strong><\/p><\/div><\/div>\t\t\t\t\t\t\t\t<\/div>\n\t\t\t\t<\/div>\n\t\t\t\t<div class=\"elementor-element elementor-element-bb0bde7 elementor-align-center elementor-widget elementor-widget-button\" data-id=\"bb0bde7\" data-element_type=\"widget\" data-e-type=\"widget\" data-widget_type=\"button.default\">\n\t\t\t\t<div class=\"elementor-widget-container\">\n\t\t\t\t\t\t\t\t\t<div class=\"elementor-button-wrapper\">\n\t\t\t\t\t<a class=\"elementor-button elementor-button-link elementor-size-sm\" href=\"#donation\">\n\t\t\t\t\t\t<span class=\"elementor-button-content-wrapper\">\n\t\t\t\t\t\t\t\t\t<span class=\"elementor-button-text\"> Fai una donazione<\/span>\n\t\t\t\t\t<\/span>\n\t\t\t\t\t<\/a>\n\t\t\t\t<\/div>\n\t\t\t\t\t\t\t\t<\/div>\n\t\t\t\t<\/div>\n\t\t\t\t\t<\/div>\n\t\t<\/div>\n\t\t\t\t\t<\/div>\n\t\t<\/section>\n\t\t\t\t\t<\/div>\n\t\t<\/div>\n\t\t\t\t\t<\/div>\n\t\t<\/section>\n\t\t\t\t<\/div>\n\t\t","protected":false},"excerpt":{"rendered":"<p>Cibo per le famiglie bisognose nei Paesi del Sud &#8220;I prezzi sono saliti alle stelle (riso e zucchero sono i pi\u00f9 cari degli ultimi 12 anni). La siccit\u00e0 e la mancanza di infrastrutture di irrigazione stanno avendo un effetto devastante<span class=\"excerpt_more\">&#8230;<\/span><\/p>\n","protected":false},"author":8,"featured_media":522156,"parent":0,"menu_order":0,"comment_status":"closed","ping_status":"closed","template":"","meta":{"give_campaign_id":0,"footnotes":""},"class_list":["post-491813","page","type-page","status-publish","has-post-thumbnail","hentry"],"campaignId":"","_links":{"self":[{"href":"https:\/\/compassion.ch\/it\/wp-json\/wp\/v2\/pages\/491813","targetHints":{"allow":["GET"]}}],"collection":[{"href":"https:\/\/compassion.ch\/it\/wp-json\/wp\/v2\/pages"}],"about":[{"href":"https:\/\/compassion.ch\/it\/wp-json\/wp\/v2\/types\/page"}],"author":[{"embeddable":true,"href":"https:\/\/compassion.ch\/it\/wp-json\/wp\/v2\/users\/8"}],"replies":[{"embeddable":true,"href":"https:\/\/compassion.ch\/it\/wp-json\/wp\/v2\/comments?post=491813"}],"version-history":[{"count":0,"href":"https:\/\/compassion.ch\/it\/wp-json\/wp\/v2\/pages\/491813\/revisions"}],"wp:featuredmedia":[{"embeddable":true,"href":"https:\/\/compassion.ch\/it\/wp-json\/wp\/v2\/media\/522156"}],"wp:attachment":[{"href":"https:\/\/compassion.ch\/it\/wp-json\/wp\/v2\/media?parent=491813"}],"curies":[{"name":"wp","href":"https:\/\/api.w.org\/{rel}","templated":true}]}}