{"id":489965,"date":"2023-11-07T12:22:58","date_gmt":"2023-11-07T11:22:58","guid":{"rendered":"https:\/\/compassion.ch\/finances\/"},"modified":"2023-11-09T12:07:17","modified_gmt":"2023-11-09T11:07:17","slug":"finanze","status":"publish","type":"page","link":"https:\/\/compassion.ch\/it\/finanze\/","title":{"rendered":"Finanze"},"content":{"rendered":"\t\t<div data-elementor-type=\"wp-page\" data-elementor-id=\"489965\" class=\"elementor elementor-489965 elementor-489153\" data-elementor-post-type=\"page\">\n\t\t\t\t\t\t<section class=\"elementor-section elementor-top-section elementor-element elementor-element-4acf19b8 elementor-section-full_width elementor-section-height-default elementor-section-height-default\" data-id=\"4acf19b8\" data-element_type=\"section\" data-e-type=\"section\" data-settings=\"{&quot;background_background&quot;:&quot;classic&quot;}\">\n\t\t\t\t\t\t<div class=\"elementor-container elementor-column-gap-default\">\n\t\t\t\t\t<div class=\"elementor-column elementor-col-100 elementor-top-column elementor-element elementor-element-27fd51\" data-id=\"27fd51\" data-element_type=\"column\" data-e-type=\"column\">\n\t\t\t<div class=\"elementor-widget-wrap elementor-element-populated\">\n\t\t\t\t\t\t<div class=\"elementor-element elementor-element-1aadd238 elementor-widget elementor-widget-heading\" data-id=\"1aadd238\" data-element_type=\"widget\" data-e-type=\"widget\" data-widget_type=\"heading.default\">\n\t\t\t\t<div class=\"elementor-widget-container\">\n\t\t\t\t\t<h2 class=\"elementor-heading-title elementor-size-default\">FINANZE<\/h2>\t\t\t\t<\/div>\n\t\t\t\t<\/div>\n\t\t\t\t<div class=\"elementor-element elementor-element-5b1744a0 elementor-widget elementor-widget-text-editor\" data-id=\"5b1744a0\" data-element_type=\"widget\" data-e-type=\"widget\" data-widget_type=\"text-editor.default\">\n\t\t\t\t<div class=\"elementor-widget-container\">\n\t\t\t\t\t\t\t\t\t<p style=\"text-align: center;\"><strong>L\u2019uso corretto delle risorse finanziarie \u00e8 un argomento importante e delicato per ogni organizzazione di beneficenza.<\/strong><br \/><strong>Compassion garantisce che almeno l&#8217;80% delle donazioni andr\u00e0 a beneficio dei bambini sostenuti.<\/strong><br \/><strong>La nostra ONG \u00e8 sottoposta ogni anno a pi\u00f9 controlli e audit finanziari esterni.<\/strong><\/p>\t\t\t\t\t\t\t\t<\/div>\n\t\t\t\t<\/div>\n\t\t\t\t\t<\/div>\n\t\t<\/div>\n\t\t\t\t\t<\/div>\n\t\t<\/section>\n\t\t\t\t<section class=\"elementor-section elementor-top-section elementor-element elementor-element-f1ef1ed elementor-section-boxed elementor-section-height-default elementor-section-height-default\" data-id=\"f1ef1ed\" data-element_type=\"section\" data-e-type=\"section\">\n\t\t\t\t\t\t<div class=\"elementor-container elementor-column-gap-default\">\n\t\t\t\t\t<div class=\"elementor-column elementor-col-100 elementor-top-column elementor-element elementor-element-6f9e8926\" data-id=\"6f9e8926\" data-element_type=\"column\" data-e-type=\"column\">\n\t\t\t<div class=\"elementor-widget-wrap elementor-element-populated\">\n\t\t\t\t\t\t<div class=\"elementor-element elementor-element-747c4a23 elementor-widget elementor-widget-text-editor\" data-id=\"747c4a23\" data-element_type=\"widget\" data-e-type=\"widget\" data-widget_type=\"text-editor.default\">\n\t\t\t\t<div class=\"elementor-widget-container\">\n\t\t\t\t\t\t\t\t\t<p>Prendiamo l\u2019organizzazione finanziaria molto seriamente. Compassion lavora su elevati standard internazionali. Ci impegniamo a usare l&#8217;80 per cento delle donazioni per il benessere dei bambini. Il 20 per cento viene utilizzato per le spese amministrative e promozionali.<\/p><p>Compassion International \u00e8 controllata annualmente da revisori PwC, una societ\u00e0 di revisione leader a livello mondiale. All&#8217;interno di Compassion International vengono eseguite regolari verifiche e ispezioni delle procedure. Compassion International ottiene ogni anno risultati eccellenti nel \u201cWorld Charity Navigator\u201d e in altre istituzioni internazionali di valutazione.<\/p><p>In ogni Paese partner, Compassion viene verificata da un organismo di controllo nazionale. Compassion Svizzera pubblica i suoi conti ogni anno. L\u2019anno contabile inizia il 1 \u00b0 luglio e finisce il 30 giugno. I nostri rapporti annuali sono disponibili nella pagina <span style=\"text-decoration: underline;\"><a href=\"https:\/\/compassion.ch\/it\/download\/?filter=rapporto-annuale\" target=\"_blank\" rel=\"noopener\">download<\/a><\/span><\/p><p>compassion Svizzera \u00e8 un\u2019organizzazione senza scopo di lucro, riconosciuta di pubblica utilit\u00e0, con sede a Yverdon, Canton Vaud. La vostra donazione \u00e8 <span style=\"text-decoration: underline;\"><a href=\"https:\/\/compassion.ch\/it\/donazioni-e-imposte\/\" target=\"_blank\" rel=\"noopener\">deducibile<\/a><\/span> dalle tasse in Svizzera:\u00a0<span style=\"text-decoration: underline;\"><a href=\"https:\/\/compassion.ch\/wp-content\/uploads\/2016\/03\/compassion_suisse_statut_fiscal.pdf\" target=\"_blank\" rel=\"noopener\">Statut Fiscal de l&#8217;Association Compassion (PDF).<\/a><\/span><\/p><p><strong>Coordinate bancarie<br \/><\/strong>Compassion Svizzera<br \/>IBAN CH93 8080 8007 6814 3434 7<\/p>\t\t\t\t\t\t\t\t<\/div>\n\t\t\t\t<\/div>\n\t\t\t\t<section class=\"elementor-section elementor-inner-section elementor-element elementor-element-1bd0638e elementor-section-boxed elementor-section-height-default elementor-section-height-default\" data-id=\"1bd0638e\" data-element_type=\"section\" data-e-type=\"section\">\n\t\t\t\t\t\t<div class=\"elementor-container elementor-column-gap-default\">\n\t\t\t\t\t<div class=\"elementor-column elementor-col-33 elementor-inner-column elementor-element elementor-element-57e689fe\" data-id=\"57e689fe\" data-element_type=\"column\" data-e-type=\"column\">\n\t\t\t<div class=\"elementor-widget-wrap elementor-element-populated\">\n\t\t\t\t\t\t<div class=\"elementor-element elementor-element-1b1a403f elementor-widget elementor-widget-image\" data-id=\"1b1a403f\" data-element_type=\"widget\" data-e-type=\"widget\" data-widget_type=\"image.default\">\n\t\t\t\t<div class=\"elementor-widget-container\">\n\t\t\t\t\t\t\t\t\t\t\t\t\t\t\t<img fetchpriority=\"high\" decoding=\"async\" width=\"326\" height=\"301\" src=\"https:\/\/compassion.ch\/wp-content\/uploads\/2021\/06\/charity_nav_small-e1624355124114.jpg\" class=\"attachment-full size-full wp-image-286441\" alt=\"\" \/>\t\t\t\t\t\t\t\t\t\t\t\t\t\t\t<\/div>\n\t\t\t\t<\/div>\n\t\t\t\t<div class=\"elementor-element elementor-element-37f230f4 elementor-widget elementor-widget-heading\" data-id=\"37f230f4\" data-element_type=\"widget\" data-e-type=\"widget\" data-widget_type=\"heading.default\">\n\t\t\t\t<div class=\"elementor-widget-container\">\n\t\t\t\t\t<h3 class=\"elementor-heading-title elementor-size-default\">Charity Navigator<\/h3>\t\t\t\t<\/div>\n\t\t\t\t<\/div>\n\t\t\t\t<div class=\"elementor-element elementor-element-32ad324d elementor-widget-divider--view-line elementor-widget elementor-widget-divider\" data-id=\"32ad324d\" data-element_type=\"widget\" data-e-type=\"widget\" data-widget_type=\"divider.default\">\n\t\t\t\t<div class=\"elementor-widget-container\">\n\t\t\t\t\t\t\t<div class=\"elementor-divider\">\n\t\t\t<span class=\"elementor-divider-separator\">\n\t\t\t\t\t\t<\/span>\n\t\t<\/div>\n\t\t\t\t\t\t<\/div>\n\t\t\t\t<\/div>\n\t\t\t\t<div class=\"elementor-element elementor-element-4df15317 elementor-widget elementor-widget-text-editor\" data-id=\"4df15317\" data-element_type=\"widget\" data-e-type=\"widget\" data-widget_type=\"text-editor.default\">\n\t\t\t\t<div class=\"elementor-widget-container\">\n\t\t\t\t\t\t\t\t\t<p>Negli Stati Uniti, paese dove Compassion ha la sede principale, facciamo parte delle organizzazioni umanitarie di cui gli americani si fidano di pi\u00f9. Nel 2015, Compassion International ha ricevuto per la 15esima volta consecutiva il punteggio pi\u00f9 alto di Charity Navigator \u2013 il pi\u00f9 prestigioso istituto di controllo e di valutazione delle organizzazioni no profit &#8211; per la sua trasparenza e per l\u2019utilizzo delle risorse finanziarie.<\/p>\t\t\t\t\t\t\t\t<\/div>\n\t\t\t\t<\/div>\n\t\t\t\t\t<\/div>\n\t\t<\/div>\n\t\t\t\t<div class=\"elementor-column elementor-col-33 elementor-inner-column elementor-element elementor-element-200285cc\" data-id=\"200285cc\" data-element_type=\"column\" data-e-type=\"column\">\n\t\t\t<div class=\"elementor-widget-wrap elementor-element-populated\">\n\t\t\t\t\t\t<div class=\"elementor-element elementor-element-19f9a208 elementor-widget elementor-widget-image\" data-id=\"19f9a208\" data-element_type=\"widget\" data-e-type=\"widget\" data-widget_type=\"image.default\">\n\t\t\t\t<div class=\"elementor-widget-container\">\n\t\t\t\t\t\t\t\t\t\t\t\t\t\t\t<img decoding=\"async\" width=\"326\" height=\"301\" src=\"https:\/\/compassion.ch\/wp-content\/uploads\/2021\/06\/codehonneur_small.jpg\" class=\"attachment-full size-full wp-image-286438\" alt=\"\" srcset=\"https:\/\/compassion.ch\/wp-content\/uploads\/2021\/06\/codehonneur_small.jpg 326w, https:\/\/compassion.ch\/wp-content\/uploads\/2021\/06\/codehonneur_small-300x277.jpg 300w\" sizes=\"(max-width: 326px) 100vw, 326px\" \/>\t\t\t\t\t\t\t\t\t\t\t\t\t\t\t<\/div>\n\t\t\t\t<\/div>\n\t\t\t\t<div class=\"elementor-element elementor-element-7fdd0da4 elementor-widget elementor-widget-heading\" data-id=\"7fdd0da4\" data-element_type=\"widget\" data-e-type=\"widget\" data-widget_type=\"heading.default\">\n\t\t\t\t<div class=\"elementor-widget-container\">\n\t\t\t\t\t<h3 class=\"elementor-heading-title elementor-size-default\">Codice Etico<\/h3>\t\t\t\t<\/div>\n\t\t\t\t<\/div>\n\t\t\t\t<div class=\"elementor-element elementor-element-28b32938 elementor-widget-divider--view-line elementor-widget elementor-widget-divider\" data-id=\"28b32938\" data-element_type=\"widget\" data-e-type=\"widget\" data-widget_type=\"divider.default\">\n\t\t\t\t<div class=\"elementor-widget-container\">\n\t\t\t\t\t\t\t<div class=\"elementor-divider\">\n\t\t\t<span class=\"elementor-divider-separator\">\n\t\t\t\t\t\t<\/span>\n\t\t<\/div>\n\t\t\t\t\t\t<\/div>\n\t\t\t\t<\/div>\n\t\t\t\t<div class=\"elementor-element elementor-element-4f5a67e8 elementor-widget elementor-widget-text-editor\" data-id=\"4f5a67e8\" data-element_type=\"widget\" data-e-type=\"widget\" data-widget_type=\"text-editor.default\">\n\t\t\t\t<div class=\"elementor-widget-container\">\n\t\t\t\t\t\t\t\t\t<p>Compassion Svizzera ha firmato il codice etico della SEA Schweizerische Evangelische Allianz. Questo marchio di qualit\u00e0 impegna il firmatario alla trasparenza nelle sue relazioni pubbliche, integrit\u00e0, chiarezza e trasparenza nel reporting finanziario e l&#8217;uso responsabile di tutte le donazioni.\u00a0<span style=\"text-decoration: underline;\"><a class=\"external-link-new-window\" title=\"Le code d\u2019honneur AES on-line\" href=\"http:\/\/www.codedhonneur.ch\/\" target=\"_blank\" rel=\"noopener\">www.codedhonneur.ch<\/a><\/span><\/p>\t\t\t\t\t\t\t\t<\/div>\n\t\t\t\t<\/div>\n\t\t\t\t\t<\/div>\n\t\t<\/div>\n\t\t\t\t<div class=\"elementor-column elementor-col-33 elementor-inner-column elementor-element elementor-element-39709c88\" data-id=\"39709c88\" data-element_type=\"column\" data-e-type=\"column\">\n\t\t\t<div class=\"elementor-widget-wrap elementor-element-populated\">\n\t\t\t\t\t\t<div class=\"elementor-element elementor-element-299f7bd0 elementor-widget elementor-widget-image\" data-id=\"299f7bd0\" data-element_type=\"widget\" data-e-type=\"widget\" data-widget_type=\"image.default\">\n\t\t\t\t<div class=\"elementor-widget-container\">\n\t\t\t\t\t\t\t\t\t\t\t\t\t\t\t<img decoding=\"async\" width=\"326\" height=\"301\" src=\"https:\/\/compassion.ch\/wp-content\/uploads\/2023\/11\/interaction_logo-2.png\" class=\"attachment-full size-full wp-image-489948\" alt=\"\" srcset=\"https:\/\/compassion.ch\/wp-content\/uploads\/2023\/11\/interaction_logo-2.png 326w, https:\/\/compassion.ch\/wp-content\/uploads\/2023\/11\/interaction_logo-2-300x277.png 300w\" sizes=\"(max-width: 326px) 100vw, 326px\" \/>\t\t\t\t\t\t\t\t\t\t\t\t\t\t\t<\/div>\n\t\t\t\t<\/div>\n\t\t\t\t<div class=\"elementor-element elementor-element-6ef6777a elementor-widget elementor-widget-heading\" data-id=\"6ef6777a\" data-element_type=\"widget\" data-e-type=\"widget\" data-widget_type=\"heading.default\">\n\t\t\t\t<div class=\"elementor-widget-container\">\n\t\t\t\t\t<h3 class=\"elementor-heading-title elementor-size-default\">Interaction<\/h3>\t\t\t\t<\/div>\n\t\t\t\t<\/div>\n\t\t\t\t<div class=\"elementor-element elementor-element-79fefc1c elementor-widget-divider--view-line elementor-widget elementor-widget-divider\" data-id=\"79fefc1c\" data-element_type=\"widget\" data-e-type=\"widget\" data-widget_type=\"divider.default\">\n\t\t\t\t<div class=\"elementor-widget-container\">\n\t\t\t\t\t\t\t<div class=\"elementor-divider\">\n\t\t\t<span class=\"elementor-divider-separator\">\n\t\t\t\t\t\t<\/span>\n\t\t<\/div>\n\t\t\t\t\t\t<\/div>\n\t\t\t\t<\/div>\n\t\t\t\t<div class=\"elementor-element elementor-element-12c315ea elementor-widget elementor-widget-text-editor\" data-id=\"12c315ea\" data-element_type=\"widget\" data-e-type=\"widget\" data-widget_type=\"text-editor.default\">\n\t\t\t\t<div class=\"elementor-widget-container\">\n\t\t\t\t\t\t\t\t\t<p>Compassion \u00e8 membro di\u00a0<span style=\"text-decoration: underline;\"><a href=\"https:\/\/www.interaction-schweiz.ch\/home\/\" target=\"_blank\" rel=\"noopener\">Interaction (IA)<\/a><\/span>, un&#8217;associazione di agenzie di aiuto cristiane e di organizzazioni che si occupano di cooperazione allo sviluppo. L&#8217;IA si considera una comunit\u00e0 di apprendimento delle opere della Svizzera tedesca e francese e un centro di competenza dell&#8217;Alleanza Evangelica Svizzera nei settori della cooperazione allo sviluppo, dell&#8217;aiuto d&#8217;urgenza e della sensibilizzazione.<\/p>\t\t\t\t\t\t\t\t<\/div>\n\t\t\t\t<\/div>\n\t\t\t\t\t<\/div>\n\t\t<\/div>\n\t\t\t\t\t<\/div>\n\t\t<\/section>\n\t\t\t\t\t<\/div>\n\t\t<\/div>\n\t\t\t\t\t<\/div>\n\t\t<\/section>\n\t\t\t\t<\/div>\n\t\t","protected":false},"excerpt":{"rendered":"<p>FINANZE L\u2019uso corretto delle risorse finanziarie \u00e8 un argomento importante e delicato per ogni organizzazione di beneficenza.Compassion garantisce che almeno l&#8217;80% delle donazioni andr\u00e0 a beneficio dei bambini sostenuti.La nostra ONG \u00e8 sottoposta ogni anno a pi\u00f9 controlli e audit<span class=\"excerpt_more\">&#8230;<\/span><\/p>\n","protected":false},"author":8,"featured_media":0,"parent":0,"menu_order":0,"comment_status":"closed","ping_status":"closed","template":"elementor_header_footer","meta":{"give_campaign_id":0,"footnotes":""},"class_list":["post-489965","page","type-page","status-publish","hentry"],"campaignId":"","_links":{"self":[{"href":"https:\/\/compassion.ch\/it\/wp-json\/wp\/v2\/pages\/489965","targetHints":{"allow":["GET"]}}],"collection":[{"href":"https:\/\/compassion.ch\/it\/wp-json\/wp\/v2\/pages"}],"about":[{"href":"https:\/\/compassion.ch\/it\/wp-json\/wp\/v2\/types\/page"}],"author":[{"embeddable":true,"href":"https:\/\/compassion.ch\/it\/wp-json\/wp\/v2\/users\/8"}],"replies":[{"embeddable":true,"href":"https:\/\/compassion.ch\/it\/wp-json\/wp\/v2\/comments?post=489965"}],"version-history":[{"count":0,"href":"https:\/\/compassion.ch\/it\/wp-json\/wp\/v2\/pages\/489965\/revisions"}],"wp:attachment":[{"href":"https:\/\/compassion.ch\/it\/wp-json\/wp\/v2\/media?parent=489965"}],"curies":[{"name":"wp","href":"https:\/\/api.w.org\/{rel}","templated":true}]}}