{"id":13577,"date":"2016-07-28T17:21:41","date_gmt":"2016-07-28T15:21:41","guid":{"rendered":"https:\/\/compassion.ch\/offrir\/"},"modified":"2019-10-24T08:24:30","modified_gmt":"2019-10-24T06:24:30","slug":"offrire","status":"publish","type":"page","link":"https:\/\/compassion.ch\/it\/offrire\/","title":{"rendered":"Offrire un regalo"},"content":{"rendered":"<div id=\"pl-13577\"  class=\"panel-layout\" ><div class=\"section section_full_width\" ><div id=\"pg-13577-0\"  class=\"panel-grid panel-no-style\" ><div id=\"pgc-13577-0-0\"  class=\"panel-grid-cell\" ><div id=\"panel-13577-0-0-0\" class=\"so-panel widget widget_image-slider panel-first-child panel-last-child\" data-index=\"0\" ><div\n\t\t\t\n\t\t\tclass=\"so-widget-image-slider so-widget-image-slider-image-slider-style-d75171398898-13577\"\n\t\t\t\n\t\t>\n<div class=\"slick-slider slick-carousel slick-style-head\" data-slickSlides=\"1\" data-slickScroll=\"1\" data-slickArrows=\"true\" data-slickDots=\"true\">\n\n  \n  <div class=\"slide\">\n    <div class=\"slide-image position-center\" style=\"background-image: url(https:\/\/compassion.ch\/wp-content\/uploads\/2016\/07\/KTHIES-40.jpg);\"><\/div>\n    <div class=\"slide-content-wrapper\">\n      <div class=\"slide-content\">\n        <h1>Rendere un bambino felice<\/h1>\n<p class=\"quote\"><\/p>      <\/div>\n    <\/div>\n  <\/div>\n\n  \n<\/div>\n<\/div><\/div><\/div><\/div><\/div><div class=\"section background-beige-gradient background-beige section_abgerissen_oben has_breadcrumb\" ><div class=\"row section_breadcrumb\"><ul id=\"breadcrumbs\" class=\"breadcrumbs\"><li class=\"item-home\"><a class=\"bread-link bread-home\" href=\"https:\/\/compassion.ch\/it\/\" title=\"Home\">Home<\/a><\/li><li class=\"separator separator-home\"> <span class=\"triangle\"><\/span> <\/li><\/ul><\/div><div class=\"row section_row\"><div id=\"pg-13577-1\"  class=\"panel-grid panel-no-style\" ><div id=\"pgc-13577-1-0\"  class=\"panel-grid-cell\" ><div id=\"panel-13577-1-0-0\" class=\"so-panel widget widget_sow-editor panel-first-child\" data-index=\"1\" ><div\n\t\t\t\n\t\t\tclass=\"so-widget-sow-editor so-widget-sow-editor-base\"\n\t\t\t\n\t\t>\n<div class=\"siteorigin-widget-tinymce textwidget\">\n\t<h2 class=\"text-uppercase\" style=\"text-align: center;\">Non solo il sostegno, ma anche i regali<\/h2>\n<p class=\"subtitle\" style=\"text-align: center;\">Siamo certi che comprenderete che purtroppo non possiamo spedire pacchetti o regali direttamente ai bambini. I costi di spedizione spesso superano il valore di acquisto del regalo. Inoltre, \u00e8 meglio effettuare un versamento per un regalo in modo da sostenere l\u2019economia locale. Il regalo verr\u00e0 acquistato sul posto, dai responsabili del Centro, dopo aver consultato il bambino e la sua famiglia sugli acquisti necessari. Con il dono in forma di denaro, il bambino ricever\u00e0 nuovi vestiti, una capra, o altre cose che saranno molto utili. I doni in forma di denaro sono facoltativi.<\/p>\n<\/div>\n<\/div><\/div><div id=\"panel-13577-1-0-1\" class=\"so-panel widget widget_siteorigin-panels-builder panel-last-child\" data-index=\"2\" ><div id=\"pl-w5db1439ef0191\"  class=\"panel-layout\" ><div class=\"section section_full_width\" ><div id=\"pg-w5db1439ef0191-0\"  class=\"panel-grid panel-no-style\" ><div id=\"pgc-w5db1439ef0191-0-0\"  class=\"panel-grid-cell\" ><div id=\"panel-w5db1439ef0191-0-0-0\" class=\"so-panel widget widget_teaser-box panel-first-child\" data-index=\"0\" ><div\n\t\t\t\n\t\t\tclass=\"so-widget-teaser-box so-widget-teaser-box-teaser-box-style-d75171398898\"\n\t\t\t\n\t\t><div class=\"teaser-box\">\n  <div class=\"image position-\" style=\"background-image: url(https:\/\/compassion.ch\/wp-content\/uploads\/2016\/07\/familiengeschenk_kl.jpg);\"><\/div>\n  <h4 class=\"svg-divider\">Regalo per la famiglia <br \/> da CHF 25.- a CHF 1000.-  per anno<\/h4>\n  <p>Avete la possibilit\u00e0 di fare un regalo alla famiglia del vostro bambino. Per questo, ogni anno, vi inviamo un bollettino di versamento denominato \"regalo famiglia\". Con l'aiuto di un responsabile del Centro Compassion, la famiglia del vostro bambino ricever\u00e0 consigli e informazioni su come il denaro potr\u00e0 essere meglio utilizzato. Questi doni, sono sempre una grande benedizione per l\u2019intera famiglia, che potr\u00e0 acquistare attrezzature agricole, bestiame, materiale per migliorare la qualit\u00e0 di vita in casa ecc.<\/p>\n<p><a id=\"#\" href=\"\/it\/formulario-per-regalo\/#fonds=gift_family\" class=\"button button-blue button-medium\">Fai un regalo ora<\/a><\/p>\n<\/div>\n<\/div><\/div><div id=\"panel-w5db1439ef0191-0-0-1\" class=\"so-panel widget widget_teaser-box panel-last-child\" data-index=\"1\" ><div\n\t\t\t\n\t\t\tclass=\"so-widget-teaser-box so-widget-teaser-box-teaser-box-style-d75171398898\"\n\t\t\t\n\t\t><div class=\"teaser-box\">\n  <div class=\"image position-\" style=\"background-image: url(https:\/\/compassion.ch\/wp-content\/uploads\/2016\/07\/projektgeschenk_kl.jpg);\"><\/div>\n  <h4 class=\"svg-divider\">Regalo per il Centro Compassion  <br \/>da CHF 100.- a CHF 2000.-  per anno<\/h4>\n  <p>Avete la possibilit\u00e0 di fare un regalo al Centro Compassion del vostro bambino. Questo dono andr\u00e0 a beneficio sia del vostro bambino, sia di tutti i bambini che visitano il Centro regolarmente. Con questa donazione (materiale didattico, computer, mobili nuovi, ecc.) potrete migliorare la vita dei bambini e il lavoro dei dipendenti Compassion locali.<\/p>\n<p><a id=\"#\" href=\"\/it\/formulario-per-regalo\/#fonds=gift_project\" class=\"button button-blue button-medium\">Fai un regalo ora<\/a><\/p>\n<\/div>\n<\/div><\/div><\/div><div id=\"pgc-w5db1439ef0191-0-1\"  class=\"panel-grid-cell\" ><div id=\"panel-w5db1439ef0191-0-1-0\" class=\"so-panel widget widget_teaser-box panel-first-child\" data-index=\"2\" ><div\n\t\t\t\n\t\t\tclass=\"so-widget-teaser-box so-widget-teaser-box-teaser-box-style-d75171398898\"\n\t\t\t\n\t\t><div class=\"teaser-box\">\n  <div class=\"image position-\" style=\"background-image: url(https:\/\/compassion.ch\/wp-content\/uploads\/2016\/07\/geburtstagsgeschenk3_fertig.png);\"><\/div>\n  <h4 class=\"svg-divider\">Regalo di compleanno <br \/> da CHF 20.- a CHF 100.-  <\/h4>\n  <p>Per il compleanno del vostro bambino, avete la possibilit\u00e0 di fare un regalo pi\u00f9 personale.<\/p>\n<p>Per questo, ogni anno, vi inviamo un bollettino di versamento denominato \"regalo di compleanno\", che \u00e8 specifico per il bambino da voi sostenuto. Si consiglia di effettuare il pagamento, e di scrivere la lettera di auguri, circa 3\u00a0mesi\u00a0in anticipo rispetto alla data del compleanno (vi invieremo un e-mail di promemoria) per essere sicuri che il vostro bambino riceva il dono in tempo.<\/p>\n<p>Spesso, i bambini scrivono lettere di ringraziamento, specificando l\u2019acquisto effettuato con il regalo di compleanno.<\/p>\n<p><a id=\"#\" href=\"\/it\/formulario-per-regalo\/#fonds=gift_birthday\" class=\"button button-blue button-medium\">Fai un regalo ora<\/a><\/p>\n<\/div>\n<\/div><\/div><div id=\"panel-w5db1439ef0191-0-1-1\" class=\"so-panel widget widget_teaser-box panel-last-child\" data-index=\"3\" ><div\n\t\t\t\n\t\t\tclass=\"so-widget-teaser-box so-widget-teaser-box-teaser-box-style-d75171398898\"\n\t\t\t\n\t\t><div class=\"teaser-box\">\n  <div class=\"image position-\" style=\"background-image: url(https:\/\/compassion.ch\/wp-content\/uploads\/2016\/07\/allgemeinesgeschenk4.jpg);\"><\/div>\n  <h4 class=\"svg-divider\">Regalo generale <br \/>da CHF 20.- a CHF 100.-  per anno<\/h4>\n  <p>Volete fare un regalo aggiuntivo al vostro bambino? Ogni anno, vi inviamo un bollettino di versamento \u201cgenerico\u201d proprio per questo. \u00c8 possibile sfruttare questa opportunit\u00e0 senza un motivo particolare, giusto per fare un dono al vostro bambino. Si pu\u00f2 fare un regalo al bambino sostenuto, alla famiglia spontaneamente, o quando si riceve una notizia negativa (malattia, catastrofe climatica, ecc.).<\/p>\n<p><a id=\"#\" href=\"\/it\/formulario-per-regalo\/#fonds=gift_gen\" class=\"button button-blue button-medium\">Fai un regalo ora<\/a><\/p>\n<\/div>\n<\/div><\/div><\/div><\/div><\/div><\/div><\/div><\/div><\/div><\/div><\/div><\/div>","protected":false},"excerpt":{"rendered":"<p>Non solo il sostegno, ma anche i regali Siamo certi che comprenderete che purtroppo non possiamo spedire pacchetti o regali direttamente ai bambini. I costi di spedizione spesso superano il valore di acquisto del regalo. Inoltre, \u00e8 meglio effettuare un<span class=\"excerpt_more\">&#8230;<\/span><\/p>\n","protected":false},"author":8,"featured_media":0,"parent":0,"menu_order":0,"comment_status":"closed","ping_status":"closed","template":"","meta":{"give_campaign_id":0,"footnotes":""},"class_list":["post-13577","page","type-page","status-publish","hentry"],"campaignId":"","_links":{"self":[{"href":"https:\/\/compassion.ch\/it\/wp-json\/wp\/v2\/pages\/13577","targetHints":{"allow":["GET"]}}],"collection":[{"href":"https:\/\/compassion.ch\/it\/wp-json\/wp\/v2\/pages"}],"about":[{"href":"https:\/\/compassion.ch\/it\/wp-json\/wp\/v2\/types\/page"}],"author":[{"embeddable":true,"href":"https:\/\/compassion.ch\/it\/wp-json\/wp\/v2\/users\/8"}],"replies":[{"embeddable":true,"href":"https:\/\/compassion.ch\/it\/wp-json\/wp\/v2\/comments?post=13577"}],"version-history":[{"count":0,"href":"https:\/\/compassion.ch\/it\/wp-json\/wp\/v2\/pages\/13577\/revisions"}],"wp:attachment":[{"href":"https:\/\/compassion.ch\/it\/wp-json\/wp\/v2\/media?parent=13577"}],"curies":[{"name":"wp","href":"https:\/\/api.w.org\/{rel}","templated":true}]}}