{"id":13130,"date":"2017-01-27T08:45:59","date_gmt":"2017-01-27T07:45:59","guid":{"rendered":"https:\/\/compassion.ch\/?page_id=13130\/"},"modified":"2023-06-26T15:42:46","modified_gmt":"2023-06-26T13:42:46","slug":"scrivere","status":"publish","type":"page","link":"https:\/\/compassion.ch\/it\/scrivere\/","title":{"rendered":"Scrivere"},"content":{"rendered":"<div id=\"pl-13130\"  class=\"panel-layout\" ><div class=\"section section_full_width\" ><div id=\"pg-13130-0\"  class=\"panel-grid panel-no-style\" ><div id=\"pgc-13130-0-0\"  class=\"panel-grid-cell\" ><div id=\"panel-13130-0-0-0\" class=\"so-panel widget widget_image-slider panel-first-child panel-last-child\" data-index=\"0\" ><div\n\t\t\t\n\t\t\tclass=\"so-widget-image-slider so-widget-image-slider-image-slider-style-d75171398898-13130\"\n\t\t\t\n\t\t>\n<div class=\"slick-slider slick-carousel slick-style-head\" data-slickSlides=\"1\" data-slickScroll=\"1\" data-slickArrows=\"true\" data-slickDots=\"true\">\n\n  \n  <div class=\"slide\">\n    <div class=\"slide-image position-center\" style=\"background-image: url(https:\/\/compassion.ch\/wp-content\/uploads\/2016\/03\/compassion_write-1.jpg);\"><\/div>\n    <div class=\"slide-content-wrapper\">\n      <div class=\"slide-content\">\n        <h1>Scrivere<\/h1>\n<p class=\"quote\">Scrivete una lettera al vostro bambino online.<\/p>      <\/div>\n    <\/div>\n  <\/div>\n\n  \n<\/div>\n<\/div><\/div><\/div><\/div><\/div><div class=\"section background-blue section_abgerissen_unten section_abgerissen_oben remove_margin_bottom section_full_width has_breadcrumb\" ><div class=\"row section_breadcrumb\"><ul id=\"breadcrumbs\" class=\"breadcrumbs\"><li class=\"item-home\"><a class=\"bread-link bread-home\" href=\"https:\/\/compassion.ch\/it\/\" title=\"Home\">Home<\/a><\/li><li class=\"separator separator-home\"> <span class=\"triangle\"><\/span> <\/li><\/ul><\/div><div id=\"pg-13130-1\"  class=\"panel-grid panel-no-style\" ><div id=\"pgc-13130-1-0\"  class=\"panel-grid-cell panel-grid-cell-empty\" ><\/div><div id=\"pgc-13130-1-1\"  class=\"panel-grid-cell panel-grid-cell-mobile-last\" ><div id=\"panel-13130-1-1-0\" class=\"so-panel widget widget_sow-editor panel-first-child\" data-index=\"1\" ><div\n\t\t\t\n\t\t\tclass=\"so-widget-sow-editor so-widget-sow-editor-base\"\n\t\t\t\n\t\t>\n<div class=\"siteorigin-widget-tinymce textwidget\">\n\t<h4 style=\"text-align: center;\">Ogni lettera significa speranza, sostegno, incoraggiamento e amore in una busta.<\/h4>\n<p class=\"subtitle\" style=\"text-align: center;\">Puoi scrivere le tue lettere tramite MyCompassion. Qui troverai anche il tuo precedente scambio di corrispondenza con il bambino che sostieni, le tue donazioni e molto altro.<\/p>\n<\/div>\n<\/div><\/div><div id=\"panel-13130-1-1-1\" class=\"so-panel widget widget_widget-button panel-last-child\" data-index=\"2\" ><div\n\t\t\t\n\t\t\tclass=\"so-widget-widget-button so-widget-widget-button-widget-button-style-d75171398898-13130\"\n\t\t\t\n\t\t>\n  <div class=\"button-center-wrapper\">\n\n<a href=\" https:\/\/mycompassion.ch\/it_IT\/web\/login?redirect=https%3A%2F%2Fmycompassion.ch%2Fmy%2Fletter\" class=\"button button-beige button-center button-medium\">SCRIVI ONLINE ORA<\/a>\n\n  <\/div>\n<\/div><\/div><\/div><div id=\"pgc-13130-1-2\"  class=\"panel-grid-cell panel-grid-cell-empty\" ><\/div><\/div><\/div><\/div><div class=\"section remove_margin_bottom section_full_width\" ><div id=\"pg-13130-2\"  class=\"panel-grid panel-no-style\" ><div id=\"pgc-13130-2-0\"  class=\"panel-grid-cell\" ><div id=\"panel-13130-2-0-0\" class=\"so-panel widget widget_image-slider panel-first-child panel-last-child\" data-index=\"3\" ><div\n\t\t\t\n\t\t\tclass=\"so-widget-image-slider so-widget-image-slider-image-slider-style-d75171398898-13130\"\n\t\t\t\n\t\t>\n<div class=\"slick-slider slick-carousel \" data-slickSlides=\"1\" data-slickScroll=\"1\" data-slickArrows=\"true\" data-slickDots=\"true\">\n\n  \n  <div class=\"slide\">\n    <div class=\"slide-image position-center\" style=\"background-image: url(https:\/\/compassion.ch\/wp-content\/uploads\/2016\/03\/schreiben_2.jpg);\"><\/div>\n    <div class=\"slide-content-wrapper\">\n      <div class=\"slide-content\">\n              <\/div>\n    <\/div>\n  <\/div>\n\n  \n<\/div>\n<\/div><\/div><\/div><\/div><\/div><div class=\"section background-beige section_abgerissen_oben remove_margin_bottom section_gradient_unten\" ><div class=\"row section_row\"><div id=\"pg-13130-3\"  class=\"panel-grid panel-has-style\" ><div id=\"conseil\" class=\"panel-row-style panel-row-style-for-13130-3\" ><div id=\"pgc-13130-3-0\"  class=\"panel-grid-cell panel-grid-cell-empty\" ><\/div><div id=\"pgc-13130-3-1\"  class=\"panel-grid-cell panel-grid-cell-mobile-last\" ><div id=\"panel-13130-3-1-0\" class=\"so-panel widget widget_sow-editor panel-first-child\" data-index=\"4\" ><div\n\t\t\t\n\t\t\tclass=\"so-widget-sow-editor so-widget-sow-editor-base\"\n\t\t\t\n\t\t>\n<div class=\"siteorigin-widget-tinymce textwidget\">\n\t<p class=\"subtitle\">Potete immaginare che i bambini conservino le lettere dei loro sostenitori per diversi anni, custodendole come un tesoro prezioso? Alcuni di loro le rileggono cos\u00ec frequentemente che la carta diventa completamente usurata.\n<\/p>\n<p>Scrivete al vostro bambino il pi\u00f9 possibile! Cogliete questa occasione per poterlo incoraggiare e sottolineare il suo valore. La povert\u00e0 comunica al bambino una sensazione di inutilit\u00e0 e di disperazione. Sono le vostre lettere a trasmettere un messaggio differente. Queste daranno al vostro bambino una visione diversa della vita e lo incoraggeranno ad affrontare le sfide quotidiane e a perseverare.<br \/>\nCi sono due modi per scrivere al vostro bambino e coltivare il rapporto con lui<br \/>\n<strong>1. Una lettera online che scrivi dal tuo spazio \"MyCompassion\" o attraverso la APP Compassion<\/strong><br \/>\n<strong>2. La lettera cartacea, che potete inviare per posta al nostro ufficio.<\/strong><\/p>\n<\/div>\n<\/div><\/div><div id=\"panel-13130-3-1-1\" class=\"so-panel widget widget_accordion-widget panel-last-child\" data-index=\"5\" ><div\n\t\t\t\n\t\t\tclass=\"so-widget-accordion-widget so-widget-accordion-widget-accordion-widget-style-d75171398898-13130\"\n\t\t\t\n\t\t>\n<ul class=\"accordion\" data-accordion data-allow-all-closed=\"true\">\n\t\n\t<li class=\"accordion-item \" data-accordion-item>\n    <a class=\"accordion-title\"><span class=\"text\">Scrivere on-line, come funziona?<\/span><\/a>\n    <div class=\"accordion-content\" data-tab-content>\n       <p>Il sostegno pu\u00f2 davvero cambiare la vita in un bambino. Per questo motivo incoraggiamo il contatto tra i bambini e i loro sostenitori. La corrispondenza \u00e8 un ottimo strumento. Una breve e semplice lettera \u00e8 meglio di nessuna lettera. Pertanto, vi offriamo l'opportunit\u00e0 di scrivere on-line e utilizzare alcuni modelli di carta da lettere digitali. Sentitevi liberi di scrivere direttamente in inglese o francese (per i Paesi di lingua francese), questo ci far\u00e0 risparmiare tempo nel lavoro di traduzione e accelerer\u00e0 le tempistiche per il recapito della vostra lettera al bambino.<\/p>    <\/div>\n\t<\/li>\n\n\n\t<li class=\"accordion-item \" data-accordion-item>\n    <a class=\"accordion-title\"><span class=\"text\">Perch\u00e9 dovrei scrivere al mio bambino?<\/span><\/a>\n    <div class=\"accordion-content\" data-tab-content>\n       <p>Una piccola lettera \u00e8 un buon modo per incoraggiare e stimolare lo sviluppo del bambino. Attraverso la corrispondenza l\u2019autostima del bambino migliora, perch\u00e9 la lettera gli trasmette che ha valore, che \u00e8 unico e speciale. Per favore per\u00f2, non aspettatevi la \u201cclassica corrispondenza\u201d con il vostro bambino. Generalmente per i piccoli \u00e8 una sfida scrivere una lettera, soprattutto nei Paesi in cui opera Compassion. Spesso per i bambini \u00e8 qualcosa di insolito che qualcuno chieda il loro parere.<\/p><p>Compassion favorisce un atteggiamento diverso, valorizzando i bambini: essi possono scoprire che sono importanti e possono avere una propria opinione. Scrivere lettere \u00e8 parte integrante di questo processo. Le lettere che il vostro bambino scrive, potranno essere le uniche che scriver\u00e0 in tutta la sua vita.<br \/> Per lui ricevere una vostra lettera \u00e8 molto importante. I bambini che vivono in povert\u00e0 sono ricettivi al messaggio che non hanno alcun valore. Quando un sostenitore scrive con il cuore, inviando parole di incoraggiamento come \u201ctu sei prezioso per me, voglio vederti crescere, sono orgoglioso di te.\" l\u2019impatto che queste frasi hanno nel suo sviluppo \u00e8 fondamentale.<\/p><p>Questo \u00e8 il motivo per cui incoraggiamo i sostenitori a scrivere regolarmente e il pi\u00f9 spesso possibile al proprio bambino. Il vostro bambino vi scriver\u00e0 almeno due volte l\u2019anno.<\/p>    <\/div>\n\t<\/li>\n\n\n\t<li class=\"accordion-item \" data-accordion-item>\n    <a class=\"accordion-title\"><span class=\"text\">Perch\u00e9 il mio bambino ci impiega tanto tempo nel rispondermi?<\/span><\/a>\n    <div class=\"accordion-content\" data-tab-content>\n       <p>Fino a poco tempo fa lo scambio di corrispondenza tra sostenitori e bambini avveniva tramite posta ordinaria. Le lettere venivano tradotte dall\u2019italiano all\u2019inglese\/francese o viceversa e spedite. L\u2019 intero processo richiedeva dai 2 ai 3 mesi.<\/p><p>Compassion International attualmente sta lavorando sullo scambio di corrispondenza digitale. Questo significa che in futuro le lettere saranno trasmesse a voi e al vostro bambino pi\u00f9 velocemente. Allo stato attuale, questo processo di cambiamento purtroppo crea qualche problema, ma stiamo lavorando per risolverli il pi\u00f9 rapidamente possibile.<\/p><p>Ecco qual \u00e8 stato il percorso della vostra lettera fino a oggi:<br \/> Scrivevate la lettera.<\/p><p>La lettera arrivava nei nostri uffici.<\/p><p>La inviavamo, insieme alle lettere degli altri sostenitori, alla sede centrale, che le smistava e le ordinava.<\/p><p>La lettera veniva poi spedita nel Paese del vostro bambino, dove veniva tradotta nella lingua locale\u00a0 e successivamente trasmessa al Centro Compassion appropriato. <br \/> <br \/> Quando era il bambino a scrivere, il percorso della lettera era lo stesso, ma al contrario.<\/p>    <\/div>\n\t<\/li>\n\n\n\t<li class=\"accordion-item \" data-accordion-item>\n    <a class=\"accordion-title\"><span class=\"text\">Che cosa devo considerare quando scrivo al bambino?<\/span><\/a>\n    <div class=\"accordion-content\" data-tab-content>\n       <p>Vi chiediamo di essere sensibili e comprensivi della cultura del bambino che sostenete e di non sovraccaricarlo troppo. Quando inviate delle foto, non mettete troppo in evidenza la ricchezza, come spiagge chic, persone in costume da bagno, auto costose\u00a0ecc.<\/p><p>Soprattutto nei Paesi musulmani, certe cose che per noi sono normali potrebbero offendere la sensibilit\u00e0 e portare a malcontento.<br \/> La lettera non deve essere eccessivamente piena di contenuti. Ponete domande semplici e scrivete in modo semplice e chiaro, adatto a un bambino.<\/p>    <\/div>\n\t<\/li>\n\n<\/ul>\n<\/div><\/div><\/div><div id=\"pgc-13130-3-2\"  class=\"panel-grid-cell panel-grid-cell-empty\" ><\/div><\/div><\/div><\/div><\/div><div class=\"section section_full_width\" ><div id=\"pg-13130-4\"  class=\"panel-grid panel-no-style\" ><div id=\"pgc-13130-4-0\"  class=\"panel-grid-cell\" ><div id=\"panel-13130-4-0-0\" class=\"so-panel widget widget_image-slider panel-first-child panel-last-child\" data-index=\"6\" ><div\n\t\t\t\n\t\t\tclass=\"so-widget-image-slider so-widget-image-slider-image-slider-style-d75171398898-13130\"\n\t\t\t\n\t\t>\n<div class=\"slick-slider slick-carousel \" data-slickSlides=\"1\" data-slickScroll=\"1\" data-slickArrows=\"true\" data-slickDots=\"true\">\n\n  \n  <div class=\"slide\">\n    <div class=\"slide-image position-center\" style=\"background-image: url(https:\/\/compassion.ch\/wp-content\/uploads\/2016\/07\/KTHIES-85-e1469624622751.jpg);\"><\/div>\n    <div class=\"slide-content-wrapper\">\n      <div class=\"slide-content\">\n              <\/div>\n    <\/div>\n  <\/div>\n\n  \n<\/div>\n<\/div><\/div><\/div><\/div><\/div><\/div>","protected":false},"excerpt":{"rendered":"<p>Ogni lettera significa speranza, sostegno, incoraggiamento e amore in una busta. Puoi scrivere le tue lettere tramite MyCompassion. Qui troverai anche il tuo precedente scambio di corrispondenza con il bambino che sostieni, le tue donazioni e molto altro.<\/p>\n","protected":false},"author":8,"featured_media":0,"parent":0,"menu_order":0,"comment_status":"closed","ping_status":"closed","template":"","meta":{"give_campaign_id":0,"footnotes":""},"class_list":["post-13130","page","type-page","status-publish","hentry"],"campaignId":"","_links":{"self":[{"href":"https:\/\/compassion.ch\/it\/wp-json\/wp\/v2\/pages\/13130","targetHints":{"allow":["GET"]}}],"collection":[{"href":"https:\/\/compassion.ch\/it\/wp-json\/wp\/v2\/pages"}],"about":[{"href":"https:\/\/compassion.ch\/it\/wp-json\/wp\/v2\/types\/page"}],"author":[{"embeddable":true,"href":"https:\/\/compassion.ch\/it\/wp-json\/wp\/v2\/users\/8"}],"replies":[{"embeddable":true,"href":"https:\/\/compassion.ch\/it\/wp-json\/wp\/v2\/comments?post=13130"}],"version-history":[{"count":0,"href":"https:\/\/compassion.ch\/it\/wp-json\/wp\/v2\/pages\/13130\/revisions"}],"wp:attachment":[{"href":"https:\/\/compassion.ch\/it\/wp-json\/wp\/v2\/media?parent=13130"}],"curies":[{"name":"wp","href":"https:\/\/api.w.org\/{rel}","templated":true}]}}