{"id":13010,"date":"2017-01-26T09:27:14","date_gmt":"2017-01-26T08:27:14","guid":{"rendered":"https:\/\/compassion.ch\/?page_id=13010\/"},"modified":"2017-01-26T09:46:04","modified_gmt":"2017-01-26T08:46:04","slug":"gesu-al-centro","status":"publish","type":"page","link":"https:\/\/compassion.ch\/it\/gesu-al-centro\/","title":{"rendered":"Ges\u00f9 al centro"},"content":{"rendered":"<div id=\"pl-13010\"  class=\"panel-layout\" ><div class=\"section background-blue section_abgerissen_unten remove_margin_bottom has_breadcrumb\" ><div class=\"row section_breadcrumb\"><ul id=\"breadcrumbs\" class=\"breadcrumbs\"><li class=\"item-home\"><a class=\"bread-link bread-home\" href=\"https:\/\/compassion.ch\/it\/\" title=\"Home\">Home<\/a><\/li><li class=\"separator separator-home\"> <span class=\"triangle\"><\/span> <\/li><\/ul><\/div><div class=\"row section_row\"><div id=\"pg-13010-0\"  class=\"panel-grid panel-no-style\" ><div id=\"pgc-13010-0-0\"  class=\"panel-grid-cell panel-grid-cell-empty\" ><\/div><div id=\"pgc-13010-0-1\"  class=\"panel-grid-cell panel-grid-cell-mobile-last\" ><div id=\"panel-13010-0-1-0\" class=\"so-panel widget widget_sow-editor panel-first-child panel-last-child\" data-index=\"0\" ><div\n\t\t\t\n\t\t\tclass=\"so-widget-sow-editor so-widget-sow-editor-base\"\n\t\t\t\n\t\t>\n<div class=\"siteorigin-widget-tinymce textwidget\">\n\t<h2 style=\"text-align: center;\">Ges\u00f9 al centro<\/h2>\n<p class=\"quote subtitle\" style=\"text-align: center;\">Nei nostri Centri i collaboratori vivono i valori cristiani che condividono con i bambini. Ges\u00f9 \u00e8 il nostro esempio in tutto quello che a loro trasmettiamo.<\/p>\n<\/div>\n<\/div><\/div><\/div><div id=\"pgc-13010-0-2\"  class=\"panel-grid-cell panel-grid-cell-empty\" ><\/div><\/div><\/div><\/div><div class=\"section background-beige remove_margin_bottom\" ><div class=\"row section_row\"><div id=\"pg-13010-1\"  class=\"panel-grid panel-no-style\" ><div id=\"pgc-13010-1-0\"  class=\"panel-grid-cell\" ><div id=\"panel-13010-1-0-0\" class=\"so-panel widget widget_image-slider panel-first-child\" data-index=\"1\" ><div\n\t\t\t\n\t\t\tclass=\"so-widget-image-slider so-widget-image-slider-image-slider-style-d75171398898-13010\"\n\t\t\t\n\t\t>\n<div class=\"slick-slider slick-carousel \" data-slickSlides=\"1\" data-slickScroll=\"1\" data-slickArrows=\"true\" data-slickDots=\"true\">\n\n  \n  <div class=\"slide\">\n    <div class=\"slide-image position-center\" style=\"background-image: url(https:\/\/compassion.ch\/wp-content\/uploads\/2016\/03\/jesus_im_zentrum.jpg);\"><\/div>\n    <div class=\"slide-content-wrapper\">\n      <div class=\"slide-content\">\n              <\/div>\n    <\/div>\n  <\/div>\n\n  \n<\/div>\n<\/div><\/div><div id=\"panel-13010-1-0-1\" class=\"so-panel widget widget_siteorigin-panels-builder panel-last-child\" data-index=\"2\" ><div id=\"pl-w5889b73192134\"  class=\"panel-layout\" ><div class=\"row section_row\"><div id=\"pg-w5889b73192134-0\"  class=\"panel-grid panel-no-style\" ><div id=\"pgc-w5889b73192134-0-0\"  class=\"panel-grid-cell panel-grid-cell-empty\" ><\/div><div id=\"pgc-w5889b73192134-0-1\"  class=\"panel-grid-cell panel-grid-cell-mobile-last\" ><div id=\"panel-w5889b73192134-0-1-0\" class=\"so-panel widget widget_sow-editor panel-first-child panel-last-child\" data-index=\"0\" ><div\n\t\t\t\n\t\t\tclass=\"so-widget-sow-editor so-widget-sow-editor-base\"\n\t\t\t\n\t\t>\n<div class=\"siteorigin-widget-tinymce textwidget\">\n\t<p>Quando i bambini riconoscono che Dio li ama e che sono preziosi, cominciano a crescere anche in altre aree della loro vita. Tuttavia, la confessione della fede non \u00e8 una condizione necessaria per ricevere aiuto in un Centro Compassion! Questo non \u00e8 necessario neanche per i nostri sostenitori. <\/p>\n<p>Quando i bambini provengono da un contesto non cristiano, i genitori vengono informati in anticipo dei valori della chiesa sul posto che gestisce il Centro, accettando questa condizione.<br \/>\nNessun bambino \u00e8 costretto a partecipare ad una certa attivit\u00e0. Ci impegniamo coscientemente come cristiani: \"Vogliamo aiutare, come Ges\u00f9 avrebbe aiutato.\"<\/p>\n<\/div>\n<\/div><\/div><\/div><div id=\"pgc-w5889b73192134-0-2\"  class=\"panel-grid-cell panel-grid-cell-empty\" ><\/div><\/div><\/div><\/div><\/div><\/div><\/div><\/div><\/div><\/div>","protected":false},"excerpt":{"rendered":"<p>Ges\u00f9 al centro Nei nostri Centri i collaboratori vivono i valori cristiani che condividono con i bambini. Ges\u00f9 \u00e8 il nostro esempio in tutto quello che a loro trasmettiamo.<\/p>\n","protected":false},"author":8,"featured_media":0,"parent":0,"menu_order":0,"comment_status":"closed","ping_status":"closed","template":"","meta":{"give_campaign_id":0,"footnotes":""},"class_list":["post-13010","page","type-page","status-publish","hentry"],"campaignId":"","_links":{"self":[{"href":"https:\/\/compassion.ch\/it\/wp-json\/wp\/v2\/pages\/13010","targetHints":{"allow":["GET"]}}],"collection":[{"href":"https:\/\/compassion.ch\/it\/wp-json\/wp\/v2\/pages"}],"about":[{"href":"https:\/\/compassion.ch\/it\/wp-json\/wp\/v2\/types\/page"}],"author":[{"embeddable":true,"href":"https:\/\/compassion.ch\/it\/wp-json\/wp\/v2\/users\/8"}],"replies":[{"embeddable":true,"href":"https:\/\/compassion.ch\/it\/wp-json\/wp\/v2\/comments?post=13010"}],"version-history":[{"count":0,"href":"https:\/\/compassion.ch\/it\/wp-json\/wp\/v2\/pages\/13010\/revisions"}],"wp:attachment":[{"href":"https:\/\/compassion.ch\/it\/wp-json\/wp\/v2\/media?parent=13010"}],"curies":[{"name":"wp","href":"https:\/\/api.w.org\/{rel}","templated":true}]}}