{"id":12354,"date":"2016-03-08T16:49:17","date_gmt":"2016-03-08T15:49:17","guid":{"rendered":"https:\/\/compassion.ch\/?page_id=12354\/"},"modified":"2025-10-07T14:25:25","modified_gmt":"2025-10-07T12:25:25","slug":"sostieni-un-bambino","status":"publish","type":"page","link":"https:\/\/compassion.ch\/it\/sostegno-individuale\/sostieni-un-bambino\/","title":{"rendered":"sostieni un bambino"},"content":{"rendered":"<div id=\"pl-12354\"  class=\"panel-layout\" ><div class=\"section background-blue section_abgerissen_unten section_full_width\" ><div id=\"pg-12354-0\"  class=\"panel-grid panel-no-style\" ><div id=\"pgc-12354-0-0\"  class=\"panel-grid-cell\" ><div id=\"panel-12354-0-0-0\" class=\"so-panel widget widget_sow-editor panel-first-child\" data-index=\"0\" ><div\n\t\t\t\n\t\t\tclass=\"so-widget-sow-editor so-widget-sow-editor-base\"\n\t\t\t\n\t\t>\n<div class=\"siteorigin-widget-tinymce textwidget\">\n\t<h2 style=\"text-align: center;text-transform:uppercase;\">GRAZIE PER AVER SCELTO DI SOSTENERE UN BAMBINO!<\/h2>\n<\/div>\n<\/div><\/div><div id=\"panel-12354-0-0-1\" class=\"so-panel widget widget_sow-editor panel-last-child\" data-index=\"1\" ><div class=\"panel-widget-style panel-widget-style-for-12354-0-0-1\" ><div\n\t\t\t\n\t\t\tclass=\"so-widget-sow-editor so-widget-sow-editor-base\"\n\t\t\t\n\t\t>\n<div class=\"siteorigin-widget-tinymce textwidget\">\n\t<p class=\"subtitle\" style=\"text-align:center;\">330 milioni di bambini nel mondo vivono in estrema povert\u00e0. La povert\u00e0 priva i bambini dei loro diritti fondamentali: imparare, giocare e svilupparsi. Nella sua forma pi\u00f9 grave, la povert\u00e0 porta allo sfruttamento, al lavoro minorile o persino alla morte. Non possiamo accettarlo.<\/p>\n<p class=\"subtitle\" style=\"text-align:center;\">Ecco perch\u00e9 esiste il programma di sostegno a distanza dei bambini di Compassion: s\u00ec, il potere della povert\u00e0 \u00e8 grande, ma la povert\u00e0 non deve avere l'ultima parola.<\/p>\n<p class=\"subtitle\" style=\"text-align:center;\">Con 42.- CHF al mese permetti a un bambino di essere liberato dalla povert\u00e0.<\/p>\n<\/div>\n<\/div><\/div><\/div><\/div><\/div><\/div><\/div><div class=\"section section_full_width\" ><div id=\"pg-12354-1\"  class=\"panel-grid panel-has-style\" ><div class=\"panel-row-style panel-row-style-for-12354-1\" ><div id=\"pgc-12354-1-0\"  class=\"panel-grid-cell\" ><div\n\t\t\t\n\t\t\tclass=\"so-widget-child-pool so-widget-child-pool-child-pool-style-d75171398898-12354\"\n\t\t\t\n\t\t>\n\n\n    <div class=\"row section_row posts-container\" data-equalizer data-equalize-on=\"large\" id=\"test-eq\">\n        <div class=\"row\">\n            <div class=\"filter-box\">\n\n                <h4>Precisare la ricerca<\/h4>\n                <form method=\"get\" action=\"#test-eq\">\n                    <div class=\"row blog-teaser\">\n                        <div class=\"small-12 large-4 column\">\n                            <select name=\"my_gender\" id=\"gender\" class=\"postform\">\n                                <option value=\"\" selected=\"selected\" >Scegliere una bambina o un bambino<\/option>\n                                <option value=\"girl\"  >Bambina<\/option>\n                                <option value=\"boy\"  >Bambino<\/option>\n                            <\/select>\n                        <\/div>\n                        <div class=\"small-12 large-4 column\">\n                            <select name=\"my_age_slot\" id=\"age_slot\" class=\"postform\">\n                                <option value=\"0-50\" selected=\"selected\" >Scegliere un'et\u00e0<\/option>\n                                <option value=\"0-3\"  >0-3 anni<\/option>\n                                <option value=\"4-6\"  >4-6 anni<\/option>\n                                <option value=\"7-10\"  >7-10 anni<\/option>\n                                <option value=\"11-14\"  >11-14 anni<\/option>\n                                <option value=\"15-20\"  >15 anni e al di sopra<\/option>\n                            <\/select>\n                        <\/div>\n                        <div class=\"small-12 large-4 column\">\n                            <select name=\"my_country\" id=\"country\" class=\"postform\" onchange=\"this.form.submit()\">\n                                <option value=\"\" selected=\"selected\" >Scegliere un paese<\/option>\n                                                                    <option value=\"13002\"  >Bangladesh<\/option>\n                                                                    <option value=\"9128\"  >Bolivia<\/option>\n                                                                    <option value=\"9134\"  >Burkina Faso<\/option>\n                                                                    <option value=\"9087\"  >Colombia<\/option>\n                                                                    <option value=\"9110\"  >Ecuador<\/option>\n                                                                    <option value=\"9104\"  >El Salvador<\/option>\n                                                                    <option value=\"8672\"  >Etiopia<\/option>\n                                                                    <option value=\"8714\"  >Filippine<\/option>\n                                                                    <option value=\"9099\"  >Ghana<\/option>\n                                                                    <option value=\"9096\"  >Guatemala<\/option>\n                                                                    <option value=\"9094\"  >Haiti<\/option>\n                                                                    <option value=\"9090\"  >Indonesia<\/option>\n                                                                    <option value=\"8717\"  >Peru<\/option>\n                                                                    <option value=\"8711\"  >Ruanda<\/option>\n                                                                    <option value=\"8708\"  >Sri Lanka<\/option>\n                                                                    <option value=\"8706\"  >Tanzania<\/option>\n                                                                    <option value=\"8040\"  >Togo<\/option>\n                                                                    <option value=\"9142\"  >Uganda<\/option>\n                                                            <\/select>\n                        <\/div>\n                    <\/div>\n                    <div class=\"row button-filter\">\n                        <div class=\"small-12 columns\">\n                            \n                          <!--  <a  class=\"button-medium button float-right trackclick\"\n                                href=\"?recommend1\"><\/a>-->\n                            <input class=\"button-medium button float-right\" type=\"submit\" name=\"submit\" id=\"submitorder\"\n                                   value=\"Cercare\"\/>\n                            <a class=\"button-medium button float-right\"\n                               href=\"https:\/\/compassion.ch\/it\/sostegno-individuale\/sostieni-un-bambino\/\">Resettare la ricerca<\/a>\n\n                            <a class=\"button-medium button float-right trackclick\"\n                               href=\"https:\/\/compassion.ch\/it\/random-child\/\">Scegli per me<\/a>\n\n                        <\/div>\n                    <\/div>\n                <\/form>\n            <\/div>\n        <\/div>\n        \n                <!--\n\n\n\n$thumb = wp_get_attachment_image_src( get_post_thumbnail_id(get_the_id()), 'thumbnail_size' );\n\/\/ModifJK\n$thumb[0] = str_replace('z_0.6','z_0.8,q_70',(str_replace('w_320','w_400',str_replace('h_420','h_400',$thumb[0]))));\n\n-->\n\n<article class=\"column medium-6 large-4 blog-teaser child-teaser child\" data-equalizer-watch>\n  <div class=\"content-wrapper\">\n      <div class=\"thumb_cont\">\n\t  \t\t<a href=\"https:\/\/compassion.ch\/it\/children\/shanto-3\/\">\n\t  \t\t           <img decoding=\"async\" src=\"https:\/\/compassion.ch\/wp-content\/themes\/compassion\/assets\/img\/avatar_b.png\"\n                   \t\t\t<\/a>\n      <\/div>\n    <div class=\"content\" style=\"padding:5px;\">\n      <a href=\"https:\/\/compassion.ch\/it\/children\/shanto-3\/\">\n        <h4 class=\"title svg-divider\">Shanto<\/h4>\n         <ul>\n          <li><!-- -2775 Anni -->21.11.2023 | Bambino | Bangladesh<\/li>\n        <\/ul>\n\n      <\/a>\n      <a class=\"button\" href=\"https:\/\/compassion.ch\/it\/children\/shanto-3\/\">Infos<\/a>\n\n    <\/div>\n\n\n <\/div>\n\n<\/article>\n\n            \n                <!--\n\n\n\n$thumb = wp_get_attachment_image_src( get_post_thumbnail_id(get_the_id()), 'thumbnail_size' );\n\/\/ModifJK\n$thumb[0] = str_replace('z_0.6','z_0.8,q_70',(str_replace('w_320','w_400',str_replace('h_420','h_400',$thumb[0]))));\n\n-->\n\n<article class=\"column medium-6 large-4 blog-teaser child-teaser child\" data-equalizer-watch>\n  <div class=\"content-wrapper\">\n      <div class=\"thumb_cont\">\n\t  \t\t<a href=\"https:\/\/compassion.ch\/it\/children\/rebecca-3\/\">\n\t  \t\t\t\n  \t\t\t<img decoding=\"async\" src=\"https:\/\/compassion.ch\/wp-content\/themes\/compassion\/assets\/img\/avatar_g.png\"\n   \t\t\t   \t\t\t<\/a>\n      <\/div>\n    <div class=\"content\" style=\"padding:5px;\">\n      <a href=\"https:\/\/compassion.ch\/it\/children\/rebecca-3\/\">\n        <h4 class=\"title svg-divider\">Rebecca<\/h4>\n         <ul>\n          <li><!-- 56 Anni -->15.08.2014 | Bambina | Uganda<\/li>\n        <\/ul>\n\n      <\/a>\n      <a class=\"button\" href=\"https:\/\/compassion.ch\/it\/children\/rebecca-3\/\">Infos<\/a>\n\n    <\/div>\n\n\n <\/div>\n\n<\/article>\n\n            \n                <!--\n\n\n\n$thumb = wp_get_attachment_image_src( get_post_thumbnail_id(get_the_id()), 'thumbnail_size' );\n\/\/ModifJK\n$thumb[0] = str_replace('z_0.6','z_0.8,q_70',(str_replace('w_320','w_400',str_replace('h_420','h_400',$thumb[0]))));\n\n-->\n\n<article class=\"column medium-6 large-4 blog-teaser child-teaser child\" data-equalizer-watch>\n  <div class=\"content-wrapper\">\n      <div class=\"thumb_cont\">\n\t  \t\t<a href=\"https:\/\/compassion.ch\/it\/children\/shanita-3\/\">\n\t  \t\t\t\n  \t\t\t<img decoding=\"async\" src=\"https:\/\/compassion.ch\/wp-content\/themes\/compassion\/assets\/img\/avatar_g.png\"\n   \t\t\t   \t\t\t<\/a>\n      <\/div>\n    <div class=\"content\" style=\"padding:5px;\">\n      <a href=\"https:\/\/compassion.ch\/it\/children\/shanita-3\/\">\n        <h4 class=\"title svg-divider\">Shanita<\/h4>\n         <ul>\n          <li><!-- 56 Anni -->15.11.2014 | Bambina | Uganda<\/li>\n        <\/ul>\n\n      <\/a>\n      <a class=\"button\" href=\"https:\/\/compassion.ch\/it\/children\/shanita-3\/\">Infos<\/a>\n\n    <\/div>\n\n\n <\/div>\n\n<\/article>\n\n            \n                <!--\n\n\n\n$thumb = wp_get_attachment_image_src( get_post_thumbnail_id(get_the_id()), 'thumbnail_size' );\n\/\/ModifJK\n$thumb[0] = str_replace('z_0.6','z_0.8,q_70',(str_replace('w_320','w_400',str_replace('h_420','h_400',$thumb[0]))));\n\n-->\n\n<article class=\"column medium-6 large-4 blog-teaser child-teaser child\" data-equalizer-watch>\n  <div class=\"content-wrapper\">\n      <div class=\"thumb_cont\">\n\t  \t\t<a href=\"https:\/\/compassion.ch\/it\/children\/marie-3\/\">\n\t  \t\t\t\n  \t\t\t<img decoding=\"async\" src=\"https:\/\/compassion.ch\/wp-content\/themes\/compassion\/assets\/img\/avatar_g.png\"\n   \t\t\t   \t\t\t<\/a>\n      <\/div>\n    <div class=\"content\" style=\"padding:5px;\">\n      <a href=\"https:\/\/compassion.ch\/it\/children\/marie-3\/\">\n        <h4 class=\"title svg-divider\">Marie<\/h4>\n         <ul>\n          <li><!-- -2775 Anni -->21.11.2023 | Bambina | Togo<\/li>\n        <\/ul>\n\n      <\/a>\n      <a class=\"button\" href=\"https:\/\/compassion.ch\/it\/children\/marie-3\/\">Infos<\/a>\n\n    <\/div>\n\n\n <\/div>\n\n<\/article>\n\n            \n                <!--\n\n\n\n$thumb = wp_get_attachment_image_src( get_post_thumbnail_id(get_the_id()), 'thumbnail_size' );\n\/\/ModifJK\n$thumb[0] = str_replace('z_0.6','z_0.8,q_70',(str_replace('w_320','w_400',str_replace('h_420','h_400',$thumb[0]))));\n\n-->\n\n<article class=\"column medium-6 large-4 blog-teaser child-teaser child\" data-equalizer-watch>\n  <div class=\"content-wrapper\">\n      <div class=\"thumb_cont\">\n\t  \t\t<a href=\"https:\/\/compassion.ch\/it\/children\/gabriel-3\/\">\n\t  \t\t           <img decoding=\"async\" src=\"https:\/\/compassion.ch\/wp-content\/themes\/compassion\/assets\/img\/avatar_b.png\"\n                   \t\t\t<\/a>\n      <\/div>\n    <div class=\"content\" style=\"padding:5px;\">\n      <a href=\"https:\/\/compassion.ch\/it\/children\/gabriel-3\/\">\n        <h4 class=\"title svg-divider\">Gabriel<\/h4>\n         <ul>\n          <li><!-- 56 Anni -->22.09.2023 | Bambino | Togo<\/li>\n        <\/ul>\n\n      <\/a>\n      <a class=\"button\" href=\"https:\/\/compassion.ch\/it\/children\/gabriel-3\/\">Infos<\/a>\n\n    <\/div>\n\n\n <\/div>\n\n<\/article>\n\n            \n                <!--\n\n\n\n$thumb = wp_get_attachment_image_src( get_post_thumbnail_id(get_the_id()), 'thumbnail_size' );\n\/\/ModifJK\n$thumb[0] = str_replace('z_0.6','z_0.8,q_70',(str_replace('w_320','w_400',str_replace('h_420','h_400',$thumb[0]))));\n\n-->\n\n<article class=\"column medium-6 large-4 blog-teaser child-teaser child\" data-equalizer-watch>\n  <div class=\"content-wrapper\">\n      <div class=\"thumb_cont\">\n\t  \t\t<a href=\"https:\/\/compassion.ch\/it\/children\/fernando-3\/\">\n\t  \t\t           <img decoding=\"async\" src=\"https:\/\/compassion.ch\/wp-content\/themes\/compassion\/assets\/img\/avatar_b.png\"\n                   \t\t\t<\/a>\n      <\/div>\n    <div class=\"content\" style=\"padding:5px;\">\n      <a href=\"https:\/\/compassion.ch\/it\/children\/fernando-3\/\">\n        <h4 class=\"title svg-divider\">Fernando<\/h4>\n         <ul>\n          <li><!-- 425 Anni -->14.03.2019 | Bambino | Ecuador<\/li>\n        <\/ul>\n\n      <\/a>\n      <a class=\"button\" href=\"https:\/\/compassion.ch\/it\/children\/fernando-3\/\">Infos<\/a>\n\n    <\/div>\n\n\n <\/div>\n\n<\/article>\n\n                        <\/div>\n\n    <div class=\"row section_row\">\n\n\n        <!-- \t  \t  <div class=\"navigation text-center\"><p><a href=\"https:\/\/compassion.ch\/it\/wp-json\/wp\/v2\/pages\/12354\/page\/2\/\" >Pagina successiva &raquo;<\/a><\/p><\/div> -->\n\n\n        \n\n            <div class=\"button-center-wrapper\">\n\n                <a href=\"#\" class=\"button button-beige button-center button-medium button-load-more\"\n                   data-paged=\"2\" data-maxPages=\"19\"\n                   data-query=\"{&quot;post_type&quot;:&quot;child&quot;,&quot;posts_per_page&quot;:6,&quot;paged&quot;:1,&quot;post_status&quot;:&quot;publish&quot;,&quot;orderby&quot;:&quot;meta_value_num title&quot;,&quot;meta_key&quot;:&quot;_child_start_date&quot;,&quot;order&quot;:&quot;asc&quot;,&quot;meta_query&quot;:{&quot;key&quot;:&quot;_child_reserved&quot;,&quot;value&quot;:&quot;false&quot;,&quot;compare&quot;:&quot;LIKE&quot;}}\">Vedere altri bambini<\/a>\n\n            <\/div>\n\n        \n\n    <\/div>\n<\/div><\/div><\/div><\/div><\/div><div class=\"section section_full_width\" ><div id=\"pg-12354-2\"  class=\"panel-grid panel-no-style\" ><div id=\"pgc-12354-2-0\"  class=\"panel-grid-cell panel-grid-cell-empty\" ><\/div><div id=\"pgc-12354-2-1\"  class=\"panel-grid-cell panel-grid-cell-mobile-last\" ><div id=\"panel-12354-2-1-0\" class=\"so-panel widget widget_sow-headline panel-first-child\" data-index=\"3\" ><div\n\t\t\t\n\t\t\tclass=\"so-widget-sow-headline so-widget-sow-headline-default-2d9d96674c6b-578614\"\n\t\t\t\n\t\t><div class=\"sow-headline-container \">\n\t\t\t\t\t\t\t<h2 class=\"sow-headline\">\n\t\t\t\t\t\tCome funziona\t\t\t\t\t\t<\/h2>\n\t\t\t\t\t\t\t\t\t\t\t\t<h3 class=\"sow-sub-headline\">\n\t\t\t\t\t\tPerch\u00e8 non usare ci\u00f2 che abbiamo oggi per creare qualcosa che durer\u00e0 per sempre? Il tuo sostegno non affronta solo il bisogno attuale dei bambini in povert\u00e0. Lavora con le chiese partner locali, cambia la vita di un bambino e rompe il ciclo della povert\u00e0.\t\t\t\t\t\t<\/h3>\n\t\t\t\t\t\t<\/div>\n<\/div><\/div><div id=\"panel-12354-2-1-1\" class=\"so-panel widget widget_siteorigin-panels-builder panel-last-child\" data-index=\"4\" ><div class=\"childpool_123 panel-widget-style panel-widget-style-for-12354-2-1-1\" ><div id=\"pl-w60cb152b13205\"  class=\"panel-layout\" ><div class=\"section section_full_width\" ><div id=\"pg-w60cb152b13205-0\"  class=\"panel-grid panel-no-style\" ><div id=\"pgc-w60cb152b13205-0-0\"  class=\"panel-grid-cell\" ><div id=\"panel-w60cb152b13205-0-0-0\" class=\"so-panel widget widget_ink-media-box panel-first-child panel-last-child\" data-index=\"0\" ><div\n\t\t\t\n\t\t\tclass=\"so-widget-ink-media-box so-widget-ink-media-box-media-box-0b6158fb503e\"\n\t\t\t\n\t\t>\n<div class=\"iw-so-media-box\">\n\n\t<div class=\"iw-so-media-box-media\">\n\n\t\t\t\t\t<center><img fetchpriority=\"high\" decoding=\"async\" width=\"567\" height=\"439\" src=\"https:\/\/compassion.ch\/wp-content\/uploads\/2021\/06\/sponsorship1.png\" class=\"attachment-full size-full\" alt=\"\" srcset=\"https:\/\/compassion.ch\/wp-content\/uploads\/2021\/06\/sponsorship1.png 567w, https:\/\/compassion.ch\/wp-content\/uploads\/2021\/06\/sponsorship1-300x232.png 300w\" sizes=\"(max-width: 567px) 100vw, 567px\" \/><\/center>\n\t\t\n\t<\/div>\n\n\t<div class=\"iw-so-media-box-text\">\n\n\t\t\t\t\t<h3 class=\"iw-so-media-box-title iw-text-center\">Scegli un bambino<\/h3>\n\t\t\t\t\t\t\t<p class=\"iw-so-media-box-content iw-text-center\">Diventa sostenitore di un bambino, ogni settimana gli darai la possibilit\u00e0 di partecipare ad attivit\u00e0 presso il centro Compassion della chiesa partner locale. Il bambino vivr\u00e0 in un ambiente sicuro e amorevole, dove potr\u00e0 crescere, giocare e scoprire i suoi talenti. \nDove potr\u00e0 essere un bambino.<\/p>\n\t\t\n\t<\/div>\n\n\t<div class=\"iw-so-media-box-button\">\n\n\t\t\n\t<\/div>\n\n<\/div>\n<\/div><\/div><\/div><div id=\"pgc-w60cb152b13205-0-1\"  class=\"panel-grid-cell\" ><div id=\"panel-w60cb152b13205-0-1-0\" class=\"so-panel widget widget_ink-media-box panel-first-child panel-last-child\" data-index=\"1\" ><div\n\t\t\t\n\t\t\tclass=\"so-widget-ink-media-box so-widget-ink-media-box-media-box-0b6158fb503e\"\n\t\t\t\n\t\t>\n<div class=\"iw-so-media-box\">\n\n\t<div class=\"iw-so-media-box-media\">\n\n\t\t\t\t\t<center><img decoding=\"async\" width=\"567\" height=\"439\" src=\"https:\/\/compassion.ch\/wp-content\/uploads\/2021\/06\/sponsorship2.png\" class=\"attachment-full size-full\" alt=\"\" srcset=\"https:\/\/compassion.ch\/wp-content\/uploads\/2021\/06\/sponsorship2.png 567w, https:\/\/compassion.ch\/wp-content\/uploads\/2021\/06\/sponsorship2-300x232.png 300w\" sizes=\"(max-width: 567px) 100vw, 567px\" \/><\/center>\n\t\t\n\t<\/div>\n\n\t<div class=\"iw-so-media-box-text\">\n\n\t\t\t\t\t<h3 class=\"iw-so-media-box-title iw-text-center\">Connettiti con il tuo bambino<\/h3>\n\t\t\t\t\t\t\t<p class=\"iw-so-media-box-content iw-text-center\">Impara a conoscere il bambino scrivendogli delle lettere. Puoi scrivere online o dall\u2019App Compassion. Le tue lettere avranno un forte impatto sulla sua vita. Quando la situazione pandemia si sar\u00e0 calmata di nuovo, potrai anche visitare il bambino che sostieni per conoscerlo di persona! <\/p>\n\t\t\n\t<\/div>\n\n\t<div class=\"iw-so-media-box-button\">\n\n\t\t\n\t<\/div>\n\n<\/div>\n<\/div><\/div><\/div><div id=\"pgc-w60cb152b13205-0-2\"  class=\"panel-grid-cell\" ><div id=\"panel-w60cb152b13205-0-2-0\" class=\"so-panel widget widget_ink-media-box panel-first-child panel-last-child\" data-index=\"2\" ><div\n\t\t\t\n\t\t\tclass=\"so-widget-ink-media-box so-widget-ink-media-box-media-box-0b6158fb503e\"\n\t\t\t\n\t\t>\n<div class=\"iw-so-media-box\">\n\n\t<div class=\"iw-so-media-box-media\">\n\n\t\t\t\t\t<center><img decoding=\"async\" width=\"567\" height=\"439\" src=\"https:\/\/compassion.ch\/wp-content\/uploads\/2021\/06\/sponsorship3.png\" class=\"attachment-full size-full\" alt=\"\" srcset=\"https:\/\/compassion.ch\/wp-content\/uploads\/2021\/06\/sponsorship3.png 567w, https:\/\/compassion.ch\/wp-content\/uploads\/2021\/06\/sponsorship3-300x232.png 300w\" sizes=\"(max-width: 567px) 100vw, 567px\" \/><\/center>\n\t\t\n\t<\/div>\n\n\t<div class=\"iw-so-media-box-text\">\n\n\t\t\t\t\t<h3 class=\"iw-so-media-box-title iw-text-center\">Cambia una vita<\/h3>\n\t\t\t\t\t\t\t<p class=\"iw-so-media-box-content iw-text-center\">Il tuo sostegno a distanza d\u00e0 a un bambino l'opportunit\u00e0 di cambiare la sua vita e di svilupparsi in modo olistico. Creando un legame che \u00e8 pi\u00f9 forte della povert\u00e0. Permetti al bambino di ritrovare la sua dignit\u00e0, di vedere il futuro con speranza, di acquisire competenze e sviluppare talenti, una solida base per la sua vita.<\/p>\n\t\t\n\t<\/div>\n\n\t<div class=\"iw-so-media-box-button\">\n\n\t\t\n\t<\/div>\n\n<\/div>\n<\/div><\/div><\/div><\/div><\/div><\/div><\/div><\/div><\/div><div id=\"pgc-12354-2-2\"  class=\"panel-grid-cell panel-grid-cell-empty\" ><\/div><\/div><\/div><\/div>","protected":false},"excerpt":{"rendered":"<p>GRAZIE PER AVER SCELTO DI SOSTENERE UN BAMBINO! 330 milioni di bambini nel mondo vivono in estrema povert\u00e0. La povert\u00e0 priva i bambini dei loro diritti fondamentali: imparare, giocare e svilupparsi. Nella sua forma pi\u00f9 grave, la povert\u00e0 porta allo<span class=\"excerpt_more\">&#8230;<\/span><\/p>\n","protected":false},"author":8,"featured_media":0,"parent":279778,"menu_order":0,"comment_status":"closed","ping_status":"closed","template":"","meta":{"give_campaign_id":0,"footnotes":""},"class_list":["post-12354","page","type-page","status-publish","hentry"],"campaignId":"","_links":{"self":[{"href":"https:\/\/compassion.ch\/it\/wp-json\/wp\/v2\/pages\/12354","targetHints":{"allow":["GET"]}}],"collection":[{"href":"https:\/\/compassion.ch\/it\/wp-json\/wp\/v2\/pages"}],"about":[{"href":"https:\/\/compassion.ch\/it\/wp-json\/wp\/v2\/types\/page"}],"author":[{"embeddable":true,"href":"https:\/\/compassion.ch\/it\/wp-json\/wp\/v2\/users\/8"}],"replies":[{"embeddable":true,"href":"https:\/\/compassion.ch\/it\/wp-json\/wp\/v2\/comments?post=12354"}],"version-history":[{"count":1,"href":"https:\/\/compassion.ch\/it\/wp-json\/wp\/v2\/pages\/12354\/revisions"}],"predecessor-version":[{"id":565169,"href":"https:\/\/compassion.ch\/it\/wp-json\/wp\/v2\/pages\/12354\/revisions\/565169"}],"up":[{"embeddable":true,"href":"https:\/\/compassion.ch\/it\/wp-json\/wp\/v2\/pages\/279778"}],"wp:attachment":[{"href":"https:\/\/compassion.ch\/it\/wp-json\/wp\/v2\/media?parent=12354"}],"curies":[{"name":"wp","href":"https:\/\/api.w.org\/{rel}","templated":true}]}}