{"id":11500,"date":"2017-01-11T10:12:29","date_gmt":"2017-01-11T09:12:29","guid":{"rendered":"https:\/\/compassion.ch\/?page_id=11500\/"},"modified":"2017-02-20T16:27:53","modified_gmt":"2017-02-20T15:27:53","slug":"i-principi-di-compassion","status":"publish","type":"page","link":"https:\/\/compassion.ch\/it\/i-principi-di-compassion\/","title":{"rendered":"I principi di Compassion"},"content":{"rendered":"<div id=\"pl-11500\"  class=\"panel-layout\" ><div class=\"section section_abgerissen_unten section_full_width\" ><div id=\"pg-11500-0\"  class=\"panel-grid panel-no-style\" ><div id=\"pgc-11500-0-0\"  class=\"panel-grid-cell\" ><div id=\"panel-11500-0-0-0\" class=\"so-panel widget widget_image-slider panel-first-child panel-last-child\" data-index=\"0\" ><div\n\t\t\t\n\t\t\tclass=\"so-widget-image-slider so-widget-image-slider-image-slider-style-d75171398898-11500\"\n\t\t\t\n\t\t>\n<div class=\"slick-slider slick-carousel slick-style-head\" data-slickSlides=\"1\" data-slickScroll=\"1\" data-slickArrows=\"true\" data-slickDots=\"true\">\n\n  \n  <div class=\"slide\">\n    <div class=\"slide-image position-top\" style=\"background-image: url(https:\/\/compassion.ch\/wp-content\/uploads\/2016\/07\/imagesilderprinzipien.jpg);\"><\/div>\n    <div class=\"slide-content-wrapper\">\n      <div class=\"slide-content\">\n        <h1>I principi di Compassion<\/h1>\n<p class=\"quote\">Tutte le persone che lavorano a Compassion s'impegno ad applicare i principi fondamentali.<\/p>      <\/div>\n    <\/div>\n  <\/div>\n\n  \n<\/div>\n<\/div><\/div><\/div><\/div><\/div><div class=\"section background-beige-gradient background-beige section_abgerissen_oben\" ><div class=\"row section_row\"><div id=\"pg-11500-1\"  class=\"panel-grid panel-no-style\" ><div id=\"pgc-11500-1-0\"  class=\"panel-grid-cell panel-grid-cell-empty\" ><\/div><div id=\"pgc-11500-1-1\"  class=\"panel-grid-cell panel-grid-cell-mobile-last\" ><div id=\"panel-11500-1-1-0\" class=\"so-panel widget widget_sow-editor panel-first-child\" data-index=\"1\" ><div\n\t\t\t\n\t\t\tclass=\"so-widget-sow-editor so-widget-sow-editor-base\"\n\t\t\t\n\t\t>\n<div class=\"siteorigin-widget-tinymce textwidget\">\n\t<p>Compassion \u00e8 un impegno cristiano che difende e sostiene la causa per i bambini bisognosi. Lavoriamo a stretto contatto con le chiese e le comunit\u00e0 locali che condividono la nostra visione per\u00a0 promuovere lo sviluppo olistico di ogni bambino. Compassion non richiede a famigliari o bambini, confessione di fede o una dichiarazione per quanto riguarda le convinzioni e le pratiche religiose.<\/p>\n<p>Le partnership che abbiamo con le chiese locali, si basano sulla fede della denominazione Evangelica Mondiale.<\/p>\n<\/div>\n<\/div><\/div><div id=\"panel-11500-1-1-1\" class=\"so-panel widget widget_accordion-widget panel-last-child\" data-index=\"2\" ><div\n\t\t\t\n\t\t\tclass=\"so-widget-accordion-widget so-widget-accordion-widget-accordion-widget-style-d75171398898-11500\"\n\t\t\t\n\t\t>\n<ul class=\"accordion\" data-accordion data-allow-all-closed=\"true\">\n\t\n\t<li class=\"accordion-item \" data-accordion-item>\n    <a class=\"accordion-title\"><span class=\"text\">Lavoriamo nel nome di Ges\u00f9<\/span><\/a>\n    <div class=\"accordion-content\" data-tab-content>\n       <p>Compassion \u00e8 incontestabilmente un'organizzazione cristiana. I nostri programmi riflettono i valori cristiani, i nostri dipendenti credono nella Parola di Dio e il nostro stile di vita \u00e8 cristiano.<\/p>    <\/div>\n\t<\/li>\n\n\n\t<li class=\"accordion-item \" data-accordion-item>\n    <a class=\"accordion-title\"><span class=\"text\">Lavoriamo  in collaborazione con le chiese locali e le comunit\u00e0 sul posto<\/span><\/a>\n    <div class=\"accordion-content\" data-tab-content>\n       <p>Compassion collabora con le chiese locali per identificare i bambini nel bisogno.<\/p><p>Ben inserite nel tessuto sociale le comunit\u00e0 cristiane gestiscono le attivit\u00e0 dei Centri Compassion. \u00a0<\/p><p>Compassion aiuta i cristiani nei paesi pi\u00f9 poveri del mondo e lavora per rispondere alle esigenze dei bambini e delle loro famiglie con un approccio olistico.<\/p>    <\/div>\n\t<\/li>\n\n\n\t<li class=\"accordion-item \" data-accordion-item>\n    <a class=\"accordion-title\"><span class=\"text\">Promuoviamo lo sviluppo individuale dei bambini<\/span><\/a>\n    <div class=\"accordion-content\" data-tab-content>\n       <p>I nostri programmi offrono a ogni bambino singole opportunit\u00e0 di sviluppo, all'interno dei Centri Compassion.<\/p><p>Molto spesso ci\u00f2 che accade nella vita di un bambino, come individuo, \u00e8 pi\u00f9 importante e significativo di ci\u00f2 che gli accade intorno o che viene modificato nel suo ambiente.<\/p><p>Per questo sappiamo che un cambiamento ambientale raramente cambia il cuore degli uomini, ma un cuore influenzato dall\u2019amore pu\u00f2 cambiare l\u2019ambiente circostante con amore.<\/p>    <\/div>\n\t<\/li>\n\n\n\t<li class=\"accordion-item \" data-accordion-item>\n    <a class=\"accordion-title\"><span class=\"text\">Ci impegniamo a promuovere lo sviluppo olistico<\/span><\/a>\n    <div class=\"accordion-content\" data-tab-content>\n       <p>Il sostegno a distanza fornisce supporto olistico in varie forme per permettere al bambino di uscire dalla povert\u00e0.<\/p><p>In primo luogo, il sostegno mensile, permette di fornire al bambino le attivit\u00e0 extrascolastiche, cibo sano, finanziamento dell'istruzione (nei Paesi in cui \u00e8 necessario), monitoraggio medico, la formazione in materia di igiene, una dieta equilibrata.<br \/> Secondo punto fondamentale sono lo scambio delle lettere, attraverso le quali il bambino viene incoraggiato ed ha la certezza che conta per qualcuno.<\/p>    <\/div>\n\t<\/li>\n\n\n\t<li class=\"accordion-item \" data-accordion-item>\n    <a class=\"accordion-title\"><span class=\"text\">Educhiamo i sostenitori sulle condizioni di povert\u00e0 e sulle possibilit\u00e0 di sviluppo dei loro bambini<\/span><\/a>\n    <div class=\"accordion-content\" data-tab-content>\n       <p>Come rappresentanti dei bambini, vogliamo aiutare i sostenitori a capire il problema della povert\u00e0 e le conseguenze che pu\u00f2 avere sui bambini. Vogliamo incoraggiare le persone a impegnarsi a favore dei bambini pi\u00f9 sfortunati.<\/p>    <\/div>\n\t<\/li>\n\n\n\t<li class=\"accordion-item \" data-accordion-item>\n    <a class=\"accordion-title\"><span class=\"text\">Utilizziamo i fondi ricevuti solo per gli scopi previsti<\/span><\/a>\n    <div class=\"accordion-content\" data-tab-content>\n       <p>Il sostegno individuale fornisce supporto ai bambini attraverso i programmi, le attivit\u00e0\u00a0 ed un sostegno che soddisfi le loro esigenze specifiche.<\/p>    <\/div>\n\t<\/li>\n\n\n\t<li class=\"accordion-item \" data-accordion-item>\n    <a class=\"accordion-title\"><span class=\"text\">Creiamo un collegamento fra un bambino e un solo sostenitore.<\/span><\/a>\n    <div class=\"accordion-content\" data-tab-content>\n       <p class=\"bodytext\">Ogni bambino sostenuto da Compassion, ha un solo sostenitore alla volta. Incoraggiamo i sostenitori ad avere un rapporto personale con il bambino attraverso le lettere e a impegnarsi per mantenere un contatto regolare.<\/p>    <\/div>\n\t<\/li>\n\n\n\t<li class=\"accordion-item \" data-accordion-item>\n    <a class=\"accordion-title\"><span class=\"text\">Comunichiamo la buona notizia del  Vangelo<\/span><\/a>\n    <div class=\"accordion-content\" data-tab-content>\n       <p>Il messaggio di dolore dalla povert\u00e0 di un bambino \u00e8: \"Tu non hai alcun valore, nessuno si prende cura di te.\" A Compassion, diamo un altro messaggio ai bambini: \"Tu sei unico, vali e hai ricevuto dei doni dal Signore; la povert\u00e0 non \u00e8 inevitabile. \" Incoraggiare i bambini a riconoscere e praticare i doni e i talenti che hanno ricevuto, permette ai bambini di credere nel futuro e di rifiutare la miseria. \u00c8 quindi un importante messaggio del Vangelo.<\/p>    <\/div>\n\t<\/li>\n\n\n\t<li class=\"accordion-item \" data-accordion-item>\n    <a class=\"accordion-title\"><span class=\"text\">Rispettiamo gli standard economici nell'utilizzo delle donazioni<\/span><\/a>\n    <div class=\"accordion-content\" data-tab-content>\n       <p>Vogliamo che i nostri costi di amministrazione e di pubblicit\u00e0 siano contenuti. Facciamo questo, trovando il necessario equilibrio tra la qualit\u00e0 essenziale e l'integrit\u00e0 del nostro lavoro.<\/p>    <\/div>\n\t<\/li>\n\n\n\t<li class=\"accordion-item \" data-accordion-item>\n    <a class=\"accordion-title\"><span class=\"text\">Ci assumiamo la responsabilit\u00e0 finanziaria<\/span><\/a>\n    <div class=\"accordion-content\" data-tab-content>\n       <p>Compassion \u00e8 regolarmente sottoposta a controlli finanziari esterni, sia in Svizzera che nei Centri Compassion dove operiamo. Compassion si impegna a gestire i doni che ci sono affidati in modo etico e responsabile. I conti di Compassion Svizzera sono controllati annualmente dalla societ\u00e0 di revisione PWC.<\/p>    <\/div>\n\t<\/li>\n\n<\/ul>\n<\/div><\/div><\/div><div id=\"pgc-11500-1-2\"  class=\"panel-grid-cell panel-grid-cell-empty\" ><\/div><\/div><\/div><\/div><\/div>","protected":false},"excerpt":{"rendered":"<p>Compassion \u00e8 un impegno cristiano che difende e sostiene la causa per i bambini bisognosi. Lavoriamo a stretto contatto con le chiese e le comunit\u00e0 locali che condividono la nostra visione per\u00a0 promuovere lo sviluppo olistico di ogni bambino. Compassion<span class=\"excerpt_more\">&#8230;<\/span><\/p>\n","protected":false},"author":8,"featured_media":0,"parent":0,"menu_order":0,"comment_status":"closed","ping_status":"closed","template":"","meta":{"give_campaign_id":0,"footnotes":""},"class_list":["post-11500","page","type-page","status-publish","hentry"],"campaignId":"","_links":{"self":[{"href":"https:\/\/compassion.ch\/it\/wp-json\/wp\/v2\/pages\/11500","targetHints":{"allow":["GET"]}}],"collection":[{"href":"https:\/\/compassion.ch\/it\/wp-json\/wp\/v2\/pages"}],"about":[{"href":"https:\/\/compassion.ch\/it\/wp-json\/wp\/v2\/types\/page"}],"author":[{"embeddable":true,"href":"https:\/\/compassion.ch\/it\/wp-json\/wp\/v2\/users\/8"}],"replies":[{"embeddable":true,"href":"https:\/\/compassion.ch\/it\/wp-json\/wp\/v2\/comments?post=11500"}],"version-history":[{"count":0,"href":"https:\/\/compassion.ch\/it\/wp-json\/wp\/v2\/pages\/11500\/revisions"}],"wp:attachment":[{"href":"https:\/\/compassion.ch\/it\/wp-json\/wp\/v2\/media?parent=11500"}],"curies":[{"name":"wp","href":"https:\/\/api.w.org\/{rel}","templated":true}]}}