{"id":9369,"date":"2016-12-13T16:22:26","date_gmt":"2016-12-13T15:22:26","guid":{"rendered":"https:\/\/compassion.ch\/?page_id=9369"},"modified":"2023-09-06T15:20:47","modified_gmt":"2023-09-06T13:20:47","slug":"schreiben","status":"publish","type":"page","link":"https:\/\/compassion.ch\/de\/schreiben\/","title":{"rendered":"Schreiben"},"content":{"rendered":"<div id=\"pl-9369\"  class=\"panel-layout\" ><div class=\"section section_full_width\" ><div id=\"pg-9369-0\"  class=\"panel-grid panel-no-style\" ><div id=\"pgc-9369-0-0\"  class=\"panel-grid-cell\" ><div id=\"panel-9369-0-0-0\" class=\"so-panel widget widget_image-slider panel-first-child panel-last-child\" data-index=\"0\" ><div\n\t\t\t\n\t\t\tclass=\"so-widget-image-slider so-widget-image-slider-image-slider-style-d75171398898-9369\"\n\t\t\t\n\t\t>\n<div class=\"slick-slider slick-carousel slick-style-head\" data-slickSlides=\"1\" data-slickScroll=\"1\" data-slickArrows=\"true\" data-slickDots=\"true\">\n\n  \n  <div class=\"slide\">\n    <div class=\"slide-image position-center\" style=\"background-image: url(https:\/\/compassion.ch\/wp-content\/uploads\/2016\/03\/compassion_write-1.jpg);\"><\/div>\n    <div class=\"slide-content-wrapper\">\n      <div class=\"slide-content\">\n        <h1>Schreiben<\/h1>\n<p class=\"quote\">Schreibe deinem Patenkind online.<\/p>      <\/div>\n    <\/div>\n  <\/div>\n\n  \n<\/div>\n<\/div><\/div><\/div><\/div><\/div><div class=\"section background-blue section_abgerissen_unten section_abgerissen_oben remove_margin_bottom section_full_width\" ><div id=\"pg-9369-1\"  class=\"panel-grid panel-no-style\" ><div id=\"pgc-9369-1-0\"  class=\"panel-grid-cell panel-grid-cell-empty\" ><\/div><div id=\"pgc-9369-1-1\"  class=\"panel-grid-cell panel-grid-cell-mobile-last\" ><div id=\"panel-9369-1-1-0\" class=\"so-panel widget widget_sow-editor panel-first-child\" data-index=\"1\" ><div\n\t\t\t\n\t\t\tclass=\"so-widget-sow-editor so-widget-sow-editor-base\"\n\t\t\t\n\t\t>\n<div class=\"siteorigin-widget-tinymce textwidget\">\n\t<h4 style=\"text-align: center;\">Jeder Brief bedeutet Hoffnung, Unterst\u00fctzung, Ermutigung und Liebe in einem Kuvert.<\/h4>\n<p class=\"subtitle\" style=\"text-align: center;\">Du kannst deine Briefe \u00fcber MyCompassion schreiben. Dort findest du auch den bisherigen Briefaustausch mit deinem Patenkind, deine Spenden und vieles mehr.<\/p>\n<\/div>\n<\/div><\/div><div id=\"panel-9369-1-1-1\" class=\"so-panel widget widget_widget-button panel-last-child\" data-index=\"2\" ><div\n\t\t\t\n\t\t\tclass=\"so-widget-widget-button so-widget-widget-button-widget-button-style-d75171398898-9369\"\n\t\t\t\n\t\t>\n  <div class=\"button-center-wrapper\">\n\n<a href=\"https:\/\/mycompassion.ch\/de_DE\/my\/letter\" class=\"button button-beige button-center button-medium\">JETZT ONLINE SCHREIBEN<\/a>\n\n  <\/div>\n<\/div><\/div><\/div><div id=\"pgc-9369-1-2\"  class=\"panel-grid-cell panel-grid-cell-empty\" ><\/div><\/div><\/div><\/div><div class=\"section remove_margin_bottom section_full_width\" ><div id=\"pg-9369-2\"  class=\"panel-grid panel-no-style\" ><div id=\"pgc-9369-2-0\"  class=\"panel-grid-cell\" ><div id=\"panel-9369-2-0-0\" class=\"so-panel widget widget_image-slider panel-first-child panel-last-child\" data-index=\"3\" ><div\n\t\t\t\n\t\t\tclass=\"so-widget-image-slider so-widget-image-slider-image-slider-style-d75171398898-9369\"\n\t\t\t\n\t\t>\n<div class=\"slick-slider slick-carousel \" data-slickSlides=\"1\" data-slickScroll=\"1\" data-slickArrows=\"true\" data-slickDots=\"true\">\n\n  \n  <div class=\"slide\">\n    <div class=\"slide-image position-center\" style=\"background-image: url(https:\/\/compassion.ch\/wp-content\/uploads\/2016\/03\/schreiben_2.jpg);\"><\/div>\n    <div class=\"slide-content-wrapper\">\n      <div class=\"slide-content\">\n              <\/div>\n    <\/div>\n  <\/div>\n\n  \n<\/div>\n<\/div><\/div><\/div><\/div><\/div><div class=\"section background-beige section_abgerissen_oben remove_margin_bottom section_gradient_unten\" ><div class=\"row section_row\"><div id=\"pg-9369-3\"  class=\"panel-grid panel-has-style\" ><div id=\"conseil\" class=\"panel-row-style panel-row-style-for-9369-3\" ><div id=\"pgc-9369-3-0\"  class=\"panel-grid-cell panel-grid-cell-empty\" ><\/div><div id=\"pgc-9369-3-1\"  class=\"panel-grid-cell panel-grid-cell-mobile-last\" ><div id=\"panel-9369-3-1-0\" class=\"so-panel widget widget_sow-editor panel-first-child\" data-index=\"4\" ><div\n\t\t\t\n\t\t\tclass=\"so-widget-sow-editor so-widget-sow-editor-base\"\n\t\t\t\n\t\t>\n<div class=\"siteorigin-widget-tinymce textwidget\">\n\t<p class=\"subtitle\">Kannst du dir vorstellen, dass Patenkinder die Briefe ihrer Paten wie einen wertvollen Schatz \u00fcber viele Jahre sammeln? Manche Kinder lesen die Briefe so h\u00e4ufig, dass sich das Papier v\u00f6llig abnutzt.<\/p>\n<p>Schreibe deinem Patenkind so oft wie m\u00f6glich! Nutze die einmalige Chance, es zu ermutigen und ihm Wertsch\u00e4tzung auszudr\u00fccken. Armut vermittelt dem Kind das Gef\u00fchl der Wertlosigkeit und Hoffnungslosigkeit. Deine Briefe vermitteln eine andere Botschaft. Dadurch bekommt dein Kind einen anderen Blick auf das Leben und wird ermutigt, die Herausforderungen seines Lebens anzugehen und zu bestehen.<br \/>\nEs gibt zwei M\u00f6glichkeiten, wie du den Kontakt zu deinem Patenkind leben kannst:<br \/>\n<strong>1. Online-Briefe, die auf MyCompassion oder der Compassion App schreiben kannst.<\/strong><br \/>\n<strong>2. Briefe, die du per Post an unser B\u00fcro schickst.<\/strong><\/p>\n<\/div>\n<\/div><\/div><div id=\"panel-9369-3-1-1\" class=\"so-panel widget widget_accordion-widget panel-last-child\" data-index=\"5\" ><div\n\t\t\t\n\t\t\tclass=\"so-widget-accordion-widget so-widget-accordion-widget-accordion-widget-style-d75171398898-9369\"\n\t\t\t\n\t\t>\n<ul class=\"accordion\" data-accordion data-allow-all-closed=\"true\">\n\t\n\t<li class=\"accordion-item \" data-accordion-item>\n    <a class=\"accordion-title\"><span class=\"text\">Online schreiben, wie geht das?<\/span><\/a>\n    <div class=\"accordion-content\" data-tab-content>\n       <p>Eine Patenschaft kann im Leben eines Kindes lebensver\u00e4ndernde Spuren hinterlassen. Deshalb f\u00f6rdern wir den Kontakt zwischen Paten und ihrem Patenkind. Ein sehr guter Weg dazu sind Briefe.<br \/>\nEin kurzer und \"einfacher\" Brief ist besser als kein Brief. Daher bieten wir dir hier die M\u00f6glichkeit, online zu schreiben. Nutze daf\u00fcr unsere digitalen Briefpapier-Angebote.<br \/>\nGerne kannst du deinen Brief direkt auf Englisch schreiben oder Franz\u00f6sisch (f\u00fcr franz\u00f6sischsprachige L\u00e4nder), as erspart uns \u00dcbersetzungsarbeit und beschleunigt den Weg deines Briefes an dein Patenkind.<\/p>\n    <\/div>\n\t<\/li>\n\n\n\t<li class=\"accordion-item \" data-accordion-item>\n    <a class=\"accordion-title\"><span class=\"text\">Warum sollte ich meinem Patenkind \u00fcberhaupt schreiben?<\/span><\/a>\n    <div class=\"accordion-content\" data-tab-content>\n       <p>Ein kleiner schriftlicher Gruss ist eine gute M\u00f6glichkeit, das Kind zu ermutigen und seine Entwicklung zu f\u00f6rdern. So wird das Selbstwertgef\u00fchl des Kindes gest\u00e4rkt, weil ihm vermittelt wird, dass es besonders und einzigartig ist.<br \/>\nBitte erwarte keine klassische \"Brieffreundschaft\" mit deinem Patenkind! Generell ist es f\u00fcr Kinder, gerade in den L\u00e4ndern, in den Compassion arbeitet, eine Herausforderung, einen Brief zu schreiben. Oft ist es dort ungew\u00f6hnlich, dass Kinder nach ihrer Meinung gefragt werden. Compassion f\u00f6rdert da eine andere Einstellung. Den Kindern wird Wertsch\u00e4tzung entgegengebracht: Sie d\u00fcrfen erfahren, dass sie wichtig sind und eigene Ansichten haben d\u00fcrfen.<br \/>\nDas Briefeschreiben ist in diesem Prozess ein wichtiger Bestandteil. Die Briefe, die dein Patenkind dir schreibt, sind vielleicht die einzigen Briefe, die das Kind \u00fcberhaupt schreibt. F\u00fcr dein Patenkind ist es sehr wichtig, dass du ihm schreibst. Kinder in Armut sind empf\u00e4nglich f\u00fcr die Nachricht, dass sie nichts wert sind. Wenn ein Pate von Herzen an sein Patenkind schreibt, vermittelt es ihm: \u201eDu bist wertvoll f\u00fcr mich, ich m\u00f6chte Dich aufwachsen sehen und ich bin stolz auf Dich.\u201c Die Briefe des Paten haben einen bedeutenden Einfluss auf die Entwicklung des Kindes. Wir best\u00e4rken die Paten darin, ihrem Patenkind regelm\u00e4ssig zu schreiben. Schreibe deinem Patenkind so oft du kannst. Dein Patenkind wird dir mindestens zweimal im Jahr schreiben.<\/p>\n    <\/div>\n\t<\/li>\n\n\n\t<li class=\"accordion-item \" data-accordion-item>\n    <a class=\"accordion-title\"><span class=\"text\">Warum dauert es so lange, bis mein Patenkind mir antwortet?<\/span><\/a>\n    <div class=\"accordion-content\" data-tab-content>\n       <p>Bis 2017 lief der Briefverkehr zwischen Paten und Patenkindern \u00fcber den ganz normalen Postweg. Wenn die Briefe vorher noch von Deutsch auf Englisch \u00fcbersetzt werden mussten, waren Briefe schon mal 2-3 Monate unterwegs. Mittlerweile hat Compassion den gesamten Briefverkehr digitalisiert. Das bedeutet, dass die Briefe deutlich schneller im Land deines Patenkindes ankommen. Dennoch m\u00fcssen die Briefe im jeweiligen Landesb\u00fcro ausgedruckt und dann zum Kinderzentrum gebracht werden. Der Weg deines Briefes ist also folgender: Du schreibst deinen Brief \u00fcber MyCompassion, die App oder per Post. Wenn du den Brief auf Englisch geschrieben hast, landet er nach dem Absenden innerhalb eines Tages im Landesb\u00fcro deines Patenkindes. Solltest du auf Deutsch geschrieben haben, wird der Brief zun\u00e4chst von ehrenamtlichen Mitarbeitenden von Compassion ins Englische \u00fcbersetzt. Im Landesb\u00fcro deines Patenkindes wird der Brief anschliessend in die Sprache des Kindes \u00fcbersetzt, ausgedruckt und per Kurier an das Kinderzentrum weitergeleitet. Wenn dein Patenkind dir schreibt, ist der Weg genauso \u2013 nur in die andere Richtung.<\/p>\n    <\/div>\n\t<\/li>\n\n\n\t<li class=\"accordion-item \" data-accordion-item>\n    <a class=\"accordion-title\"><span class=\"text\">Was muss ich beachten wenn ich meinem Patenkind einen Brief schreibe?<\/span><\/a>\n    <div class=\"accordion-content\" data-tab-content>\n       Bitte sei kulturell sensibel und \u00fcberfordere dein Patenkind nicht. Wenn du Fotos einf\u00fcgst oder mitschickst, achte bitte darauf, dass du keinen \u00fcberm\u00e4ssigen Reichtum zeigst oder z.B. Strandbilder schickst o.\u00e4. Gerade in muslimischen L\u00e4ndern ist die Sensibilit\u00e4t gegen\u00fcber f\u00fcr uns vielleicht normalen Dingen sehr hoch und kann zu Irritationen f\u00fchren. \u00dcberfordere dein Patenkind auch nicht inhaltlich. Daher lieber einfache Fragen stellen und einfache, kindgerechte Inhalte schreiben.     <\/div>\n\t<\/li>\n\n<\/ul>\n<\/div><\/div><\/div><div id=\"pgc-9369-3-2\"  class=\"panel-grid-cell panel-grid-cell-empty\" ><\/div><\/div><\/div><\/div><\/div><div class=\"section section_full_width\" ><div id=\"pg-9369-4\"  class=\"panel-grid panel-no-style\" ><div id=\"pgc-9369-4-0\"  class=\"panel-grid-cell\" ><div id=\"panel-9369-4-0-0\" class=\"so-panel widget widget_image-slider panel-first-child panel-last-child\" data-index=\"6\" ><div\n\t\t\t\n\t\t\tclass=\"so-widget-image-slider so-widget-image-slider-image-slider-style-d75171398898-9369\"\n\t\t\t\n\t\t>\n<div class=\"slick-slider slick-carousel \" data-slickSlides=\"1\" data-slickScroll=\"1\" data-slickArrows=\"true\" data-slickDots=\"true\">\n\n  \n  <div class=\"slide\">\n    <div class=\"slide-image position-center\" style=\"background-image: url(https:\/\/compassion.ch\/wp-content\/uploads\/2016\/07\/KTHIES-85-e1469624622751.jpg);\"><\/div>\n    <div class=\"slide-content-wrapper\">\n      <div class=\"slide-content\">\n              <\/div>\n    <\/div>\n  <\/div>\n\n  \n<\/div>\n<\/div><\/div><\/div><\/div><\/div><\/div>","protected":false},"excerpt":{"rendered":"<p>Jeder Brief bedeutet Hoffnung, Unterst\u00fctzung, Ermutigung und Liebe in einem Kuvert. Du kannst deine Briefe \u00fcber MyCompassion schreiben. Dort findest du auch den bisherigen Briefaustausch mit deinem Patenkind, deine Spenden und vieles mehr.<\/p>\n","protected":false},"author":8,"featured_media":0,"parent":0,"menu_order":0,"comment_status":"closed","ping_status":"closed","template":"","meta":{"give_campaign_id":0,"footnotes":""},"class_list":["post-9369","page","type-page","status-publish","hentry"],"campaignId":"","_links":{"self":[{"href":"https:\/\/compassion.ch\/de\/wp-json\/wp\/v2\/pages\/9369","targetHints":{"allow":["GET"]}}],"collection":[{"href":"https:\/\/compassion.ch\/de\/wp-json\/wp\/v2\/pages"}],"about":[{"href":"https:\/\/compassion.ch\/de\/wp-json\/wp\/v2\/types\/page"}],"author":[{"embeddable":true,"href":"https:\/\/compassion.ch\/de\/wp-json\/wp\/v2\/users\/8"}],"replies":[{"embeddable":true,"href":"https:\/\/compassion.ch\/de\/wp-json\/wp\/v2\/comments?post=9369"}],"version-history":[{"count":0,"href":"https:\/\/compassion.ch\/de\/wp-json\/wp\/v2\/pages\/9369\/revisions"}],"wp:attachment":[{"href":"https:\/\/compassion.ch\/de\/wp-json\/wp\/v2\/media?parent=9369"}],"curies":[{"name":"wp","href":"https:\/\/api.w.org\/{rel}","templated":true}]}}