{"id":564973,"date":"2025-10-13T08:33:37","date_gmt":"2025-10-13T06:33:37","guid":{"rendered":"https:\/\/compassion.ch\/?page_id=564973"},"modified":"2026-01-28T17:03:40","modified_gmt":"2026-01-28T16:03:40","slug":"kinder-und-jugendliche-foerdern","status":"publish","type":"page","link":"https:\/\/compassion.ch\/de\/kinder-und-jugendliche-foerdern\/","title":{"rendered":"Kinder und Jugendliche f\u00f6rdern"},"content":{"rendered":"\t\t<div data-elementor-type=\"wp-page\" data-elementor-id=\"564973\" class=\"elementor elementor-564973 elementor-564953\" data-elementor-post-type=\"page\">\n\t\t\t\t<div class=\"elementor-element elementor-element-3adedab7 e-con-full e-flex e-con e-parent\" data-id=\"3adedab7\" data-element_type=\"container\" data-e-type=\"container\" data-settings=\"{&quot;background_background&quot;:&quot;classic&quot;}\">\n\t\t<div class=\"elementor-element elementor-element-651ab83e e-con-full e-flex e-con e-child\" data-id=\"651ab83e\" data-element_type=\"container\" data-e-type=\"container\" data-settings=\"{&quot;background_background&quot;:&quot;classic&quot;}\">\n\t\t\t\t<div class=\"elementor-element elementor-element-16d1a6fd title elementor-widget elementor-widget-heading\" data-id=\"16d1a6fd\" data-element_type=\"widget\" data-e-type=\"widget\" data-widget_type=\"heading.default\">\n\t\t\t\t<div class=\"elementor-widget-container\">\n\t\t\t\t\t<h2 class=\"elementor-heading-title elementor-size-default\">Kinder und Jugendliche f\u00f6rdern<\/h2>\t\t\t\t<\/div>\n\t\t\t\t<\/div>\n\t\t\t\t<\/div>\n\t\t<div class=\"elementor-element elementor-element-2597e853 e-con-full e-flex e-con e-child\" data-id=\"2597e853\" data-element_type=\"container\" data-e-type=\"container\">\n\t\t\t\t<div class=\"elementor-element elementor-element-2ac99772 elementor-widget elementor-widget-image\" data-id=\"2ac99772\" data-element_type=\"widget\" data-e-type=\"widget\" data-widget_type=\"image.default\">\n\t\t\t\t<div class=\"elementor-widget-container\">\n\t\t\t\t\t\t\t\t\t\t\t\t\t\t\t<img fetchpriority=\"high\" decoding=\"async\" width=\"1981\" height=\"1321\" src=\"https:\/\/compassion.ch\/wp-content\/uploads\/2025\/10\/CC-TG0255-BibleDistribution-03-2203-2.jpg\" class=\"attachment-full size-full wp-image-564955\" alt=\"\" srcset=\"https:\/\/compassion.ch\/wp-content\/uploads\/2025\/10\/CC-TG0255-BibleDistribution-03-2203-2.jpg 1981w, https:\/\/compassion.ch\/wp-content\/uploads\/2025\/10\/CC-TG0255-BibleDistribution-03-2203-2-300x200.jpg 300w, https:\/\/compassion.ch\/wp-content\/uploads\/2025\/10\/CC-TG0255-BibleDistribution-03-2203-2-1024x683.jpg 1024w, https:\/\/compassion.ch\/wp-content\/uploads\/2025\/10\/CC-TG0255-BibleDistribution-03-2203-2-768x512.jpg 768w, https:\/\/compassion.ch\/wp-content\/uploads\/2025\/10\/CC-TG0255-BibleDistribution-03-2203-2-600x400.jpg 600w, https:\/\/compassion.ch\/wp-content\/uploads\/2025\/10\/CC-TG0255-BibleDistribution-03-2203-2-1536x1024.jpg 1536w, https:\/\/compassion.ch\/wp-content\/uploads\/2025\/10\/CC-TG0255-BibleDistribution-03-2203-2-272x182.jpg 272w\" sizes=\"(max-width: 1981px) 100vw, 1981px\" \/>\t\t\t\t\t\t\t\t\t\t\t\t\t\t\t<\/div>\n\t\t\t\t<\/div>\n\t\t\t\t<\/div>\n\t\t\t\t<\/div>\n\t\t<div class=\"elementor-element elementor-element-3e7c4e0c e-flex e-con-boxed e-con e-parent\" data-id=\"3e7c4e0c\" data-element_type=\"container\" data-e-type=\"container\" id=\"plus\" data-settings=\"{&quot;background_background&quot;:&quot;classic&quot;}\">\n\t\t\t\t\t<div class=\"e-con-inner\">\n\t\t<div class=\"elementor-element elementor-element-1e5e7064 e-con-full e-flex e-con e-child\" data-id=\"1e5e7064\" data-element_type=\"container\" data-e-type=\"container\">\n\t\t\t\t<div class=\"elementor-element elementor-element-5bd7b968 elementor-widget elementor-widget-image\" data-id=\"5bd7b968\" data-element_type=\"widget\" data-e-type=\"widget\" data-widget_type=\"image.default\">\n\t\t\t\t<div class=\"elementor-widget-container\">\n\t\t\t\t\t\t\t\t\t\t\t\t\t\t\t<img decoding=\"async\" width=\"1200\" height=\"825\" src=\"https:\/\/compassion.ch\/wp-content\/uploads\/2025\/11\/1_cc.jpg\" class=\"attachment-full size-full wp-image-568288\" alt=\"\" srcset=\"https:\/\/compassion.ch\/wp-content\/uploads\/2025\/11\/1_cc.jpg 1200w, https:\/\/compassion.ch\/wp-content\/uploads\/2025\/11\/1_cc-300x206.jpg 300w, https:\/\/compassion.ch\/wp-content\/uploads\/2025\/11\/1_cc-1024x704.jpg 1024w, https:\/\/compassion.ch\/wp-content\/uploads\/2025\/11\/1_cc-768x528.jpg 768w\" sizes=\"(max-width: 1200px) 100vw, 1200px\" \/>\t\t\t\t\t\t\t\t\t\t\t\t\t\t\t<\/div>\n\t\t\t\t<\/div>\n\t\t\t\t<\/div>\n\t\t<div class=\"elementor-element elementor-element-5303e30d e-con-full e-flex e-con e-child\" data-id=\"5303e30d\" data-element_type=\"container\" data-e-type=\"container\">\n\t\t\t\t<div class=\"elementor-element elementor-element-338e73a9 elementor-widget elementor-widget-heading\" data-id=\"338e73a9\" data-element_type=\"widget\" data-e-type=\"widget\" data-widget_type=\"heading.default\">\n\t\t\t\t<div class=\"elementor-widget-container\">\n\t\t\t\t\t<h2 class=\"elementor-heading-title elementor-size-default\">Die Kleinsten sch\u00fctzen<\/h2>\t\t\t\t<\/div>\n\t\t\t\t<\/div>\n\t\t\t\t<div class=\"elementor-element elementor-element-16a12fd9 elementor-widget elementor-widget-text-editor\" data-id=\"16a12fd9\" data-element_type=\"widget\" data-e-type=\"widget\" data-widget_type=\"text-editor.default\">\n\t\t\t\t<div class=\"elementor-widget-container\">\n\t\t\t\t\t\t\t\t\t<p class=\"p1\">Die ersten Lebensjahre sind entscheidend f\u00fcr die gesunde Entwicklung eines Kindes. M\u00fctter und ihre Babys, die in extremer Armut leben, sind besonders vulnerabel: Unterern\u00e4hrung, fehlende medizinische Versorgung und mangelnde pr\u00e4natale Beratung gef\u00e4hrden ihr Leben. Millionen M\u00fctter k\u00e4mpfen t\u00e4glich um das \u00dcberleben ihrer Babys.\u00a0<\/p>\t\t\t\t\t\t\t\t<\/div>\n\t\t\t\t<\/div>\n\t\t\t\t<div class=\"elementor-element elementor-element-3a9ddcaf elementor-align-center elementor-tablet-align-center elementor-widget elementor-widget-button\" data-id=\"3a9ddcaf\" data-element_type=\"widget\" data-e-type=\"widget\" data-widget_type=\"button.default\">\n\t\t\t\t<div class=\"elementor-widget-container\">\n\t\t\t\t\t\t\t\t\t<div class=\"elementor-button-wrapper\">\n\t\t\t\t\t<a class=\"elementor-button elementor-button-link elementor-size-sm\" href=\"https:\/\/compassion.ch\/de\/ueberleben\/\" target=\"_blank\">\n\t\t\t\t\t\t<span class=\"elementor-button-content-wrapper\">\n\t\t\t\t\t\t\t\t\t<span class=\"elementor-button-text\">Jetzt sch\u00fctzen<\/span>\n\t\t\t\t\t<\/span>\n\t\t\t\t\t<\/a>\n\t\t\t\t<\/div>\n\t\t\t\t\t\t\t\t<\/div>\n\t\t\t\t<\/div>\n\t\t\t\t<\/div>\n\t\t\t\t\t<\/div>\n\t\t\t\t<\/div>\n\t\t<div class=\"elementor-element elementor-element-4f390ed e-flex e-con-boxed e-con e-parent\" data-id=\"4f390ed\" data-element_type=\"container\" data-e-type=\"container\" data-settings=\"{&quot;background_background&quot;:&quot;classic&quot;}\">\n\t\t\t\t\t<div class=\"e-con-inner\">\n\t\t<div class=\"elementor-element elementor-element-37634e1b e-con-full e-flex e-con e-child\" data-id=\"37634e1b\" data-element_type=\"container\" data-e-type=\"container\">\n\t\t\t\t<div class=\"elementor-element elementor-element-5d1625e0 elementor-widget elementor-widget-heading\" data-id=\"5d1625e0\" data-element_type=\"widget\" data-e-type=\"widget\" data-widget_type=\"heading.default\">\n\t\t\t\t<div class=\"elementor-widget-container\">\n\t\t\t\t\t<h2 class=\"elementor-heading-title elementor-size-default\">Eine Kinderpatenschaft \u00fcbernehmen<\/h2>\t\t\t\t<\/div>\n\t\t\t\t<\/div>\n\t\t\t\t<div class=\"elementor-element elementor-element-13644edc elementor-widget elementor-widget-text-editor\" data-id=\"13644edc\" data-element_type=\"widget\" data-e-type=\"widget\" data-widget_type=\"text-editor.default\">\n\t\t\t\t<div class=\"elementor-widget-container\">\n\t\t\t\t\t\t\t\t\t<p class=\"p1\"><span style=\"font-weight: 400;\">Die Patenschaft ist eine weitere M\u00f6glichkeit, wie du ein Kind unterst\u00fctzen kannst. Dabei engagierst du dich finanziell f\u00fcr ein konkretes Kind. Du kannst Briefe mit ihm austauschen und es nach M\u00f6glichkeit w\u00e4hrend seiner gesamten Entwicklung bis maximal zum 22. Lebensjahr begleiten.<\/span><\/p>\t\t\t\t\t\t\t\t<\/div>\n\t\t\t\t<\/div>\n\t\t\t\t<div class=\"elementor-element elementor-element-45757c74 elementor-align-center elementor-tablet-align-center elementor-widget elementor-widget-button\" data-id=\"45757c74\" data-element_type=\"widget\" data-e-type=\"widget\" data-widget_type=\"button.default\">\n\t\t\t\t<div class=\"elementor-widget-container\">\n\t\t\t\t\t\t\t\t\t<div class=\"elementor-button-wrapper\">\n\t\t\t\t\t<a class=\"elementor-button elementor-button-link elementor-size-sm\" href=\"https:\/\/compassion.ch\/de\/eine-patenschaft-fuer-ein-kind-uebernehmen\/\">\n\t\t\t\t\t\t<span class=\"elementor-button-content-wrapper\">\n\t\t\t\t\t\t\t\t\t<span class=\"elementor-button-text\">Patenschaft starten<\/span>\n\t\t\t\t\t<\/span>\n\t\t\t\t\t<\/a>\n\t\t\t\t<\/div>\n\t\t\t\t\t\t\t\t<\/div>\n\t\t\t\t<\/div>\n\t\t\t\t<\/div>\n\t\t<div class=\"elementor-element elementor-element-7b02ef51 e-con-full e-flex e-con e-child\" data-id=\"7b02ef51\" data-element_type=\"container\" data-e-type=\"container\">\n\t\t\t\t<div class=\"elementor-element elementor-element-309004eb elementor-widget elementor-widget-image\" data-id=\"309004eb\" data-element_type=\"widget\" data-e-type=\"widget\" data-widget_type=\"image.default\">\n\t\t\t\t<div class=\"elementor-widget-container\">\n\t\t\t\t\t\t\t\t\t\t\t\t\t\t\t<img decoding=\"async\" width=\"1024\" height=\"683\" src=\"https:\/\/compassion.ch\/wp-content\/uploads\/2025\/10\/peru_noel_cadeau1-1024x683.jpg\" class=\"attachment-large size-large wp-image-564961\" alt=\"\" srcset=\"https:\/\/compassion.ch\/wp-content\/uploads\/2025\/10\/peru_noel_cadeau1-1024x683.jpg 1024w, https:\/\/compassion.ch\/wp-content\/uploads\/2025\/10\/peru_noel_cadeau1-300x200.jpg 300w, https:\/\/compassion.ch\/wp-content\/uploads\/2025\/10\/peru_noel_cadeau1-768x512.jpg 768w, https:\/\/compassion.ch\/wp-content\/uploads\/2025\/10\/peru_noel_cadeau1-600x400.jpg 600w, https:\/\/compassion.ch\/wp-content\/uploads\/2025\/10\/peru_noel_cadeau1-272x182.jpg 272w, https:\/\/compassion.ch\/wp-content\/uploads\/2025\/10\/peru_noel_cadeau1.jpg 1200w\" sizes=\"(max-width: 1024px) 100vw, 1024px\" \/>\t\t\t\t\t\t\t\t\t\t\t\t\t\t\t<\/div>\n\t\t\t\t<\/div>\n\t\t\t\t<\/div>\n\t\t\t\t\t<\/div>\n\t\t\t\t<\/div>\n\t\t<div class=\"elementor-element elementor-element-6abc5377 e-flex e-con-boxed e-con e-parent\" data-id=\"6abc5377\" data-element_type=\"container\" data-e-type=\"container\" data-settings=\"{&quot;background_background&quot;:&quot;classic&quot;}\">\n\t\t\t\t\t<div class=\"e-con-inner\">\n\t\t<div class=\"elementor-element elementor-element-5d02237f e-con-full e-flex e-con e-child\" data-id=\"5d02237f\" data-element_type=\"container\" data-e-type=\"container\">\n\t\t\t\t<div class=\"elementor-element elementor-element-33918711 elementor-widget elementor-widget-image\" data-id=\"33918711\" data-element_type=\"widget\" data-e-type=\"widget\" data-widget_type=\"image.default\">\n\t\t\t\t<div class=\"elementor-widget-container\">\n\t\t\t\t\t\t\t\t\t\t\t\t\t\t\t<img loading=\"lazy\" decoding=\"async\" width=\"1024\" height=\"683\" src=\"https:\/\/compassion.ch\/wp-content\/uploads\/2025\/10\/CC-TG060100089-YoungInnovators-11-2203-1024x683.jpg\" class=\"attachment-large size-large wp-image-564964\" alt=\"\" srcset=\"https:\/\/compassion.ch\/wp-content\/uploads\/2025\/10\/CC-TG060100089-YoungInnovators-11-2203-1024x683.jpg 1024w, https:\/\/compassion.ch\/wp-content\/uploads\/2025\/10\/CC-TG060100089-YoungInnovators-11-2203-300x200.jpg 300w, https:\/\/compassion.ch\/wp-content\/uploads\/2025\/10\/CC-TG060100089-YoungInnovators-11-2203-768x512.jpg 768w, https:\/\/compassion.ch\/wp-content\/uploads\/2025\/10\/CC-TG060100089-YoungInnovators-11-2203-600x400.jpg 600w, https:\/\/compassion.ch\/wp-content\/uploads\/2025\/10\/CC-TG060100089-YoungInnovators-11-2203-272x182.jpg 272w, https:\/\/compassion.ch\/wp-content\/uploads\/2025\/10\/CC-TG060100089-YoungInnovators-11-2203.jpg 1200w\" sizes=\"(max-width: 1024px) 100vw, 1024px\" \/>\t\t\t\t\t\t\t\t\t\t\t\t\t\t\t<\/div>\n\t\t\t\t<\/div>\n\t\t\t\t<\/div>\n\t\t<div class=\"elementor-element elementor-element-57a7c88a e-con-full e-flex e-con e-child\" data-id=\"57a7c88a\" data-element_type=\"container\" data-e-type=\"container\">\n\t\t\t\t<div class=\"elementor-element elementor-element-3246bd83 elementor-widget elementor-widget-heading\" data-id=\"3246bd83\" data-element_type=\"widget\" data-e-type=\"widget\" data-widget_type=\"heading.default\">\n\t\t\t\t<div class=\"elementor-widget-container\">\n\t\t\t\t\t<h2 class=\"elementor-heading-title elementor-size-default\">Die berufliche Ausbildung eines Jugendlichen finanzieren<\/h2>\t\t\t\t<\/div>\n\t\t\t\t<\/div>\n\t\t\t\t<div class=\"elementor-element elementor-element-79141c80 elementor-widget elementor-widget-text-editor\" data-id=\"79141c80\" data-element_type=\"widget\" data-e-type=\"widget\" data-widget_type=\"text-editor.default\">\n\t\t\t\t<div class=\"elementor-widget-container\">\n\t\t\t\t\t\t\t\t\t<p class=\"p1\"><span style=\"font-weight: 400;\">Nicht alle Jugendlichen haben die M\u00f6glichkeit, an einer Universit\u00e4t zu studieren. Zudem ist der Arbeitsmarkt in Regionen grosser Armut oft stark eingeschr\u00e4nkt. Compassion unterst\u00fctzt Jugendliche gezielt durch Berufsausbildungen und dem Gesch\u00e4ftsgr\u00fcndungsprogramm f\u00fcr angehende Unternehmerinnen und Unternehmer. Ziel ist es, sie zu st\u00e4rken und auf ihrem Weg zu beruflicher und wirtschaftlicher Unabh\u00e4ngigkeit zu unterst\u00fctzen.<\/span><\/p>\t\t\t\t\t\t\t\t<\/div>\n\t\t\t\t<\/div>\n\t\t\t\t<div class=\"elementor-element elementor-element-13163ce2 elementor-align-center elementor-tablet-align-center elementor-widget elementor-widget-button\" data-id=\"13163ce2\" data-element_type=\"widget\" data-e-type=\"widget\" data-widget_type=\"button.default\">\n\t\t\t\t<div class=\"elementor-widget-container\">\n\t\t\t\t\t\t\t\t\t<div class=\"elementor-button-wrapper\">\n\t\t\t\t\t<a class=\"elementor-button elementor-button-link elementor-size-sm\" href=\"https:\/\/compassion.ch\/de\/berufsausbildung-finanzieren\/\">\n\t\t\t\t\t\t<span class=\"elementor-button-content-wrapper\">\n\t\t\t\t\t\t\t\t\t<span class=\"elementor-button-text\">Ausbildung finanzieren<\/span>\n\t\t\t\t\t<\/span>\n\t\t\t\t\t<\/a>\n\t\t\t\t<\/div>\n\t\t\t\t\t\t\t\t<\/div>\n\t\t\t\t<\/div>\n\t\t\t\t<\/div>\n\t\t\t\t\t<\/div>\n\t\t\t\t<\/div>\n\t\t<div class=\"elementor-element elementor-element-8addfd6 e-con-full e-flex e-con e-parent\" data-id=\"8addfd6\" data-element_type=\"container\" data-e-type=\"container\" data-settings=\"{&quot;background_background&quot;:&quot;classic&quot;}\">\n\t\t<div class=\"elementor-element elementor-element-5eabf8f5 e-con-full e-flex e-con e-child\" data-id=\"5eabf8f5\" data-element_type=\"container\" data-e-type=\"container\" data-settings=\"{&quot;background_background&quot;:&quot;classic&quot;}\">\n\t\t<div class=\"elementor-element elementor-element-32303d9a e-con-full e-flex e-con e-child\" data-id=\"32303d9a\" data-element_type=\"container\" data-e-type=\"container\">\n\t\t<div class=\"elementor-element elementor-element-5c42b9d7 e-con-full e-flex e-con e-child\" data-id=\"5c42b9d7\" data-element_type=\"container\" data-e-type=\"container\">\n\t\t\t\t<div class=\"elementor-element elementor-element-3f3a7ba8 elementor-widget elementor-widget-heading\" data-id=\"3f3a7ba8\" data-element_type=\"widget\" data-e-type=\"widget\" data-widget_type=\"heading.default\">\n\t\t\t\t<div class=\"elementor-widget-container\">\n\t\t\t\t\t<h3 class=\"elementor-heading-title elementor-size-large\">H\u00e4ufig gestellte Fragen<\/h3>\t\t\t\t<\/div>\n\t\t\t\t<\/div>\n\t\t\t\t<div class=\"elementor-element elementor-element-1941f254 elementor-widget elementor-widget-accordion\" data-id=\"1941f254\" data-element_type=\"widget\" data-e-type=\"widget\" data-widget_type=\"accordion.default\">\n\t\t\t\t<div class=\"elementor-widget-container\">\n\t\t\t\t\t\t\t<div class=\"elementor-accordion\">\n\t\t\t\t\t\t\t<div class=\"elementor-accordion-item\">\n\t\t\t\t\t<div id=\"elementor-tab-title-4231\" class=\"elementor-tab-title\" data-tab=\"1\" role=\"button\" aria-controls=\"elementor-tab-content-4231\" aria-expanded=\"false\">\n\t\t\t\t\t\t\t\t\t\t\t\t\t<span class=\"elementor-accordion-icon elementor-accordion-icon-left\" aria-hidden=\"true\">\n\t\t\t\t\t\t\t\t\t\t\t\t\t\t\t<span class=\"elementor-accordion-icon-closed\"><i class=\"fas fa-plus\"><\/i><\/span>\n\t\t\t\t\t\t\t\t<span class=\"elementor-accordion-icon-opened\"><i class=\"fas fa-minus\"><\/i><\/span>\n\t\t\t\t\t\t\t\t\t\t\t\t\t\t<\/span>\n\t\t\t\t\t\t\t\t\t\t\t\t<a class=\"elementor-accordion-title\" tabindex=\"0\">Seit wann engagiert sich Compassion gegen extreme Armut?<\/a>\n\t\t\t\t\t<\/div>\n\t\t\t\t\t<div id=\"elementor-tab-content-4231\" class=\"elementor-tab-content elementor-clearfix\" data-tab=\"1\" role=\"region\" aria-labelledby=\"elementor-tab-title-4231\"><p><span style=\"font-weight: 400;\">Compassion wurde 1953 gegr\u00fcndet und engagiert sich seither f\u00fcr die F\u00f6rderung von Kindern. Zu Beginn nahm Compassion Waisenkinder des Koreakrieges in Waisenh\u00e4usern auf, sp\u00e4ter auch benachteiligte Kinder in Schulen. Danach entwickelte sich eine Partnerschaft mit lokalen Kirchen, die Kinderzentren er\u00f6ffneten.<\/span><\/p><\/div>\n\t\t\t\t<\/div>\n\t\t\t\t\t\t\t<div class=\"elementor-accordion-item\">\n\t\t\t\t\t<div id=\"elementor-tab-title-4232\" class=\"elementor-tab-title\" data-tab=\"2\" role=\"button\" aria-controls=\"elementor-tab-content-4232\" aria-expanded=\"false\">\n\t\t\t\t\t\t\t\t\t\t\t\t\t<span class=\"elementor-accordion-icon elementor-accordion-icon-left\" aria-hidden=\"true\">\n\t\t\t\t\t\t\t\t\t\t\t\t\t\t\t<span class=\"elementor-accordion-icon-closed\"><i class=\"fas fa-plus\"><\/i><\/span>\n\t\t\t\t\t\t\t\t<span class=\"elementor-accordion-icon-opened\"><i class=\"fas fa-minus\"><\/i><\/span>\n\t\t\t\t\t\t\t\t\t\t\t\t\t\t<\/span>\n\t\t\t\t\t\t\t\t\t\t\t\t<a class=\"elementor-accordion-title\" tabindex=\"0\">Warum arbeitet Compassion mit einem Kinderpatenschaftsprogramm?<\/a>\n\t\t\t\t\t<\/div>\n\t\t\t\t\t<div id=\"elementor-tab-content-4232\" class=\"elementor-tab-content elementor-clearfix\" data-tab=\"2\" role=\"region\" aria-labelledby=\"elementor-tab-title-4232\"><p><span style=\"font-weight: 400;\">Compassion setzt sich f\u00fcr Kinder ein, die in extremer Armut aufwachsen. Patenschaften sind dabei ein zentraler Ansatz. Sie erm\u00f6glichen es einer Spenderin oder einem Spender, gezielt in das Leben eines bestimmten Kindes zu investieren und Briefe mit ihm auszutauschen. Eine Patenschaft vermittelt dem Kind eine klare Botschaft: \u201eDu bist wertvoll. Ich interessiere mich f\u00fcr dich, ich investiere in deine Zukunft und glaube an dich.\u201c<\/span><\/p><p><span style=\"font-weight: 400;\">Diese langfristige Unterst\u00fctzung kommt nicht nur dem Kind selbst, sondern auch seiner Familie direkt oder indirekt zugute.<\/span><\/p><\/div>\n\t\t\t\t<\/div>\n\t\t\t\t\t\t\t<div class=\"elementor-accordion-item\">\n\t\t\t\t\t<div id=\"elementor-tab-title-4233\" class=\"elementor-tab-title\" data-tab=\"3\" role=\"button\" aria-controls=\"elementor-tab-content-4233\" aria-expanded=\"false\">\n\t\t\t\t\t\t\t\t\t\t\t\t\t<span class=\"elementor-accordion-icon elementor-accordion-icon-left\" aria-hidden=\"true\">\n\t\t\t\t\t\t\t\t\t\t\t\t\t\t\t<span class=\"elementor-accordion-icon-closed\"><i class=\"fas fa-plus\"><\/i><\/span>\n\t\t\t\t\t\t\t\t<span class=\"elementor-accordion-icon-opened\"><i class=\"fas fa-minus\"><\/i><\/span>\n\t\t\t\t\t\t\t\t\t\t\t\t\t\t<\/span>\n\t\t\t\t\t\t\t\t\t\t\t\t<a class=\"elementor-accordion-title\" tabindex=\"0\">Kann ich eine Mutter und ihr Baby auch langfristig unterst\u00fctzen?<\/a>\n\t\t\t\t\t<\/div>\n\t\t\t\t\t<div id=\"elementor-tab-content-4233\" class=\"elementor-tab-content elementor-clearfix\" data-tab=\"3\" role=\"region\" aria-labelledby=\"elementor-tab-title-4233\"><p><span style=\"color: #ffffff;\">Ja. Mit einer\u00a0<span style=\"text-decoration: underline;\"><a style=\"color: #ffffff; text-decoration: underline;\" href=\"https:\/\/compassion.ch\/de\/mutter-und-babys-patenschaft\/\" target=\"_blank\" rel=\"noopener\">Patenschaft<\/a><\/span>\u00a0begleitest du eine Mutter und ihr Baby von der Schwangerschaft bis etwa zum ersten Lebensjahr des Kindes. Durchschnittlich entspricht das 18 Monaten. Eine Mutter und ihr Baby sind dadurch w\u00e4hrend des gesamten Zeitraums rundum gesch\u00fctzt und werden liebevoll begleitet.<\/span><\/p><\/div>\n\t\t\t\t<\/div>\n\t\t\t\t\t\t\t<div class=\"elementor-accordion-item\">\n\t\t\t\t\t<div id=\"elementor-tab-title-4234\" class=\"elementor-tab-title\" data-tab=\"4\" role=\"button\" aria-controls=\"elementor-tab-content-4234\" aria-expanded=\"false\">\n\t\t\t\t\t\t\t\t\t\t\t\t\t<span class=\"elementor-accordion-icon elementor-accordion-icon-left\" aria-hidden=\"true\">\n\t\t\t\t\t\t\t\t\t\t\t\t\t\t\t<span class=\"elementor-accordion-icon-closed\"><i class=\"fas fa-plus\"><\/i><\/span>\n\t\t\t\t\t\t\t\t<span class=\"elementor-accordion-icon-opened\"><i class=\"fas fa-minus\"><\/i><\/span>\n\t\t\t\t\t\t\t\t\t\t\t\t\t\t<\/span>\n\t\t\t\t\t\t\t\t\t\t\t\t<a class=\"elementor-accordion-title\" tabindex=\"0\">Was bewirkt das Compassion-Programm?<\/a>\n\t\t\t\t\t<\/div>\n\t\t\t\t\t<div id=\"elementor-tab-content-4234\" class=\"elementor-tab-content elementor-clearfix\" data-tab=\"4\" role=\"region\" aria-labelledby=\"elementor-tab-title-4234\"><p><span style=\"font-weight: 400;\">Extreme Armut beeintr\u00e4chtigt nicht nur die Gesundheit und das Wachstum, sondern die gesamte Entwicklung eines Kindes. Ein Mangel an gesunder Ern\u00e4hrung, Hygiene, Liebe und Ermutigung beeintr\u00e4chtigt diese Entwicklung. Armut vermittelt den Kindern oft auch die Botschaft: \u201eDu bist nichts wert. Du wirst dein ganzes Leben lang in Armut leben, genau wie deine Eltern. Du kannst daran nichts \u00e4ndern.\u201c<\/span><\/p><p><span style=\"font-weight: 400;\">Bei Compassion sind wir \u00fcberzeugt: Armut ist kein Schicksal. Unser Programm beginnt damit, den Kindern zu vermitteln, dass sie wertvoll sind, Talente haben und diese entwickeln k\u00f6nnen. Eine Studie zeigt, dass Kinder, die am Compassion-Programm teilnehmen, l\u00e4nger zur Schule gehen, bessere Chancen auf eine Berufsausbildung oder ein Studium haben und als Erwachsene ein unabh\u00e4ngiges Leben in finanzieller und beruflicher Hinsicht f\u00fchren k\u00f6nnen.<\/span><\/p><\/div>\n\t\t\t\t<\/div>\n\t\t\t\t\t\t\t<div class=\"elementor-accordion-item\">\n\t\t\t\t\t<div id=\"elementor-tab-title-4235\" class=\"elementor-tab-title\" data-tab=\"5\" role=\"button\" aria-controls=\"elementor-tab-content-4235\" aria-expanded=\"false\">\n\t\t\t\t\t\t\t\t\t\t\t\t\t<span class=\"elementor-accordion-icon elementor-accordion-icon-left\" aria-hidden=\"true\">\n\t\t\t\t\t\t\t\t\t\t\t\t\t\t\t<span class=\"elementor-accordion-icon-closed\"><i class=\"fas fa-plus\"><\/i><\/span>\n\t\t\t\t\t\t\t\t<span class=\"elementor-accordion-icon-opened\"><i class=\"fas fa-minus\"><\/i><\/span>\n\t\t\t\t\t\t\t\t\t\t\t\t\t\t<\/span>\n\t\t\t\t\t\t\t\t\t\t\t\t<a class=\"elementor-accordion-title\" tabindex=\"0\">Welche Rolle spielen die Kirchen?<\/a>\n\t\t\t\t\t<\/div>\n\t\t\t\t\t<div id=\"elementor-tab-content-4235\" class=\"elementor-tab-content elementor-clearfix\" data-tab=\"5\" role=\"region\" aria-labelledby=\"elementor-tab-title-4235\"><p><span style=\"font-weight: 400;\">Compassion arbeitet eng mit lokalen Kirchen zusammen, die Kinderzentren betreiben. Viele dieser Kirchen sind fest in den \u00e4rmsten Regionen, D\u00f6rfern und Stadtteilen verankert. Sie kennen die lokalen Gegebenheiten, geniessen grosses Vertrauen in der Gemeinschaft und zeichnen sich durch Integrit\u00e4t aus.<\/span><span style=\"font-weight: 400;\"><br \/><\/span><span style=\"font-weight: 400;\">Dank dieser Zusammenarbeit kann Compassion ausschliesslich mit lokalen Mitarbeitenden arbeiten \u2013 ein entscheidender Vorteil, besonders in Krisenzeiten. Das Programm ist nicht von Expats abh\u00e4ngig, die in einer Pandemie oder in Konfliktsituationen das Land verlassen m\u00fcssen.<\/span><span style=\"font-weight: 400;\"><br \/><\/span><span style=\"font-weight: 400;\">Die Kirchen waren schon vor Compassion vor Ort und bleiben auch danach ein stabiler Anker. F\u00fcr viele Familien in extremer Armut sind sie eine verl\u00e4ssliche St\u00fctze und bieten Halt in schwierigen Lebenslagen.<\/span><\/p><\/div>\n\t\t\t\t<\/div>\n\t\t\t\t\t\t\t\t<\/div>\n\t\t\t\t\t\t<\/div>\n\t\t\t\t<\/div>\n\t\t\t\t<\/div>\n\t\t\t\t<\/div>\n\t\t\t\t<\/div>\n\t\t\t\t<\/div>\n\t\t\t\t<\/div>\n\t\t","protected":false},"excerpt":{"rendered":"<p>Kinder und Jugendliche f\u00f6rdern Die Kleinsten sch\u00fctzen Die ersten Lebensjahre sind entscheidend f\u00fcr die gesunde Entwicklung eines Kindes. M\u00fctter und ihre Babys, die in extremer Armut leben, sind besonders vulnerabel: Unterern\u00e4hrung, fehlende medizinische Versorgung und mangelnde pr\u00e4natale Beratung gef\u00e4hrden ihr<span class=\"excerpt_more\">&#8230;<\/span><\/p>\n","protected":false},"author":8,"featured_media":0,"parent":0,"menu_order":0,"comment_status":"closed","ping_status":"closed","template":"","meta":{"give_campaign_id":0,"footnotes":""},"class_list":["post-564973","page","type-page","status-publish","hentry"],"campaignId":"","_links":{"self":[{"href":"https:\/\/compassion.ch\/de\/wp-json\/wp\/v2\/pages\/564973","targetHints":{"allow":["GET"]}}],"collection":[{"href":"https:\/\/compassion.ch\/de\/wp-json\/wp\/v2\/pages"}],"about":[{"href":"https:\/\/compassion.ch\/de\/wp-json\/wp\/v2\/types\/page"}],"author":[{"embeddable":true,"href":"https:\/\/compassion.ch\/de\/wp-json\/wp\/v2\/users\/8"}],"replies":[{"embeddable":true,"href":"https:\/\/compassion.ch\/de\/wp-json\/wp\/v2\/comments?post=564973"}],"version-history":[{"count":38,"href":"https:\/\/compassion.ch\/de\/wp-json\/wp\/v2\/pages\/564973\/revisions"}],"predecessor-version":[{"id":574106,"href":"https:\/\/compassion.ch\/de\/wp-json\/wp\/v2\/pages\/564973\/revisions\/574106"}],"wp:attachment":[{"href":"https:\/\/compassion.ch\/de\/wp-json\/wp\/v2\/media?parent=564973"}],"curies":[{"name":"wp","href":"https:\/\/api.w.org\/{rel}","templated":true}]}}