{"id":554644,"date":"2025-05-06T10:52:55","date_gmt":"2025-05-06T08:52:55","guid":{"rendered":"https:\/\/compassion.ch\/histoire\/"},"modified":"2025-05-07T10:52:37","modified_gmt":"2025-05-07T08:52:37","slug":"unsere-geschichte","status":"publish","type":"page","link":"https:\/\/compassion.ch\/de\/unsere-geschichte\/","title":{"rendered":"Die Compassion Geschichte"},"content":{"rendered":"\t\t<div data-elementor-type=\"wp-page\" data-elementor-id=\"554644\" class=\"elementor elementor-554644 elementor-553898\" data-elementor-post-type=\"page\">\n\t\t\t\t<div class=\"elementor-element elementor-element-fef0617 e-con-full e-flex e-con e-parent\" data-id=\"fef0617\" data-element_type=\"container\" data-e-type=\"container\" data-settings=\"{&quot;background_background&quot;:&quot;classic&quot;}\">\n\t\t<div class=\"elementor-element elementor-element-b58b046 e-con-full e-flex e-con e-child\" data-id=\"b58b046\" data-element_type=\"container\" data-e-type=\"container\">\n\t\t\t\t<div class=\"elementor-element elementor-element-af380fc title elementor-widget elementor-widget-heading\" data-id=\"af380fc\" data-element_type=\"widget\" data-e-type=\"widget\" data-widget_type=\"heading.default\">\n\t\t\t\t<div class=\"elementor-widget-container\">\n\t\t\t\t\t<h1 class=\"elementor-heading-title elementor-size-default\">DIE Compassion Geschichte<\/h1>\t\t\t\t<\/div>\n\t\t\t\t<\/div>\n\t\t\t\t<div class=\"elementor-element elementor-element-0e3afe6 elementor-widget elementor-widget-text-editor\" data-id=\"0e3afe6\" data-element_type=\"widget\" data-e-type=\"widget\" data-widget_type=\"text-editor.default\">\n\t\t\t\t<div class=\"elementor-widget-container\">\n\t\t\t\t\t\t\t\t\t<p class=\"p1\" style=\"text-align: center;\">Seit \u00fcber 70 Jahren investieren wir in die Entwicklung von Kindern<\/p>\t\t\t\t\t\t\t\t<\/div>\n\t\t\t\t<\/div>\n\t\t\t\t<\/div>\n\t\t<div class=\"elementor-element elementor-element-ae35b96 e-con-full e-flex e-con e-child\" data-id=\"ae35b96\" data-element_type=\"container\" data-e-type=\"container\">\n\t\t\t\t<div class=\"elementor-element elementor-element-77e532e elementor-widget elementor-widget-image\" data-id=\"77e532e\" data-element_type=\"widget\" data-e-type=\"widget\" data-widget_type=\"image.default\">\n\t\t\t\t<div class=\"elementor-widget-container\">\n\t\t\t\t\t\t\t\t\t\t\t\t\t\t\t<img fetchpriority=\"high\" decoding=\"async\" width=\"1080\" height=\"1080\" src=\"https:\/\/compassion.ch\/wp-content\/uploads\/2025\/04\/swanson.jpg\" class=\"attachment-full size-full wp-image-553903\" alt=\"\" srcset=\"https:\/\/compassion.ch\/wp-content\/uploads\/2025\/04\/swanson.jpg 1080w, https:\/\/compassion.ch\/wp-content\/uploads\/2025\/04\/swanson-300x300.jpg 300w, https:\/\/compassion.ch\/wp-content\/uploads\/2025\/04\/swanson-1024x1024.jpg 1024w, https:\/\/compassion.ch\/wp-content\/uploads\/2025\/04\/swanson-150x150.jpg 150w, https:\/\/compassion.ch\/wp-content\/uploads\/2025\/04\/swanson-768x768.jpg 768w\" sizes=\"(max-width: 1080px) 100vw, 1080px\" \/>\t\t\t\t\t\t\t\t\t\t\t\t\t\t\t<\/div>\n\t\t\t\t<\/div>\n\t\t\t\t<\/div>\n\t\t\t\t<\/div>\n\t\t<div class=\"elementor-element elementor-element-287d8a2 e-flex e-con-boxed e-con e-parent\" data-id=\"287d8a2\" data-element_type=\"container\" data-e-type=\"container\">\n\t\t\t\t\t<div class=\"e-con-inner\">\n\t\t<div class=\"elementor-element elementor-element-41f37ed e-con-full e-flex e-con e-child\" data-id=\"41f37ed\" data-element_type=\"container\" data-e-type=\"container\">\n\t\t\t\t<div class=\"elementor-element elementor-element-97984df elementor-widget elementor-widget-image\" data-id=\"97984df\" data-element_type=\"widget\" data-e-type=\"widget\" data-widget_type=\"image.default\">\n\t\t\t\t<div class=\"elementor-widget-container\">\n\t\t\t\t\t\t\t\t\t\t\t\t\t\t\t<img decoding=\"async\" width=\"1080\" height=\"1080\" src=\"https:\/\/compassion.ch\/wp-content\/uploads\/2025\/04\/histoire.jpg\" class=\"attachment-full size-full wp-image-553900\" alt=\"L&#039;histoire de Compassion d\u00e9bute en 1952 en Cor\u00e9e\" srcset=\"https:\/\/compassion.ch\/wp-content\/uploads\/2025\/04\/histoire.jpg 1080w, https:\/\/compassion.ch\/wp-content\/uploads\/2025\/04\/histoire-300x300.jpg 300w, https:\/\/compassion.ch\/wp-content\/uploads\/2025\/04\/histoire-1024x1024.jpg 1024w, https:\/\/compassion.ch\/wp-content\/uploads\/2025\/04\/histoire-150x150.jpg 150w, https:\/\/compassion.ch\/wp-content\/uploads\/2025\/04\/histoire-768x768.jpg 768w\" sizes=\"(max-width: 1080px) 100vw, 1080px\" \/>\t\t\t\t\t\t\t\t\t\t\t\t\t\t\t<\/div>\n\t\t\t\t<\/div>\n\t\t\t\t<\/div>\n\t\t<div class=\"elementor-element elementor-element-22750be e-con-full e-flex e-con e-child\" data-id=\"22750be\" data-element_type=\"container\" data-e-type=\"container\">\n\t\t\t\t<div class=\"elementor-element elementor-element-3d31d91 elementor-widget elementor-widget-text-editor\" data-id=\"3d31d91\" data-element_type=\"widget\" data-e-type=\"widget\" data-widget_type=\"text-editor.default\">\n\t\t\t\t<div class=\"elementor-widget-container\">\n\t\t\t\t\t\t\t\t\t<p class=\"p1\">Die Arbeit von Compassion begann in Korea \u2013 und zwar auf v\u00f6llig unerwartete Weise. Wir schreiben das Jahr 1952. In Korea herrscht seit zwei Jahren Krieg. Pastor Everett Swanson reist nach Korea, um amerikanische Soldaten zu ermutigen. Und dann wird seine Aufmerksamkeit durch eine Geschichte rund um seinen Mantel auf die Kriegswaisen gelenkt, um die sich niemand k\u00fcmmert.<\/p>\t\t\t\t\t\t\t\t<\/div>\n\t\t\t\t<\/div>\n\t\t\t\t<div class=\"elementor-element elementor-element-a1bc257 elementor-widget elementor-widget-heading\" data-id=\"a1bc257\" data-element_type=\"widget\" data-e-type=\"widget\" data-widget_type=\"heading.default\">\n\t\t\t\t<div class=\"elementor-widget-container\">\n\t\t\t\t\t<h4 class=\"elementor-heading-title elementor-size-default\">Alles begann mit einem Mantel\u2026<\/h4>\t\t\t\t<\/div>\n\t\t\t\t<\/div>\n\t\t\t\t<div class=\"elementor-element elementor-element-0655a7f elementor-view-default elementor-widget elementor-widget-icon\" data-id=\"0655a7f\" data-element_type=\"widget\" data-e-type=\"widget\" data-widget_type=\"icon.default\">\n\t\t\t\t<div class=\"elementor-widget-container\">\n\t\t\t\t\t\t\t<div class=\"elementor-icon-wrapper\">\n\t\t\t<a class=\"elementor-icon\" href=\"#movie\">\n\t\t\t<i aria-hidden=\"true\" class=\"fas fa-arrow-down\"><\/i>\t\t\t<\/a>\n\t\t<\/div>\n\t\t\t\t\t\t<\/div>\n\t\t\t\t<\/div>\n\t\t\t\t<\/div>\n\t\t\t\t\t<\/div>\n\t\t\t\t<\/div>\n\t\t<div class=\"elementor-element elementor-element-228abce e-flex e-con-boxed e-con e-parent\" data-id=\"228abce\" data-element_type=\"container\" data-e-type=\"container\" data-settings=\"{&quot;background_background&quot;:&quot;classic&quot;}\">\n\t\t\t\t\t<div class=\"e-con-inner\">\n\t\t<div class=\"elementor-element elementor-element-30ba49e e-con-full e-flex e-con e-child\" data-id=\"30ba49e\" data-element_type=\"container\" data-e-type=\"container\" id=\"movie\">\n\t\t\t\t<div class=\"elementor-element elementor-element-6a7df76 elementor-widget elementor-widget-video\" data-id=\"6a7df76\" data-element_type=\"widget\" data-e-type=\"widget\" data-settings=\"{&quot;video_type&quot;:&quot;vimeo&quot;}\" data-widget_type=\"video.default\">\n\t\t\t\t<div class=\"elementor-widget-container\">\n\t\t\t\t\t\t\t<div class=\"elementor-wrapper elementor-open-inline\">\n\t\t\t<iframe class=\"elementor-video-iframe\" allowfullscreen allow=\"clipboard-write\" title=\"vimeo Video Player\" src=\"https:\/\/player.vimeo.com\/video\/1075973547?color&amp;autopause=0&amp;loop=0&amp;muted=0&amp;title=1&amp;portrait=1&amp;byline=1#t=\"><\/iframe>\t\t<\/div>\n\t\t\t\t\t\t<\/div>\n\t\t\t\t<\/div>\n\t\t\t\t<\/div>\n\t\t\t\t\t<\/div>\n\t\t\t\t<\/div>\n\t\t<div class=\"elementor-element elementor-element-b027b6b e-flex e-con-boxed e-con e-parent\" data-id=\"b027b6b\" data-element_type=\"container\" data-e-type=\"container\" data-settings=\"{&quot;background_background&quot;:&quot;classic&quot;}\">\n\t\t\t\t\t<div class=\"e-con-inner\">\n\t\t<div class=\"elementor-element elementor-element-f30d49a e-con-full e-flex e-con e-child\" data-id=\"f30d49a\" data-element_type=\"container\" data-e-type=\"container\">\n\t\t\t\t<div class=\"elementor-element elementor-element-5d33343 elementor-widget elementor-widget-text-editor\" data-id=\"5d33343\" data-element_type=\"widget\" data-e-type=\"widget\" data-widget_type=\"text-editor.default\">\n\t\t\t\t<div class=\"elementor-widget-container\">\n\t\t\t\t\t\t\t\t\t<p>Mit der tiefen \u00dcberzeugung, diesen Kindern helfen zu m\u00fcssen, kehrt er in die USA zur\u00fcck. Er erh\u00e4lt zwei Schecks \u00fcber 50 und 1000 Dollar und reist zur\u00fcck nach Korea, um dort ein Waisenhaus f\u00fcr 35 Kinder zu er\u00f6ffnen.<\/p><p>W\u00e4hrend Everett die Aufnahme der Kinder organisiert, k\u00fcmmern sich seine Frau und sein Freund Dr. Hemwall darum, Medikamente und Spenden zu sammeln. Schon bald startet Everett Swanson ein Patenschaftsprogramm. Innerhalb von zehn Jahren konnten 10 000 bed\u00fcrftige oder verwaiste Kinder in Korea unterst\u00fctzt werden.<\/p><p>Im Jahr 1962 benennt Everett Swanson die \u201eSwanson Evangelical Association\u201c in \u201eCompassion\u201c um. Er l\u00e4sst sich dabei von den Worten Jesu inspirieren:<br \/>\u201eIch habe Mitleid mit diesen Menschen, denn sie sind nun schon drei Tage bei mir und haben nichts mehr zu essen. Ich will sie nicht hungrig wegschicken; sie k\u00f6nnten sonst unterwegs zusammenbrechen.\u201c (Matth\u00e4us 15:32)<br \/>Anfangs f\u00fchrte die Organisation ein eigenes Waisenhaus und arbeitete sp\u00e4ter mit Schulen zusammen, bevor sie Partnerschaften mit lokalen Kirchen einging. In Zusammenarbeit mit diesen hat Compassion zahlreiche Kinderzentren er\u00f6ffnet.<\/p>\t\t\t\t\t\t\t\t<\/div>\n\t\t\t\t<\/div>\n\t\t\t\t<div class=\"elementor-element elementor-element-aa4ebbb elementor-widget elementor-widget-heading\" data-id=\"aa4ebbb\" data-element_type=\"widget\" data-e-type=\"widget\" data-widget_type=\"heading.default\">\n\t\t\t\t<div class=\"elementor-widget-container\">\n\t\t\t\t\t<h4 class=\"elementor-heading-title elementor-size-default\">Eine der gr\u00f6ssten Kinderhilfsorganisationen weltweit<\/h4>\t\t\t\t<\/div>\n\t\t\t\t<\/div>\n\t\t\t\t<div class=\"elementor-element elementor-element-77c8e2a elementor-widget elementor-widget-text-editor\" data-id=\"77c8e2a\" data-element_type=\"widget\" data-e-type=\"widget\" data-widget_type=\"text-editor.default\">\n\t\t\t\t<div class=\"elementor-widget-container\">\n\t\t\t\t\t\t\t\t\t<p class=\"p1\">Die Organisation Compassion hat sich im Laufe der Jahre zu einer der gr\u00f6ssten christlichen Kinderhilfsorganisationen entwickelt. Sie ist heute in vielen L\u00e4ndern Afrikas, Asiens und Lateinamerikas t\u00e4tig \u2013 \u00fcberall dort, wo extreme Armut herrscht. Derzeit unterst\u00fctzt Compassion \u00fcber 2,3 Millionen Kinder und ihre Familien in 29 L\u00e4ndern des globalen S\u00fcdens.<\/p>\t\t\t\t\t\t\t\t<\/div>\n\t\t\t\t<\/div>\n\t\t\t\t<div class=\"elementor-element elementor-element-adb5024 elementor-widget elementor-widget-heading\" data-id=\"adb5024\" data-element_type=\"widget\" data-e-type=\"widget\" data-widget_type=\"heading.default\">\n\t\t\t\t<div class=\"elementor-widget-container\">\n\t\t\t\t\t<h4 class=\"elementor-heading-title elementor-size-default\">Korea wechselt die Rolle<\/h4>\t\t\t\t<\/div>\n\t\t\t\t<\/div>\n\t\t\t\t<div class=\"elementor-element elementor-element-ef4e366 elementor-widget elementor-widget-text-editor\" data-id=\"ef4e366\" data-element_type=\"widget\" data-e-type=\"widget\" data-widget_type=\"text-editor.default\">\n\t\t\t\t<div class=\"elementor-widget-container\">\n\t\t\t\t\t\t\t\t\t<p class=\"p1\">S\u00fcdkorea spielt weiterhin eine Schl\u00fcsselrolle im Engagement von Compassion. Die Unterst\u00fctzung f\u00fcr Kinder in Korea wurde 1993 eingestellt \u2013 das Land hatte sich so stark entwickelt, dass eine Unterst\u00fctzung nicht mehr n\u00f6tig war. Seit 2003 engagieren sich nun koreanische Paten, Patinnen und Spender aktiv im Kampf gegen extreme Armut an der Seite unserer Organisation. Mit Compassion Korea unterst\u00fctzen sie mehr als 140 000 bed\u00fcrftige Kinder.<\/p>\t\t\t\t\t\t\t\t<\/div>\n\t\t\t\t<\/div>\n\t\t\t\t<div class=\"elementor-element elementor-element-aca2b24 elementor-widget elementor-widget-heading\" data-id=\"aca2b24\" data-element_type=\"widget\" data-e-type=\"widget\" data-widget_type=\"heading.default\">\n\t\t\t\t<div class=\"elementor-widget-container\">\n\t\t\t\t\t<h2 class=\"elementor-heading-title elementor-size-default\">Hoffnung geht hier weiter<\/h2>\t\t\t\t<\/div>\n\t\t\t\t<\/div>\n\t\t\t\t<div class=\"elementor-element elementor-element-59348ff elementor-widget-divider--view-line_icon elementor-hidden-tablet elementor-hidden-mobile elementor-view-default elementor-widget-divider--element-align-center elementor-widget elementor-widget-divider\" data-id=\"59348ff\" data-element_type=\"widget\" data-e-type=\"widget\" data-widget_type=\"divider.default\">\n\t\t\t\t<div class=\"elementor-widget-container\">\n\t\t\t\t\t\t\t<div class=\"elementor-divider\">\n\t\t\t<span class=\"elementor-divider-separator\">\n\t\t\t\t\t\t\t<div class=\"elementor-icon elementor-divider__element\">\n\t\t\t\t\t<svg xmlns=\"http:\/\/www.w3.org\/2000\/svg\" id=\"Calque_1\" width=\"500\" height=\"212.685\" viewBox=\"0 0 500 212.685\"><path d=\"M462.326,146.997c-2.269-3.461-4.418-6.943-6.485-10.445-13.798-27.361-23.212-55.334-29.078-85.732-1.926-9.96-19.064-7.515-17.731,2.7.094.774.249,1.515.357,2.283l-.007.007c.007.04.013.074.02.114,3.024,21.758,8.445,42.075,16.606,61.489-122.069-84.654-283.101-45.065-391.884,51.388-4.35,3.859,2.014,9.785,6.364,6.236,110.453-90.122,274.078-126.055,390.564-31.3-31.334,1.583-62.667,3.178-94.008,4.768-11.67.593-11.313,18.128.418,18.169,36.472.135,72.944.269,109.409.404,4.788.013,7.502-2.936,8.296-6.458,6.283-.64,10.936-7.865,7.158-13.623\"><\/path><\/svg><\/div>\n\t\t\t\t\t\t<\/span>\n\t\t<\/div>\n\t\t\t\t\t\t<\/div>\n\t\t\t\t<\/div>\n\t\t<div class=\"elementor-element elementor-element-d31db63 e-con-full e-flex e-con e-child\" data-id=\"d31db63\" data-element_type=\"container\" data-e-type=\"container\">\n\t\t\t\t<div class=\"elementor-element elementor-element-ee3056e elementor-align-center elementor-widget__width-initial elementor-mobile-align-justify elementor-widget-mobile__width-inherit elementor-widget elementor-widget-button\" data-id=\"ee3056e\" data-element_type=\"widget\" data-e-type=\"widget\" data-widget_type=\"button.default\">\n\t\t\t\t<div class=\"elementor-widget-container\">\n\t\t\t\t\t\t\t\t\t<div class=\"elementor-button-wrapper\">\n\t\t\t\t\t<a class=\"elementor-button elementor-button-link elementor-size-sm\" href=\"https:\/\/compassion.ch\/de\/kinderpatenschaften\/werde-pate\/\">\n\t\t\t\t\t\t<span class=\"elementor-button-content-wrapper\">\n\t\t\t\t\t\t\t\t\t<span class=\"elementor-button-text\"> Ich \u00fcbernehme eine Patenschaft<\/span>\n\t\t\t\t\t<\/span>\n\t\t\t\t\t<\/a>\n\t\t\t\t<\/div>\n\t\t\t\t\t\t\t\t<\/div>\n\t\t\t\t<\/div>\n\t\t\t\t<div class=\"elementor-element elementor-element-1207553 elementor-align-left elementor-widget__width-initial elementor-mobile-align-justify elementor-widget-mobile__width-inherit elementor-widget elementor-widget-button\" data-id=\"1207553\" data-element_type=\"widget\" data-e-type=\"widget\" data-widget_type=\"button.default\">\n\t\t\t\t<div class=\"elementor-widget-container\">\n\t\t\t\t\t\t\t\t\t<div class=\"elementor-button-wrapper\">\n\t\t\t\t\t<a class=\"elementor-button elementor-button-link elementor-size-sm\" href=\"https:\/\/compassion.ch\/de\/spenden\/\">\n\t\t\t\t\t\t<span class=\"elementor-button-content-wrapper\">\n\t\t\t\t\t\t\t\t\t<span class=\"elementor-button-text\"> Ich spende<\/span>\n\t\t\t\t\t<\/span>\n\t\t\t\t\t<\/a>\n\t\t\t\t<\/div>\n\t\t\t\t\t\t\t\t<\/div>\n\t\t\t\t<\/div>\n\t\t\t\t<\/div>\n\t\t<div class=\"elementor-element elementor-element-acde188 e-con-full e-flex e-con e-child\" data-id=\"acde188\" data-element_type=\"container\" data-e-type=\"container\">\n\t\t\t\t<\/div>\n\t\t\t\t<\/div>\n\t\t\t\t\t<\/div>\n\t\t\t\t<\/div>\n\t\t\t\t<\/div>\n\t\t","protected":false},"excerpt":{"rendered":"<p>DIE Compassion Geschichte Seit \u00fcber 70 Jahren investieren wir in die Entwicklung von Kindern Die Arbeit von Compassion begann in Korea \u2013 und zwar auf v\u00f6llig unerwartete Weise. Wir schreiben das Jahr 1952. In Korea herrscht seit zwei Jahren Krieg.<span class=\"excerpt_more\">&#8230;<\/span><\/p>\n","protected":false},"author":8,"featured_media":0,"parent":0,"menu_order":0,"comment_status":"closed","ping_status":"closed","template":"","meta":{"give_campaign_id":0,"footnotes":""},"class_list":["post-554644","page","type-page","status-publish","hentry"],"campaignId":"","_links":{"self":[{"href":"https:\/\/compassion.ch\/de\/wp-json\/wp\/v2\/pages\/554644","targetHints":{"allow":["GET"]}}],"collection":[{"href":"https:\/\/compassion.ch\/de\/wp-json\/wp\/v2\/pages"}],"about":[{"href":"https:\/\/compassion.ch\/de\/wp-json\/wp\/v2\/types\/page"}],"author":[{"embeddable":true,"href":"https:\/\/compassion.ch\/de\/wp-json\/wp\/v2\/users\/8"}],"replies":[{"embeddable":true,"href":"https:\/\/compassion.ch\/de\/wp-json\/wp\/v2\/comments?post=554644"}],"version-history":[{"count":0,"href":"https:\/\/compassion.ch\/de\/wp-json\/wp\/v2\/pages\/554644\/revisions"}],"wp:attachment":[{"href":"https:\/\/compassion.ch\/de\/wp-json\/wp\/v2\/media?parent=554644"}],"curies":[{"name":"wp","href":"https:\/\/api.w.org\/{rel}","templated":true}]}}