{"id":539566,"date":"2024-09-24T14:47:56","date_gmt":"2024-09-24T12:47:56","guid":{"rendered":"https:\/\/compassion.ch\/?page_id=539566"},"modified":"2025-03-31T17:56:19","modified_gmt":"2025-03-31T15:56:19","slug":"kontakt","status":"publish","type":"page","link":"https:\/\/compassion.ch\/de\/kontakt\/","title":{"rendered":"Kontakt"},"content":{"rendered":"\t\t<div data-elementor-type=\"wp-page\" data-elementor-id=\"539566\" class=\"elementor elementor-539566 elementor-539542\" data-elementor-post-type=\"page\">\n\t\t\t\t\t\t<section class=\"elementor-section elementor-top-section elementor-element elementor-element-abe224f elementor-section-boxed elementor-section-height-default elementor-section-height-default\" data-id=\"abe224f\" data-element_type=\"section\" data-e-type=\"section\">\n\t\t\t\t\t\t<div class=\"elementor-container elementor-column-gap-default\">\n\t\t\t\t\t<div class=\"elementor-column elementor-col-100 elementor-top-column elementor-element elementor-element-aeb40b5\" data-id=\"aeb40b5\" data-element_type=\"column\" data-e-type=\"column\">\n\t\t\t<div class=\"elementor-widget-wrap elementor-element-populated\">\n\t\t\t\t\t\t<div class=\"elementor-element elementor-element-2428f25 elementor-widget elementor-widget-heading\" data-id=\"2428f25\" data-element_type=\"widget\" data-e-type=\"widget\" data-widget_type=\"heading.default\">\n\t\t\t\t<div class=\"elementor-widget-container\">\n\t\t\t\t\t<h2 class=\"elementor-heading-title elementor-size-default\">Kontakt<\/h2>\t\t\t\t<\/div>\n\t\t\t\t<\/div>\n\t\t\t\t<div class=\"elementor-element elementor-element-f7fabba elementor-widget elementor-widget-text-editor\" data-id=\"f7fabba\" data-element_type=\"widget\" data-e-type=\"widget\" data-widget_type=\"text-editor.default\">\n\t\t\t\t<div class=\"elementor-widget-container\">\n\t\t\t\t\t\t\t\t\t<p>Du kannst uns deine W\u00fcnsche, Fragen und Anregungen \u00fcber dieses Formular mitteilen.<br \/>Wir helfen dir gerne weiter.<\/p>\t\t\t\t\t\t\t\t<\/div>\n\t\t\t\t<\/div>\n\t\t\t\t<div class=\"elementor-element elementor-element-077dcf4 fluent-form-widget-step-header-yes fluent-form-widget-step-progressbar-yes fluentform-widget-submit-button-custom elementor-widget elementor-widget-fluent-form-widget\" data-id=\"077dcf4\" data-element_type=\"widget\" data-e-type=\"widget\" data-widget_type=\"fluent-form-widget.default\">\n\t\t\t\t<div class=\"elementor-widget-container\">\n\t\t\t\t\t\n            <div class=\"fluentform-widget-wrapper fluentform-widget-align-default\">\n\n            \n            <div class='fluentform ff-default fluentform_wrapper_25 ffs_default_wrap'><form data-form_id=\"25\" id=\"fluentform_25\" class=\"frm-fluent-form fluent_form_25 ff-el-form-top ff_form_instance_25_1 ff-form-loading ff_has_v3_recptcha ffs_default\" data-form_instance=\"ff_form_instance_25_1\" method=\"POST\" data-recptcha_key=\"6Ldp_TMnAAAAAFt320Fd-85Lj8CLBPiqq5BIJAbY\" ><fieldset  style=\"border: none!important;margin: 0!important;padding: 0!important;background-color: transparent!important;box-shadow: none!important;outline: none!important; min-inline-size: 100%;\">\n                    <legend class=\"ff_screen_reader_title\" style=\"display: block; margin: 0!important;padding: 0!important;height: 0!important;text-indent: -999999px;width: 0!important;overflow:hidden;\">Contact general deutsch<\/legend>        <div\n                style=\"display: none!important; position: absolute!important; transform: translateX(1000%)!important;\"\n                class=\"ff-el-group ff-hpsf-container\"\n        >\n            <div class=\"ff-el-input--label asterisk-right\">\n                <label for=\"ff_25_item_sf\" aria-label=\"Notify\">\n                    Notify                <\/label>\n            <\/div>\n            <div class=\"ff-el-input--content\">\n                <input type=\"text\"\n                       name=\"item_25__fluent_sf\"\n                       class=\"ff-el-form-control\"\n                       id=\"ff_25_item_sf\"\n                \/>\n            <\/div>\n        <\/div>\n        <input type='hidden' name='__fluent_form_embded_post_id' value='539566' \/><input type=\"hidden\" id=\"_fluentform_25_fluentformnonce\" name=\"_fluentform_25_fluentformnonce\" value=\"5d2840cfaf\" \/><input type=\"hidden\" name=\"_wp_http_referer\" value=\"\/de\/wp-json\/wp\/v2\/pages\/539566\" \/><div data-name=\"ff_cn_id_1\"  class='ff-t-container ff-column-container ff_columns_total_2 '><div class='ff-t-cell ff-t-column-1' style='flex-basis: 18.2%;'><div class='ff-el-group'><div class=\"ff-el-input--label ff-el-is-required asterisk-right\"><label for='ff_25_dropdown_1' id='label_ff_25_dropdown_1' aria-label=\"Anrede\">Anrede<\/label><\/div><div class='ff-el-input--content'><select name=\"dropdown_1\" id=\"ff_25_dropdown_1\" class=\"ff-el-form-control\" data-name=\"dropdown_1\" data-calc_value=\"0\" tabindex=\"1\"  aria-invalid=\"false\" aria-required=\"true\" aria-labelledby=\"label_ff_25_dropdown_1\"><option value=\"\">- bitte w\u00e4hlen -<\/option><option value=\"Frau\"  >Frau<\/option><option value=\"Herr\"  >Herr<\/option><\/select><\/div><\/div><\/div><div class='ff-t-cell ff-t-column-2' style='flex-basis: 81.8%;'><div data-type=\"name-element\" data-name=\"names\" class=\" ff-field_container ff-name-field-wrapper\" ><div class='ff-t-container'><div class='ff-t-cell '><div class='ff-el-group'><div class=\"ff-el-input--label ff-el-is-required asterisk-right\"><label for='ff_25_names_first_name_' id='label_ff_25_names_first_name_' >Vorname<\/label><\/div><div class='ff-el-input--content'><input type=\"text\" name=\"names[first_name]\" id=\"ff_25_names_first_name_\" class=\"ff-el-form-control\" tabindex=\"2\" aria-invalid=\"false\" aria-required=true><\/div><\/div><\/div><div class='ff-t-cell '><div class='ff-el-group'><div class=\"ff-el-input--label ff-el-is-required asterisk-right\"><label for='ff_25_names_last_name_' id='label_ff_25_names_last_name_' >Name<\/label><\/div><div class='ff-el-input--content'><input type=\"text\" name=\"names[last_name]\" id=\"ff_25_names_last_name_\" class=\"ff-el-form-control\" tabindex=\"3\" aria-invalid=\"false\" aria-required=true><\/div><\/div><\/div><\/div><\/div><\/div><\/div><div data-name=\"ff_cn_id_2\"  class='ff-t-container ff-column-container ff_columns_total_2 '><div class='ff-t-cell ff-t-column-1' style='flex-basis: 50%;'><div class='ff-el-group'><div class=\"ff-el-input--label ff-el-is-required asterisk-right\"><label for='ff_25_email' id='label_ff_25_email' aria-label=\"E-Mail\">E-Mail<\/label><\/div><div class='ff-el-input--content'><input type=\"email\" name=\"email\" id=\"ff_25_email\" class=\"ff-el-form-control\" placeholder=\"Bitte gib deine E-Mail-Adresse an.\" data-name=\"email\" tabindex=\"4\"  aria-invalid=\"false\" aria-required=true><\/div><\/div><\/div><div class='ff-t-cell ff-t-column-2' style='flex-basis: 50%;'><div class='ff-el-group'><div class=\"ff-el-input--label ff-el-is-required asterisk-right\"><label for='ff_25_phone' id='label_ff_25_phone' aria-label=\"Telefon\">Telefon<\/label><\/div><div class='ff-el-input--content'><input name=\"phone\" class=\"ff-el-form-control ff-el-phone\" type=\"tel\" placeholder=\"Bitte gib deine Telefonnummer an.\" data-name=\"phone\" id=\"ff_25_phone\" tabindex=\"5\" inputmode=\"tel\"  aria-invalid='false' aria-required=true><\/div><\/div><\/div><\/div><div data-name=\"ff_cn_id_3\"  class='ff-t-container ff-column-container ff_columns_total_1 '><div class='ff-t-cell ff-t-column-1' style='flex-basis: %;'><div class='ff-el-group'><div class=\"ff-el-input--label ff-el-is-required asterisk-right\"><label for='ff_25_input_subject' id='label_ff_25_input_subject' aria-label=\"Deine Frage betrifft\">Deine Frage betrifft<\/label><\/div><div class='ff-el-input--content'><input type=\"text\" name=\"input_subject\" class=\"ff-el-form-control\" data-name=\"input_subject\" tabindex=\"6\" id=\"ff_25_input_subject\"  aria-invalid=\"false\" aria-required=true><\/div><\/div><div class='ff-el-group'><div class=\"ff-el-input--label ff-el-is-required asterisk-right\"><label for='ff_25_message' id='label_ff_25_message' aria-label=\"deine Nachricht\">deine Nachricht<\/label><\/div><div class='ff-el-input--content'><textarea aria-required=\"true\" aria-labelledby=\"label_ff_25_message\" name=\"message\" id=\"ff_25_message\" class=\"ff-el-form-control\" rows=\"4\" cols=\"2\" data-name=\"message\" tabindex=\"7\" ><\/textarea><\/div><\/div><\/div><\/div><div class='ff-el-group    ff-el-input--content'><div class='ff-el-form-check ff-el-tc'><label aria-label='Terms and Conditions: \u00a0Ja, ich habe die Datenschutzbestimmungen gelesen. Contains 1 link. Use tab navigation to review.' class='ff-el-form-check-label ff_tc_label' for=terms-n-condition_0a4aae150593d996b28729da01ad5910><span class='ff_tc_checkbox'><input type=\"checkbox\" name=\"terms-n-condition\" class=\"ff-el-form-check-input\" data-name=\"terms-n-condition\" id=\"terms-n-condition_0a4aae150593d996b28729da01ad5910\" tabindex=\"8\"  value='on' aria-invalid='false' aria-required=true><\/span> <div class='ff_t_c'><p>\u00a0Ja, ich habe die <a href=\"https:\/\/compassion.ch\/de\/datenschutz\/\" target=\"_blank\" rel=\"noopener\">Datenschutzbestimmungen<\/a> gelesen.<\/p><\/div><\/label><\/div><\/div><div class='ff-el-group ff-text-right ff_submit_btn_wrapper'><button type=\"submit\" class=\"ff-btn ff-btn-submit ff-btn-lg button ff_btn_style wpf_has_custom_css\" tabindex=\"9\"  aria-label=\"Anfrage senden\">Anfrage senden<\/button><\/div><\/fieldset><\/form><div id='fluentform_25_errors' class='ff-errors-in-stack ff_form_instance_25_1 ff-form-loading_errors ff_form_instance_25_1_errors'><\/div><\/div>            <script type=\"text\/javascript\">\n                window.fluent_form_ff_form_instance_25_1 = {\"id\":\"25\",\"ajaxUrl\":\"https:\\\/\\\/compassion.ch\\\/wp-admin\\\/admin-ajax.php\",\"settings\":{\"layout\":{\"labelPlacement\":\"top\",\"helpMessagePlacement\":\"with_label\",\"errorMessagePlacement\":\"inline\"},\"restrictions\":{\"denyEmptySubmission\":{\"enabled\":false}}},\"form_instance\":\"ff_form_instance_25_1\",\"form_id_selector\":\"fluentform_25\",\"rules\":{\"dropdown_1\":{\"required\":{\"value\":true,\"message\":\"Bitte f\\u00fclle dieses Feld aus\",\"global_message\":\"Ce champ est obligatoire\",\"global\":false}},\"names[first_name]\":{\"required\":{\"value\":true,\"message\":\"Bitte f\\u00fclle dieses Feld aus\",\"global\":false,\"global_message\":\"Ce champ est obligatoire\"}},\"names[middle_name]\":{\"required\":{\"value\":false,\"message\":\"Ce champ est obligatoire\",\"global\":true,\"global_message\":\"Ce champ est obligatoire\"}},\"names[last_name]\":{\"required\":{\"value\":true,\"message\":\"Bitte f\\u00fclle dieses Feld aus\",\"global\":false,\"global_message\":\"Ce champ est obligatoire\"}},\"email\":{\"required\":{\"value\":true,\"message\":\"Bitte f\\u00fclle dieses Feld aus\",\"global\":false,\"global_message\":\"Ce champ est obligatoire\"},\"email\":{\"value\":true,\"message\":\"Ce champ doit contenir un e-mail valide\",\"global\":true,\"global_message\":\"Ce champ doit contenir un e-mail valide\"}},\"phone\":{\"required\":{\"value\":true,\"message\":\"Bitte f\\u00fclle dieses Feld aus\",\"global\":false,\"global_message\":\"Ce champ est obligatoire\"},\"valid_phone_number\":{\"value\":false,\"message\":\"Le num\\u00e9ro de t\\u00e9l\\u00e9phone n'est pas valide\",\"global\":false,\"global_message\":\"Le num\\u00e9ro de t\\u00e9l\\u00e9phone n'est pas valide\"}},\"input_subject\":{\"required\":{\"value\":true,\"message\":\"Bitte f\\u00fclle dieses Feld aus\",\"global_message\":\"Ce champ est obligatoire\",\"global\":false}},\"message\":{\"required\":{\"value\":true,\"message\":\"Bitte f\\u00fclle dieses Feld aus\",\"global\":false,\"global_message\":\"Ce champ est obligatoire\"}},\"terms-n-condition\":{\"required\":{\"value\":true,\"message\":\"Dieses Feld ist erforderlich\",\"global_message\":\"Ce champ est obligatoire\",\"global\":false}}},\"debounce_time\":300};\n                            <\/script>\n                        <\/div>\n\n            \t\t\t\t<\/div>\n\t\t\t\t<\/div>\n\t\t\t\t\t<\/div>\n\t\t<\/div>\n\t\t\t\t\t<\/div>\n\t\t<\/section>\n\t\t\t\t<section class=\"elementor-section elementor-top-section elementor-element elementor-element-ddb12b2 elementor-section-full_width elementor-section-height-default elementor-section-height-default\" data-id=\"ddb12b2\" data-element_type=\"section\" data-e-type=\"section\" data-settings=\"{&quot;background_background&quot;:&quot;classic&quot;}\">\n\t\t\t\t\t\t<div class=\"elementor-container elementor-column-gap-default\">\n\t\t\t\t\t<div class=\"elementor-column elementor-col-100 elementor-top-column elementor-element elementor-element-a57e57f\" data-id=\"a57e57f\" data-element_type=\"column\" data-e-type=\"column\">\n\t\t\t<div class=\"elementor-widget-wrap elementor-element-populated\">\n\t\t\t\t\t\t<section class=\"elementor-section elementor-inner-section elementor-element elementor-element-c27b18d elementor-section-boxed elementor-section-height-default elementor-section-height-default\" data-id=\"c27b18d\" data-element_type=\"section\" data-e-type=\"section\">\n\t\t\t\t\t\t<div class=\"elementor-container elementor-column-gap-default\">\n\t\t\t\t\t<div class=\"elementor-column elementor-col-33 elementor-inner-column elementor-element elementor-element-0e7ef73\" data-id=\"0e7ef73\" data-element_type=\"column\" data-e-type=\"column\">\n\t\t\t<div class=\"elementor-widget-wrap elementor-element-populated\">\n\t\t\t\t\t\t<div class=\"elementor-element elementor-element-c01248a elementor-view-framed elementor-shape-circle elementor-widget elementor-widget-icon\" data-id=\"c01248a\" data-element_type=\"widget\" data-e-type=\"widget\" data-widget_type=\"icon.default\">\n\t\t\t\t<div class=\"elementor-widget-container\">\n\t\t\t\t\t\t\t<div class=\"elementor-icon-wrapper\">\n\t\t\t<div class=\"elementor-icon\">\n\t\t\t<i aria-hidden=\"true\" class=\"fas fa-route\"><\/i>\t\t\t<\/div>\n\t\t<\/div>\n\t\t\t\t\t\t<\/div>\n\t\t\t\t<\/div>\n\t\t\t\t<div class=\"elementor-element elementor-element-714a122 elementor-widget elementor-widget-heading\" data-id=\"714a122\" data-element_type=\"widget\" data-e-type=\"widget\" data-widget_type=\"heading.default\">\n\t\t\t\t<div class=\"elementor-widget-container\">\n\t\t\t\t\t<h4 class=\"elementor-heading-title elementor-size-default\">Wenn du uns einen Brief schreiben oder uns\nbesuchen m\u00f6chtest:<\/h4>\t\t\t\t<\/div>\n\t\t\t\t<\/div>\n\t\t\t\t<div class=\"elementor-element elementor-element-66d1c64 elementor-widget elementor-widget-text-editor\" data-id=\"66d1c64\" data-element_type=\"widget\" data-e-type=\"widget\" data-widget_type=\"text-editor.default\">\n\t\t\t\t<div class=\"elementor-widget-container\">\n\t\t\t\t\t\t\t\t\t<p>Compassion\u00a0Schweiz<br \/>Parkterrasse 10<br \/>3012 Bern<\/p>\t\t\t\t\t\t\t\t<\/div>\n\t\t\t\t<\/div>\n\t\t\t\t\t<\/div>\n\t\t<\/div>\n\t\t\t\t<div class=\"elementor-column elementor-col-33 elementor-inner-column elementor-element elementor-element-ea7add2\" data-id=\"ea7add2\" data-element_type=\"column\" data-e-type=\"column\">\n\t\t\t<div class=\"elementor-widget-wrap elementor-element-populated\">\n\t\t\t\t\t\t<div class=\"elementor-element elementor-element-46cc497 elementor-view-framed elementor-shape-circle elementor-widget elementor-widget-icon\" data-id=\"46cc497\" data-element_type=\"widget\" data-e-type=\"widget\" data-widget_type=\"icon.default\">\n\t\t\t\t<div class=\"elementor-widget-container\">\n\t\t\t\t\t\t\t<div class=\"elementor-icon-wrapper\">\n\t\t\t<div class=\"elementor-icon\">\n\t\t\t<i aria-hidden=\"true\" class=\"fas fa-address-card\"><\/i>\t\t\t<\/div>\n\t\t<\/div>\n\t\t\t\t\t\t<\/div>\n\t\t\t\t<\/div>\n\t\t\t\t<div class=\"elementor-element elementor-element-3f3c7e2 elementor-widget elementor-widget-heading\" data-id=\"3f3c7e2\" data-element_type=\"widget\" data-e-type=\"widget\" data-widget_type=\"heading.default\">\n\t\t\t\t<div class=\"elementor-widget-container\">\n\t\t\t\t\t<h4 class=\"elementor-heading-title elementor-size-default\">Telefon und E-Mail:<\/h4>\t\t\t\t<\/div>\n\t\t\t\t<\/div>\n\t\t\t\t<div class=\"elementor-element elementor-element-9d62b29 elementor-widget elementor-widget-text-editor\" data-id=\"9d62b29\" data-element_type=\"widget\" data-e-type=\"widget\" data-widget_type=\"text-editor.default\">\n\t\t\t\t<div class=\"elementor-widget-container\">\n\t\t\t\t\t\t\t\t\t<p>Tel. 031 552 21 21<br \/>(Mo-Do: 9.00-14.00)<br \/><span style=\"text-decoration: underline;\"><span style=\"color: #ffffff;\"><a class=\"mail\" style=\"color: #ffffff; text-decoration: underline;\" href=\"mailto:info@compassion.ch\">info@compassion.ch<\/a><\/span><\/span><\/p>\t\t\t\t\t\t\t\t<\/div>\n\t\t\t\t<\/div>\n\t\t\t\t\t<\/div>\n\t\t<\/div>\n\t\t\t\t<div class=\"elementor-column elementor-col-33 elementor-inner-column elementor-element elementor-element-fa87876\" data-id=\"fa87876\" data-element_type=\"column\" data-e-type=\"column\">\n\t\t\t<div class=\"elementor-widget-wrap elementor-element-populated\">\n\t\t\t\t\t\t<div class=\"elementor-element elementor-element-2ac0f03 elementor-view-framed elementor-shape-circle elementor-widget elementor-widget-icon\" data-id=\"2ac0f03\" data-element_type=\"widget\" data-e-type=\"widget\" data-widget_type=\"icon.default\">\n\t\t\t\t<div class=\"elementor-widget-container\">\n\t\t\t\t\t\t\t<div class=\"elementor-icon-wrapper\">\n\t\t\t<div class=\"elementor-icon\">\n\t\t\t<i aria-hidden=\"true\" class=\"far fa-money-bill-alt\"><\/i>\t\t\t<\/div>\n\t\t<\/div>\n\t\t\t\t\t\t<\/div>\n\t\t\t\t<\/div>\n\t\t\t\t<div class=\"elementor-element elementor-element-456c02d elementor-widget elementor-widget-heading\" data-id=\"456c02d\" data-element_type=\"widget\" data-e-type=\"widget\" data-widget_type=\"heading.default\">\n\t\t\t\t<div class=\"elementor-widget-container\">\n\t\t\t\t\t<h4 class=\"elementor-heading-title elementor-size-default\">Unser Spendenkonto:<\/h4>\t\t\t\t<\/div>\n\t\t\t\t<\/div>\n\t\t\t\t<div class=\"elementor-element elementor-element-f6e44c9 elementor-widget elementor-widget-text-editor\" data-id=\"f6e44c9\" data-element_type=\"widget\" data-e-type=\"widget\" data-widget_type=\"text-editor.default\">\n\t\t\t\t<div class=\"elementor-widget-container\">\n\t\t\t\t\t\t\t\t\t<p class=\"bodytext\">Raiffeisen<br \/>IBAN CH93 8080 8007 6814 3434 7<br \/>BIC : RAIFCH22XXX<\/p><p class=\"bodytext\">\u00a0<\/p>\t\t\t\t\t\t\t\t<\/div>\n\t\t\t\t<\/div>\n\t\t\t\t\t<\/div>\n\t\t<\/div>\n\t\t\t\t\t<\/div>\n\t\t<\/section>\n\t\t\t\t\t<\/div>\n\t\t<\/div>\n\t\t\t\t\t<\/div>\n\t\t<\/section>\n\t\t\t\t<\/div>\n\t\t","protected":false},"excerpt":{"rendered":"<p>Kontakt Du kannst uns deine W\u00fcnsche, Fragen und Anregungen \u00fcber dieses Formular mitteilen.Wir helfen dir gerne weiter. Contact general deutsch Updates Anrede&#8211; bitte w\u00e4hlen &#8211;FrauHerrVornameNameE-MailTelefonDeine Frage betrifftdeine Nachricht \u00a0Ja, ich habe die Datenschutzbestimmungen gelesen. Anfrage senden Wenn du uns einen<span class=\"excerpt_more\">&#8230;<\/span><\/p>\n","protected":false},"author":8,"featured_media":0,"parent":0,"menu_order":0,"comment_status":"closed","ping_status":"closed","template":"","meta":{"give_campaign_id":0,"footnotes":""},"class_list":["post-539566","page","type-page","status-publish","hentry"],"campaignId":"","_links":{"self":[{"href":"https:\/\/compassion.ch\/de\/wp-json\/wp\/v2\/pages\/539566","targetHints":{"allow":["GET"]}}],"collection":[{"href":"https:\/\/compassion.ch\/de\/wp-json\/wp\/v2\/pages"}],"about":[{"href":"https:\/\/compassion.ch\/de\/wp-json\/wp\/v2\/types\/page"}],"author":[{"embeddable":true,"href":"https:\/\/compassion.ch\/de\/wp-json\/wp\/v2\/users\/8"}],"replies":[{"embeddable":true,"href":"https:\/\/compassion.ch\/de\/wp-json\/wp\/v2\/comments?post=539566"}],"version-history":[{"count":0,"href":"https:\/\/compassion.ch\/de\/wp-json\/wp\/v2\/pages\/539566\/revisions"}],"wp:attachment":[{"href":"https:\/\/compassion.ch\/de\/wp-json\/wp\/v2\/media?parent=539566"}],"curies":[{"name":"wp","href":"https:\/\/api.w.org\/{rel}","templated":true}]}}