{"id":489937,"date":"2023-11-07T12:22:58","date_gmt":"2023-11-07T11:22:58","guid":{"rendered":"https:\/\/compassion.ch\/finances\/"},"modified":"2024-02-08T11:02:20","modified_gmt":"2024-02-08T10:02:20","slug":"finanzen","status":"publish","type":"page","link":"https:\/\/compassion.ch\/de\/finanzen\/","title":{"rendered":"Finanzen"},"content":{"rendered":"\t\t<div data-elementor-type=\"wp-page\" data-elementor-id=\"489937\" class=\"elementor elementor-489937 elementor-489153\" data-elementor-post-type=\"page\">\n\t\t\t\t\t\t<section class=\"elementor-section elementor-top-section elementor-element elementor-element-4acf19b8 elementor-section-boxed elementor-section-height-default elementor-section-height-default\" data-id=\"4acf19b8\" data-element_type=\"section\" data-e-type=\"section\" data-settings=\"{&quot;background_background&quot;:&quot;classic&quot;}\">\n\t\t\t\t\t\t<div class=\"elementor-container elementor-column-gap-default\">\n\t\t\t\t\t<div class=\"elementor-column elementor-col-100 elementor-top-column elementor-element elementor-element-27fd51\" data-id=\"27fd51\" data-element_type=\"column\" data-e-type=\"column\">\n\t\t\t<div class=\"elementor-widget-wrap elementor-element-populated\">\n\t\t\t\t\t\t<div class=\"elementor-element elementor-element-1aadd238 elementor-widget elementor-widget-heading\" data-id=\"1aadd238\" data-element_type=\"widget\" data-e-type=\"widget\" data-widget_type=\"heading.default\">\n\t\t\t\t<div class=\"elementor-widget-container\">\n\t\t\t\t\t<h2 class=\"elementor-heading-title elementor-size-default\">FINANZEN<\/h2>\t\t\t\t<\/div>\n\t\t\t\t<\/div>\n\t\t\t\t<div class=\"elementor-element elementor-element-5b1744a0 elementor-widget elementor-widget-text-editor\" data-id=\"5b1744a0\" data-element_type=\"widget\" data-e-type=\"widget\" data-widget_type=\"text-editor.default\">\n\t\t\t\t<div class=\"elementor-widget-container\">\n\t\t\t\t\t\t\t\t\t<p style=\"text-align: center;\"><span style=\"font-weight: 400;\"><strong>Wir nehmen verantwortliches Haushalten sehr ernst. Compassion arbeitet nach hohen, international g\u00fcltigen Standards. \u00dcber 80 Prozent der Spenden werden f\u00fcr die Programmarbeit und damit zum Wohl der Kinder eingesetzt.<\/strong> <\/span><\/p>\t\t\t\t\t\t\t\t<\/div>\n\t\t\t\t<\/div>\n\t\t\t\t\t<\/div>\n\t\t<\/div>\n\t\t\t\t\t<\/div>\n\t\t<\/section>\n\t\t\t\t<section class=\"elementor-section elementor-top-section elementor-element elementor-element-f1ef1ed elementor-section-boxed elementor-section-height-default elementor-section-height-default\" data-id=\"f1ef1ed\" data-element_type=\"section\" data-e-type=\"section\">\n\t\t\t\t\t\t<div class=\"elementor-container elementor-column-gap-default\">\n\t\t\t\t\t<div class=\"elementor-column elementor-col-100 elementor-top-column elementor-element elementor-element-6f9e8926\" data-id=\"6f9e8926\" data-element_type=\"column\" data-e-type=\"column\">\n\t\t\t<div class=\"elementor-widget-wrap elementor-element-populated\">\n\t\t\t\t\t\t<div class=\"elementor-element elementor-element-747c4a23 elementor-widget elementor-widget-text-editor\" data-id=\"747c4a23\" data-element_type=\"widget\" data-e-type=\"widget\" data-widget_type=\"text-editor.default\">\n\t\t\t\t<div class=\"elementor-widget-container\">\n\t\t\t\t\t\t\t\t\t<p><span style=\"font-weight: 400;\">Compassion International wird von der Revisionsstelle PwC kontrolliert. Jedes Partnerland wird von einer Revisionsstelle aus seinem eigenen Land beaufsichtigt. Compassion International erreicht jedes Jahr eine Auszeichnung im &#8222;World Charity Navigator&#8220; und bei anderen internationalen Akkreditierungsinstitutionen.<\/span><\/p><p><span style=\"font-weight: 400;\">Compassion Schweiz ver\u00f6ffentlicht seine Buchhaltung j\u00e4hrlich. Unser Rechnungsjahr beginnt am 1. Juli und endet am 30. Juni. Die Jahresberichte sind auf der Download-Seite verf\u00fcgbar.<\/span><\/p><p><span style=\"font-weight: 400;\">Compassion Schweiz ist ein gemeinn\u00fctziger Verein mit Sitz im Kanton Waadt. Die Spenden sind in der Schweiz<\/span><span style=\"text-decoration: underline;\"><a href=\"https:\/\/compassion.ch\/de\/spenden-und-steuern\/\" target=\"_blank\" rel=\"noopener\"> <span style=\"font-weight: 400;\">steuerabzugsberechtigt<\/span><\/a><\/span><span style=\"font-weight: 400;\"><span style=\"text-decoration: underline;\">.<\/span> Steuerstatus des Vereins Compassion: <\/span><span style=\"text-decoration: underline;\"><a href=\"https:\/\/compassion.ch\/wp-content\/uploads\/2016\/03\/compassion_suisse_statut_fiscal.pdf\"><span style=\"font-weight: 400;\">PDF<\/span><\/a><\/span><span style=\"font-weight: 400;\">.<\/span><\/p><p>\u00a0<\/p><p><strong>Bankverbindung<\/strong><br \/>Compassion Schweiz<br \/>IBAN CH93 8080 8007 6814 3434 7<\/p>\t\t\t\t\t\t\t\t<\/div>\n\t\t\t\t<\/div>\n\t\t\t\t<section class=\"elementor-section elementor-inner-section elementor-element elementor-element-1bd0638e elementor-section-boxed elementor-section-height-default elementor-section-height-default\" data-id=\"1bd0638e\" data-element_type=\"section\" data-e-type=\"section\">\n\t\t\t\t\t\t<div class=\"elementor-container elementor-column-gap-default\">\n\t\t\t\t\t<div class=\"elementor-column elementor-col-33 elementor-inner-column elementor-element elementor-element-57e689fe\" data-id=\"57e689fe\" data-element_type=\"column\" data-e-type=\"column\">\n\t\t\t<div class=\"elementor-widget-wrap elementor-element-populated\">\n\t\t\t\t\t\t<div class=\"elementor-element elementor-element-1b1a403f elementor-widget elementor-widget-image\" data-id=\"1b1a403f\" data-element_type=\"widget\" data-e-type=\"widget\" data-widget_type=\"image.default\">\n\t\t\t\t<div class=\"elementor-widget-container\">\n\t\t\t\t\t\t\t\t\t\t\t\t\t\t\t<img fetchpriority=\"high\" decoding=\"async\" width=\"300\" height=\"277\" src=\"https:\/\/compassion.ch\/wp-content\/uploads\/2021\/06\/charity_nav_small-e1624355124114.jpg\" class=\"attachment-full size-full wp-image-286439\" alt=\"\" \/>\t\t\t\t\t\t\t\t\t\t\t\t\t\t\t<\/div>\n\t\t\t\t<\/div>\n\t\t\t\t<div class=\"elementor-element elementor-element-37f230f4 elementor-widget elementor-widget-heading\" data-id=\"37f230f4\" data-element_type=\"widget\" data-e-type=\"widget\" data-widget_type=\"heading.default\">\n\t\t\t\t<div class=\"elementor-widget-container\">\n\t\t\t\t\t<h3 class=\"elementor-heading-title elementor-size-default\">Charity Navigator<\/h3>\t\t\t\t<\/div>\n\t\t\t\t<\/div>\n\t\t\t\t<div class=\"elementor-element elementor-element-32ad324d elementor-widget-divider--view-line elementor-widget elementor-widget-divider\" data-id=\"32ad324d\" data-element_type=\"widget\" data-e-type=\"widget\" data-widget_type=\"divider.default\">\n\t\t\t\t<div class=\"elementor-widget-container\">\n\t\t\t\t\t\t\t<div class=\"elementor-divider\">\n\t\t\t<span class=\"elementor-divider-separator\">\n\t\t\t\t\t\t<\/span>\n\t\t<\/div>\n\t\t\t\t\t\t<\/div>\n\t\t\t\t<\/div>\n\t\t\t\t<div class=\"elementor-element elementor-element-4df15317 elementor-widget elementor-widget-text-editor\" data-id=\"4df15317\" data-element_type=\"widget\" data-e-type=\"widget\" data-widget_type=\"text-editor.default\">\n\t\t\t\t<div class=\"elementor-widget-container\">\n\t\t\t\t\t\t\t\t\t<p><span style=\"font-weight: 400;\">In den USA, dem Land des Hauptsitzes von Compassion, geh\u00f6ren wir zu den humanit\u00e4ren Organisationen, die das gr\u00f6sste Vertrauen geniessen. Charity Navigator ist eine\u00a0 unabh\u00e4ngige Organisation zur Bewertung von gemeinn\u00fctzigen Organisationen in den USA. Compassion International wurde f\u00fcr seine Transparenz und die Verwendung seiner finanziellen Ressourcen mit dem Charity Navigator-Siegel ausgezeichnet.<\/span><\/p>\t\t\t\t\t\t\t\t<\/div>\n\t\t\t\t<\/div>\n\t\t\t\t\t<\/div>\n\t\t<\/div>\n\t\t\t\t<div class=\"elementor-column elementor-col-33 elementor-inner-column elementor-element elementor-element-200285cc\" data-id=\"200285cc\" data-element_type=\"column\" data-e-type=\"column\">\n\t\t\t<div class=\"elementor-widget-wrap elementor-element-populated\">\n\t\t\t\t\t\t<div class=\"elementor-element elementor-element-19f9a208 elementor-widget elementor-widget-image\" data-id=\"19f9a208\" data-element_type=\"widget\" data-e-type=\"widget\" data-widget_type=\"image.default\">\n\t\t\t\t<div class=\"elementor-widget-container\">\n\t\t\t\t\t\t\t\t\t\t\t\t\t\t\t<img decoding=\"async\" width=\"326\" height=\"301\" src=\"https:\/\/compassion.ch\/wp-content\/uploads\/2021\/06\/codehonneur_small.jpg\" class=\"attachment-full size-full wp-image-286436\" alt=\"\" srcset=\"https:\/\/compassion.ch\/wp-content\/uploads\/2021\/06\/codehonneur_small.jpg 326w, https:\/\/compassion.ch\/wp-content\/uploads\/2021\/06\/codehonneur_small-300x277.jpg 300w\" sizes=\"(max-width: 326px) 100vw, 326px\" \/>\t\t\t\t\t\t\t\t\t\t\t\t\t\t\t<\/div>\n\t\t\t\t<\/div>\n\t\t\t\t<div class=\"elementor-element elementor-element-7fdd0da4 elementor-widget elementor-widget-heading\" data-id=\"7fdd0da4\" data-element_type=\"widget\" data-e-type=\"widget\" data-widget_type=\"heading.default\">\n\t\t\t\t<div class=\"elementor-widget-container\">\n\t\t\t\t\t<h3 class=\"elementor-heading-title elementor-size-default\">SEA Ehrenkodex<\/h3>\t\t\t\t<\/div>\n\t\t\t\t<\/div>\n\t\t\t\t<div class=\"elementor-element elementor-element-28b32938 elementor-widget-divider--view-line elementor-widget elementor-widget-divider\" data-id=\"28b32938\" data-element_type=\"widget\" data-e-type=\"widget\" data-widget_type=\"divider.default\">\n\t\t\t\t<div class=\"elementor-widget-container\">\n\t\t\t\t\t\t\t<div class=\"elementor-divider\">\n\t\t\t<span class=\"elementor-divider-separator\">\n\t\t\t\t\t\t<\/span>\n\t\t<\/div>\n\t\t\t\t\t\t<\/div>\n\t\t\t\t<\/div>\n\t\t\t\t<div class=\"elementor-element elementor-element-4f5a67e8 elementor-widget elementor-widget-text-editor\" data-id=\"4f5a67e8\" data-element_type=\"widget\" data-e-type=\"widget\" data-widget_type=\"text-editor.default\">\n\t\t\t\t<div class=\"elementor-widget-container\">\n\t\t\t\t\t\t\t\t\t<p><span style=\"font-weight: 400;\">Compassion Schweiz hat den <span style=\"text-decoration: underline;\"><a href=\"https:\/\/www.ehrenkodex.ch\/\" target=\"_blank\" rel=\"noopener\">Ehrenkodex<\/a><\/span> der Schweizerischen Evangelischen Allianz unterzeichnet. Dieses G\u00fctesiegel verpflichtet den Unterzeichner zu Transparenz in seiner \u00d6ffentlichkeitsarbeit, zu einer klaren Buchhaltung und zu einem verantwortungsvollen Umgang mit den erhaltenen Spenden.<\/span><\/p>\t\t\t\t\t\t\t\t<\/div>\n\t\t\t\t<\/div>\n\t\t\t\t\t<\/div>\n\t\t<\/div>\n\t\t\t\t<div class=\"elementor-column elementor-col-33 elementor-inner-column elementor-element elementor-element-39709c88\" data-id=\"39709c88\" data-element_type=\"column\" data-e-type=\"column\">\n\t\t\t<div class=\"elementor-widget-wrap elementor-element-populated\">\n\t\t\t\t\t\t<div class=\"elementor-element elementor-element-299f7bd0 elementor-widget elementor-widget-image\" data-id=\"299f7bd0\" data-element_type=\"widget\" data-e-type=\"widget\" data-widget_type=\"image.default\">\n\t\t\t\t<div class=\"elementor-widget-container\">\n\t\t\t\t\t\t\t\t\t\t\t\t\t\t\t<img decoding=\"async\" width=\"326\" height=\"301\" src=\"https:\/\/compassion.ch\/wp-content\/uploads\/2023\/11\/interaction_logo-2.png\" class=\"attachment-full size-full wp-image-489946\" alt=\"\" srcset=\"https:\/\/compassion.ch\/wp-content\/uploads\/2023\/11\/interaction_logo-2.png 326w, https:\/\/compassion.ch\/wp-content\/uploads\/2023\/11\/interaction_logo-2-300x277.png 300w\" sizes=\"(max-width: 326px) 100vw, 326px\" \/>\t\t\t\t\t\t\t\t\t\t\t\t\t\t\t<\/div>\n\t\t\t\t<\/div>\n\t\t\t\t<div class=\"elementor-element elementor-element-6ef6777a elementor-widget elementor-widget-heading\" data-id=\"6ef6777a\" data-element_type=\"widget\" data-e-type=\"widget\" data-widget_type=\"heading.default\">\n\t\t\t\t<div class=\"elementor-widget-container\">\n\t\t\t\t\t<h3 class=\"elementor-heading-title elementor-size-default\">Interaction<\/h3>\t\t\t\t<\/div>\n\t\t\t\t<\/div>\n\t\t\t\t<div class=\"elementor-element elementor-element-79fefc1c elementor-widget-divider--view-line elementor-widget elementor-widget-divider\" data-id=\"79fefc1c\" data-element_type=\"widget\" data-e-type=\"widget\" data-widget_type=\"divider.default\">\n\t\t\t\t<div class=\"elementor-widget-container\">\n\t\t\t\t\t\t\t<div class=\"elementor-divider\">\n\t\t\t<span class=\"elementor-divider-separator\">\n\t\t\t\t\t\t<\/span>\n\t\t<\/div>\n\t\t\t\t\t\t<\/div>\n\t\t\t\t<\/div>\n\t\t\t\t<div class=\"elementor-element elementor-element-12c315ea elementor-widget elementor-widget-text-editor\" data-id=\"12c315ea\" data-element_type=\"widget\" data-e-type=\"widget\" data-widget_type=\"text-editor.default\">\n\t\t\t\t<div class=\"elementor-widget-container\">\n\t\t\t\t\t\t\t\t\t<p><span style=\"text-decoration: underline;\"><a href=\"https:\/\/interaction-schweiz.ch\/\" target=\"_blank\" rel=\"noopener\">INTERACTION<\/a><\/span> <span style=\"font-weight: 400;\">Compassion Schweiz ist ausserdem Mitglied des Dachverbandes INTERACTION. Dies ist ein Kollektiv von Missionen, christlichen NGOs und Organisationen, die sich in der Entwicklungszusammenarbeit, der humanit\u00e4ren Hilfe und der Entwicklungspolitik engagieren. INTERACTION ist eine Arbeitsgemeinschaft der Schweizerischen Evangelischen Allianz und bietet zudem eine Lerngemeinschaft und ein Kompetenzzentrum in den Bereichen Entwicklungszusammenarbeit, Entwicklungspolitik und humanit\u00e4re Hilfe. Die Mitglieder von Interaction leisten zusammen 210 Millionen Franken Entwicklungshilfe pro Jahr (Stand 2020).<\/span><\/p>\t\t\t\t\t\t\t\t<\/div>\n\t\t\t\t<\/div>\n\t\t\t\t\t<\/div>\n\t\t<\/div>\n\t\t\t\t\t<\/div>\n\t\t<\/section>\n\t\t\t\t\t<\/div>\n\t\t<\/div>\n\t\t\t\t\t<\/div>\n\t\t<\/section>\n\t\t\t\t<\/div>\n\t\t","protected":false},"excerpt":{"rendered":"<p>FINANZEN Wir nehmen verantwortliches Haushalten sehr ernst. Compassion arbeitet nach hohen, international g\u00fcltigen Standards. \u00dcber 80 Prozent der Spenden werden f\u00fcr die Programmarbeit und damit zum Wohl der Kinder eingesetzt. Compassion International wird von der Revisionsstelle PwC kontrolliert. Jedes Partnerland<span class=\"excerpt_more\">&#8230;<\/span><\/p>\n","protected":false},"author":8,"featured_media":0,"parent":0,"menu_order":0,"comment_status":"closed","ping_status":"closed","template":"elementor_header_footer","meta":{"give_campaign_id":0,"footnotes":""},"class_list":["post-489937","page","type-page","status-publish","hentry"],"campaignId":"","_links":{"self":[{"href":"https:\/\/compassion.ch\/de\/wp-json\/wp\/v2\/pages\/489937","targetHints":{"allow":["GET"]}}],"collection":[{"href":"https:\/\/compassion.ch\/de\/wp-json\/wp\/v2\/pages"}],"about":[{"href":"https:\/\/compassion.ch\/de\/wp-json\/wp\/v2\/types\/page"}],"author":[{"embeddable":true,"href":"https:\/\/compassion.ch\/de\/wp-json\/wp\/v2\/users\/8"}],"replies":[{"embeddable":true,"href":"https:\/\/compassion.ch\/de\/wp-json\/wp\/v2\/comments?post=489937"}],"version-history":[{"count":0,"href":"https:\/\/compassion.ch\/de\/wp-json\/wp\/v2\/pages\/489937\/revisions"}],"wp:attachment":[{"href":"https:\/\/compassion.ch\/de\/wp-json\/wp\/v2\/media?parent=489937"}],"curies":[{"name":"wp","href":"https:\/\/api.w.org\/{rel}","templated":true}]}}