{"id":29213,"date":"2016-03-09T12:24:43","date_gmt":"2016-03-09T11:24:43","guid":{"rendered":"https:\/\/compassion.ch\/sengager-davantage\/"},"modified":"2024-08-23T15:16:53","modified_gmt":"2024-08-23T13:16:53","slug":"sich-mehr-engagieren","status":"publish","type":"page","link":"https:\/\/compassion.ch\/de\/sich-mehr-engagieren\/","title":{"rendered":"Mithelfen"},"content":{"rendered":"<div id=\"pl-29213\"  class=\"panel-layout\" ><div class=\"section section_full_width\" ><div id=\"pg-29213-0\"  class=\"panel-grid panel-no-style\" ><div id=\"pgc-29213-0-0\"  class=\"panel-grid-cell\" ><div id=\"panel-29213-0-0-0\" class=\"so-panel widget widget_image-slider panel-first-child panel-last-child\" data-index=\"0\" ><div\n\t\t\t\n\t\t\tclass=\"so-widget-image-slider so-widget-image-slider-image-slider-style-d75171398898-29213\"\n\t\t\t\n\t\t>\n<div class=\"slick-slider slick-carousel slick-style-head\" data-slickSlides=\"1\" data-slickScroll=\"1\" data-slickArrows=\"true\" data-slickDots=\"true\">\n\n  \n  <div class=\"slide\">\n    <div class=\"slide-image position-center\" style=\"background-image: url(https:\/\/compassion.ch\/wp-content\/uploads\/2016\/03\/compassion_sengager.jpg);\"><\/div>\n    <div class=\"slide-content-wrapper\">\n      <div class=\"slide-content\">\n              <\/div>\n    <\/div>\n  <\/div>\n\n  \n<\/div>\n<\/div><\/div><\/div><\/div><\/div><div class=\"section background-beige-gradient background-beige section_abgerissen_oben has_breadcrumb\" ><div class=\"row section_breadcrumb\"><ul id=\"breadcrumbs\" class=\"breadcrumbs\"><li class=\"item-home\"><a class=\"bread-link bread-home\" href=\"https:\/\/compassion.ch\/de\/\" title=\"Home\">Home<\/a><\/li><li class=\"separator separator-home\"> <span class=\"triangle\"><\/span> <\/li><\/ul><\/div><div class=\"row section_row\"><div id=\"pg-29213-1\"  class=\"panel-grid panel-no-style\" ><div id=\"pgc-29213-1-0\"  class=\"panel-grid-cell\" ><div id=\"panel-29213-1-0-0\" class=\"so-panel widget widget_sow-editor panel-first-child\" data-index=\"1\" ><div\n\t\t\t\n\t\t\tclass=\"so-widget-sow-editor so-widget-sow-editor-base\"\n\t\t\t\n\t\t>\n<div class=\"siteorigin-widget-tinymce textwidget\">\n\t<h2 style=\"text-align: center;\">Mithelfen<\/h2>\n<h4 style=\"text-align: center;\">Liegen dir Kinder in Armut besonders am Herzen? Willst du noch mehr f\u00fcr diese Kinder tun?<\/h4>\n<h4 style=\"text-align: center;\">Du kannst dich ehrenamtlich f\u00fcr Compassion engagieren und deine Zeit und Energie einsetzen, um Kinder aus Armut zu befreien \u2013 in Jesu Namen! Sei es als \u00dcbersetzerin, als Mitarbeiter an einem Stand, durch eine Pr\u00e4sentation in deiner Kirche oder durch Mithilfe beim Versand \u2013 tue das, was dir liegt.<\/h4>\n<h4 style=\"text-align: center;\">Hier stellen wir dir einige M\u00f6glichkeiten vor:<\/h4>\n<p>&nbsp;<\/p>\n<\/div>\n<\/div><\/div><div id=\"panel-29213-1-0-1\" class=\"so-panel widget widget_siteorigin-panels-builder panel-last-child\" data-index=\"2\" ><div id=\"pl-w65a69ab5065f4\"  class=\"panel-layout\" ><div class=\"row section_row\"><div id=\"pg-w65a69ab5065f4-0\"  class=\"panel-grid panel-no-style\" ><div id=\"pgc-w65a69ab5065f4-0-0\"  class=\"panel-grid-cell\" ><div id=\"panel-w65a69ab5065f4-0-0-0\" class=\"so-panel widget widget_teaser-box panel-first-child\" data-index=\"0\" ><div\n\t\t\t\n\t\t\tclass=\"so-widget-teaser-box so-widget-teaser-box-teaser-box-style-d75171398898\"\n\t\t\t\n\t\t><div class=\"teaser-box\">\n  <div class=\"image position-\" style=\"background-image: url(https:\/\/compassion.ch\/wp-content\/uploads\/2016\/03\/IMG_3952.jpg);\"><\/div>\n  <h4 class=\"svg-divider\">An Konzerten &amp; Konferenzen<\/h4>\n  <p>\u201eTu deinen Mund auf f\u00fcr die Stummen und f\u00fcr die Sache aller, die verlassen sind.\u201c Dazu fordert Salomo uns in Spr\u00fcche 31 auf. Wir suchen immer wieder Leute, die f\u00fcr jene Kinder sprechen, die nicht f\u00fcr sich selber sprechen k\u00f6nnen, f\u00fcr Kinder, die in extremer Armut leben.<\/p>\n<p>An Konzerten, Konferenzen und Gottesdiensten hast du Gelegenheit, \u00fcber deine Erfahrungen als Compassion Pate und \u00fcber dein Herz f\u00fcr Kinder in Armut zu sprechen. Wir unterst\u00fctzen dich dabei mit Material und Tipps und helfen dir bei den Vorbereitungen.<\/p>\n<p><a href=\"#form\">mehr Infos anfragen<\/a><\/p>\n<\/div>\n<\/div><\/div><div id=\"panel-w65a69ab5065f4-0-0-1\" class=\"so-panel widget widget_teaser-box\" data-index=\"1\" ><div\n\t\t\t\n\t\t\tclass=\"so-widget-teaser-box so-widget-teaser-box-teaser-box-style-d75171398898\"\n\t\t\t\n\t\t><div class=\"teaser-box\">\n  <div class=\"image position-\" style=\"background-image: url(https:\/\/compassion.ch\/wp-content\/uploads\/2024\/01\/compassion_traduction.jpg);\"><\/div>\n  <h4 class=\"svg-divider\">\u00dcbersetzen<\/h4>\n  <p>Unsere \u00dcbersetzerinnen und \u00dcbersetzer sind das Bindeglied zwischen den Paten und den Kindern. 30% der Briefe brauchen \u00dcbersetzung.<\/p>\n<p>Wenn Sprachen deine St\u00e4rke sind (Deutsch, Franz\u00f6sisch, Englisch, Spanisch oder Portugiesisch), wirst du diese Arbeit lieben. Du hast Zugang zu den wunderbaren Briefen unserer Patenkinder und bist ganz nah am Kern unserer Arbeit, n\u00e4mlich an der ermutigenden und pers\u00f6nlichen Beziehung zwischen Kindern und Paten, an der so vieles h\u00e4ngt.<\/p>\n<p><a href=\"#form\">mehr Infos anfragen<\/a><\/p>\n<\/div>\n<\/div><\/div><div id=\"panel-w65a69ab5065f4-0-0-2\" class=\"so-panel widget widget_teaser-box panel-last-child\" data-index=\"2\" ><div\n\t\t\t\n\t\t\tclass=\"so-widget-teaser-box so-widget-teaser-box-teaser-box-style-d75171398898\"\n\t\t\t\n\t\t><div class=\"teaser-box\">\n  <div class=\"image position-\" style=\"background-image: url(https:\/\/compassion.ch\/wp-content\/uploads\/2017\/01\/muskathlon_banner.jpg);\"><\/div>\n  <h4 class=\"svg-divider\">Sportlicher Einsatz<\/h4>\n  <p>Du magst frische Luft und Adrenalin? Sport geh\u00f6rt zu deinem Leben? Verbinde deine Leidenschaft mit deinem Herzensanliegen f\u00fcr arme Kinder und nimm an einem Muskathlon teil. Ein extremer Einsatz f\u00fcr Gerechtigkeit weltweit!<\/p>\n<p><a href=\"#form\">mehr Infos anfragen<\/a><\/p>\n<p>&nbsp;<\/p>\n<p><a id=\"#\" href=\"https:\/\/compassion.ch\/de\/sport\/\" class=\"button button-blue button-medium\">Weitere&nbsp;Informationen \u00fcber den Muskathlon<\/a><\/p>\n<\/div>\n<\/div><\/div><\/div><div id=\"pgc-w65a69ab5065f4-0-1\"  class=\"panel-grid-cell\" ><div id=\"panel-w65a69ab5065f4-0-1-0\" class=\"so-panel widget widget_teaser-box panel-first-child\" data-index=\"3\" ><div\n\t\t\t\n\t\t\tclass=\"so-widget-teaser-box so-widget-teaser-box-teaser-box-style-d75171398898\"\n\t\t\t\n\t\t><div class=\"teaser-box\">\n  <div class=\"image position-\" style=\"background-image: url(https:\/\/compassion.ch\/wp-content\/uploads\/2016\/03\/10.02_CompassionChurch.jpg);\"><\/div>\n  <h4 class=\"svg-divider\">In deiner Gemeinde<\/h4>\n  <p>Liegt es dir am Herzen, dass die Themen Armut und Gerechtigkeit und das Anliegen der Kinder in deiner Kirche oder Gemeinde einen festen Platz haben? Dann sei unser Bindeglied in deiner Gemeinde!<\/p>\n<p>Wir halten dich auf dem Laufenden und versorgen dich mit Material f\u00fcr Pr\u00e4sentationen, Kindergottesdienste, Filmgottesdienste oder Workshops. Du schaust dann jeweils mit den Gemeindeleitenden, in welchem Rahmen die Themen eingebracht werden k\u00f6nnen. Dabei wirst du von Compassion Mitarbeitenden unterst\u00fctzt.<\/p>\n<p><a href=\"#form\">mehr Infos anfragen<\/a><\/p>\n<\/div>\n<\/div><\/div><div id=\"panel-w65a69ab5065f4-0-1-1\" class=\"so-panel widget widget_teaser-box\" data-index=\"4\" ><div\n\t\t\t\n\t\t\tclass=\"so-widget-teaser-box so-widget-teaser-box-teaser-box-style-d75171398898\"\n\t\t\t\n\t\t><div class=\"teaser-box\">\n  <div class=\"image position-\" style=\"background-image: url(https:\/\/compassion.ch\/wp-content\/uploads\/2021\/06\/beten_compassion_schweiz.jpg);\"><\/div>\n  <h4 class=\"svg-divider\">Beten<\/h4>\n  <p>Unsere gemeinsamen Gebete machen einen grossen Unterschied im Leben von Kindern und Familien auf der ganzen Welt. Paten und Unterst\u00fctzer\/innen k\u00f6nnen einmal im Monat Gebetsanliegen f\u00fcr Kinder in Armut, f\u00fcr unsere 8000 Partnerkirchen und f\u00fcr die Herausforderungen von Compassion in der Schweiz erhalten.<\/p>\n<p><a href=\"#form\">Anmelden<\/a><\/p>\n<\/div>\n<\/div><\/div><div id=\"panel-w65a69ab5065f4-0-1-2\" class=\"so-panel widget widget_teaser-box panel-last-child\" data-index=\"5\" ><div\n\t\t\t\n\t\t\tclass=\"so-widget-teaser-box so-widget-teaser-box-teaser-box-style-d75171398898\"\n\t\t\t\n\t\t><div class=\"teaser-box\">\n  <div class=\"image position-\" style=\"background-image: url(https:\/\/compassion.ch\/wp-content\/uploads\/2020\/11\/together_banner.jpg);\"><\/div>\n  <h4 class=\"svg-divider\">TOGETHER<\/h4>\n  <p>TOGETHER ist eine Spenden-Plattform des Kinderhilfswerks Compassion Schweiz. Einzelpersonen oder Gruppen erstellen eigene Fundraising-Aktionen f\u00fcr ausgew\u00e4hlte Entwicklungsprojekte, die von Compassion umgesetzt werden.<\/p>\n<p>Together funktioniert simpel und unkompliziert. Mit wenigen Klicks startest du dein eigenes Projekt. Du setzt dir ein Ziel und legst das Enddatum fest. Dann l\u00e4dst du deine Familie und Freunde per E-Mail, Facebook oder Instagram dazu ein, dein Sammelziel mit ihren Spenden zu unterst\u00fctzen.<\/p>\n<p><a href=\"https:\/\/together.compassion.ch\/de_DE\/homepage\/\">Weitere&nbsp;Informationen \u00fcber TOGETHER<\/a><\/p>\n<\/div>\n<\/div><\/div><\/div><\/div><\/div><\/div><\/div><\/div><\/div><\/div><\/div><div class=\"section background-blue\" ><div class=\"row section_row\"><div id=\"pg-29213-2\"  class=\"panel-grid panel-has-style\" ><div id=\"form\" class=\"panel-row-style panel-row-style-for-29213-2\" ><div id=\"pgc-29213-2-0\"  class=\"panel-grid-cell\" ><div id=\"panel-29213-2-0-0\" class=\"so-panel widget widget_sow-editor panel-first-child panel-last-child\" data-index=\"3\" ><div\n\t\t\t\n\t\t\tclass=\"so-widget-sow-editor so-widget-sow-editor-base\"\n\t\t\t\n\t\t>\n<div class=\"siteorigin-widget-tinymce textwidget\">\n\t<h2 class=\"text-uppercase\" style=\"text-align: center;\">Informationen anfordern<\/h2>\n<p class=\"subtitle\" style=\"text-align: center;\">Bitte f\u00fclle das Formular aus, damit wir dir mehr Infos zukommen lassen k\u00f6nnen, wie du dich f\u00fcr Kinder in Armut einsetzen kannst. Wir werden schnellstm\u00f6glich mit dir Kontakt aufnehmen.<\/p>\n<p>&nbsp;<\/p>\n<p class=\"subtitle\" style=\"text-align: center;\"><div class='fluentform ff-default fluentform_wrapper_20 ffs_custom_wrap'><form data-form_id=\"20\" id=\"fluentform_20\" class=\"frm-fluent-form fluent_form_20 ff-el-form-top ff_form_instance_20_1 ff-form-loading ff_has_v3_recptcha ffs_custom\" data-form_instance=\"ff_form_instance_20_1\" method=\"POST\" data-recptcha_key=\"6Ldp_TMnAAAAAFt320Fd-85Lj8CLBPiqq5BIJAbY\" ><fieldset  style=\"border: none!important;margin: 0!important;padding: 0!important;background-color: transparent!important;box-shadow: none!important;outline: none!important; min-inline-size: 100%;\">\n                    <legend class=\"ff_screen_reader_title\" style=\"display: block; margin: 0!important;padding: 0!important;height: 0!important;text-indent: -999999px;width: 0!important;overflow:hidden;\">volunteering DE (visible on : https:\/\/compassion.ch\/de\/sich-mehr-engagieren\/)<\/legend>        <div\n                style=\"display: none!important; position: absolute!important; transform: translateX(1000%)!important;\"\n                class=\"ff-el-group ff-hpsf-container\"\n        >\n            <div class=\"ff-el-input--label asterisk-right\">\n                <label for=\"ff_20_item_sf\" aria-label=\"Updates\">\n                    Updates                <\/label>\n            <\/div>\n            <div class=\"ff-el-input--content\">\n                <input type=\"text\"\n                       name=\"item_20__fluent_sf\"\n                       class=\"ff-el-form-control\"\n                       id=\"ff_20_item_sf\"\n                \/>\n            <\/div>\n        <\/div>\n        <input type='hidden' name='__fluent_form_embded_post_id' value='29213' \/><input type=\"hidden\" id=\"_fluentform_20_fluentformnonce\" name=\"_fluentform_20_fluentformnonce\" value=\"1e072ae686\" \/><input type=\"hidden\" name=\"_wp_http_referer\" value=\"\/de\/wp-json\/wp\/v2\/pages\/29213\" \/><div data-name=\"ff_cn_id_1\"  class='ff-t-container ff-column-container ff_columns_total_2 '><div class='ff-t-cell ff-t-column-1' style='flex-basis: 50%;'><div class='ff-el-group  ff_list_inline'><div class=\"ff-el-input--label asterisk-right\"><label   aria-label=\"Anrede\">Anrede<\/label><\/div><div class='ff-el-input--content'><div class='ff-el-form-check ff-el-form-check-'><label class='ff-el-form-check-label' for='input_radio_2aa7d1a851a7c1fce195ed2e0802642f'><input  type=\"radio\" name=\"input_radio\" data-name=\"input_radio\" class=\"ff-el-form-check-input ff-el-form-check-radio\" tabindex=\"1\" value=\"Frau\"  id='input_radio_2aa7d1a851a7c1fce195ed2e0802642f' aria-label='Frau' aria-invalid='false' aria-required=false> <span>Frau<\/span><\/label><\/div><div class='ff-el-form-check ff-el-form-check-'><label class='ff-el-form-check-label' for='input_radio_d60a76759584df5c2eac120e079f1a5f'><input  type=\"radio\" name=\"input_radio\" data-name=\"input_radio\" class=\"ff-el-form-check-input ff-el-form-check-radio\" tabindex=\"-1\" value=\"Herr\"  id='input_radio_d60a76759584df5c2eac120e079f1a5f' aria-label='Herr' aria-invalid='false' aria-required=false> <span>Herr<\/span><\/label><\/div><\/div><\/div><div data-type=\"name-element\" data-name=\"names\" class=\" ff-field_container ff-name-field-wrapper\" ><div class='ff-t-container'><div class='ff-t-cell '><div class='ff-el-group ff-el-form-top'><div class=\"ff-el-input--label ff-el-is-required asterisk-right\"><label for='ff_20_names_first_name_' id='label_ff_20_names_first_name_' >Vorname, Name<\/label><\/div><div class='ff-el-input--content'><input type=\"text\" name=\"names[first_name]\" id=\"ff_20_names_first_name_\" class=\"ff-el-form-control\" placeholder=\"Vorname, Name\" tabindex=\"2\" aria-invalid=\"false\" aria-required=true><\/div><\/div><\/div><\/div><\/div><div class='ff-el-group'><div class=\"ff-el-input--label ff-el-is-required asterisk-right\"><label for='ff_20_email' id='label_ff_20_email' aria-label=\"E-Mail\">E-Mail<\/label><\/div><div class='ff-el-input--content'><input type=\"email\" name=\"email\" id=\"ff_20_email\" class=\"ff-el-form-control\" placeholder=\"E-Mail\" data-name=\"email\" tabindex=\"3\"  aria-invalid=\"false\" aria-required=true><\/div><\/div><div class='ff-el-group'><div class=\"ff-el-input--label ff-el-is-required asterisk-right\"><label for='ff_20_input_tel' id='label_ff_20_input_tel' aria-label=\"Telefon\">Telefon<\/label><\/div><div class='ff-el-input--content'><input type=\"text\" name=\"input_tel\" class=\"ff-el-form-control\" placeholder=\"Telefon\" data-name=\"input_tel\" tabindex=\"4\" id=\"ff_20_input_tel\"  aria-invalid=\"false\" aria-required=true><\/div><\/div><\/div><div class='ff-t-cell ff-t-column-2' style='flex-basis: 50%;'><div class='ff-el-group'><div class=\"ff-el-input--label asterisk-right\"><label for='ff_20_input_gemeinde' id='label_ff_20_input_gemeinde' aria-label=\"Meine Gemeinde\">Meine Gemeinde<\/label><\/div><div class='ff-el-input--content'><input type=\"text\" name=\"input_gemeinde\" class=\"ff-el-form-control\" placeholder=\"Meine Gemeinde\" data-name=\"input_gemeinde\" tabindex=\"5\" id=\"ff_20_input_gemeinde\"  aria-invalid=\"false\" aria-required=false><\/div><\/div><div class='ff-el-group'><div class=\"ff-el-input--label ff-el-is-required asterisk-right\"><label for='ff_20_choix_infos' id='label_ff_20_choix_infos' aria-label=\"Bitte sendet mir Informationen zu:\">Bitte sendet mir Informationen zu:<\/label><\/div><div class='ff-el-input--content'><select name=\"choix_infos\" id=\"ff_20_choix_infos\" class=\"ff-el-form-control\" data-name=\"choix_infos\" data-calc_value=\"0\" tabindex=\"6\"  aria-invalid=\"false\" aria-required=\"true\" aria-labelledby=\"label_ff_20_choix_infos\"><option value=\"\">-Ausw\u00e4hlen-<\/option><option value=\"Engagement an Events\"  >Engagement an Events<\/option><option value=\"\u00dcbersetzung der Briefe\"  >\u00dcbersetzung der Briefe<\/option><option value=\"Engagement in meiner Gemeinde\"  >Engagement in meiner Gemeinde<\/option><option value=\"Beten\"  >Beten<\/option><option value=\"Laufen f\u00fcr Kinder\"  >Laufen f\u00fcr Kinder<\/option><\/select><\/div><\/div><div class='ff-el-group'><div class=\"ff-el-input--label asterisk-right\"><label for='ff_20_message' id='label_ff_20_message' aria-label=\"Anmerkungen\">Anmerkungen<\/label><\/div><div class='ff-el-input--content'><textarea aria-required=\"false\" aria-labelledby=\"label_ff_20_message\" name=\"message\" id=\"ff_20_message\" class=\"ff-el-form-control\" placeholder=\"Anmerkungen\" rows=\"6\" cols=\"2\" data-name=\"message\" tabindex=\"7\" ><\/textarea><\/div><\/div><\/div><\/div><div class='ff-el-group ff-text-right ff_submit_btn_wrapper'><button type=\"submit\" class=\"ff-btn ff-btn-submit ff-btn-lg ff_btn_style wpf_has_custom_css\" tabindex=\"8\"  aria-label=\"Senden\">Senden<\/button><\/div><\/fieldset><\/form><div id='fluentform_20_errors' class='ff-errors-in-stack ff_form_instance_20_1 ff-form-loading_errors ff_form_instance_20_1_errors'><\/div><\/div>            <script type=\"text\/javascript\">\n                window.fluent_form_ff_form_instance_20_1 = {\"id\":\"20\",\"ajaxUrl\":\"https:\\\/\\\/compassion.ch\\\/wp-admin\\\/admin-ajax.php\",\"settings\":{\"layout\":{\"labelPlacement\":\"top\",\"helpMessagePlacement\":\"with_label\",\"errorMessagePlacement\":\"inline\"},\"restrictions\":{\"denyEmptySubmission\":{\"enabled\":false}}},\"form_instance\":\"ff_form_instance_20_1\",\"form_id_selector\":\"fluentform_20\",\"rules\":{\"input_radio\":{\"required\":{\"value\":false,\"message\":\"Ce champ est obligatoire\",\"global_message\":\"Ce champ est obligatoire\",\"global\":true}},\"names[first_name]\":{\"required\":{\"value\":true,\"message\":\"Das Feld ist erforderlich.\",\"global_message\":\"Ce champ est obligatoire\",\"global\":false}},\"names[middle_name]\":{\"required\":{\"value\":false,\"message\":\"Ce champ est obligatoire\",\"global_message\":\"Ce champ est obligatoire\",\"global\":true}},\"names[last_name]\":{\"required\":{\"value\":false,\"message\":\"Ce champ est obligatoire\",\"global_message\":\"Ce champ est obligatoire\",\"global\":true}},\"email\":{\"required\":{\"value\":true,\"message\":\"Das Feld ist erforderlich.\",\"global_message\":\"Ce champ est obligatoire\",\"global\":false},\"email\":{\"value\":true,\"message\":\"Die eingegebene E-Mail-Adresse ist ung\\u00fcltig.\",\"global_message\":\"Ce champ doit contenir un e-mail valide\",\"global\":false}},\"input_tel\":{\"required\":{\"value\":true,\"message\":\"Das Feld ist erforderlich.\",\"global_message\":\"Ce champ est obligatoire\",\"global\":false}},\"input_gemeinde\":{\"required\":{\"value\":false,\"message\":\"Ce champ est obligatoire\",\"global_message\":\"Ce champ est obligatoire\",\"global\":true}},\"choix_infos\":{\"required\":{\"value\":true,\"message\":\"Das Feld ist erforderlich.\",\"global_message\":\"Ce champ est obligatoire\",\"global\":false}},\"message\":{\"required\":{\"value\":false,\"message\":\"Ce champ est obligatoire\",\"global_message\":\"Ce champ est obligatoire\",\"global\":true}}},\"debounce_time\":300};\n                            <\/script>\n            <\/p>\n<\/div>\n<\/div><\/div><\/div><\/div><\/div><\/div><\/div><div class=\"section background-beige section_abgerissen_oben section_full_width\" ><div id=\"pg-29213-3\"  class=\"panel-grid panel-no-style\" ><div id=\"pgc-29213-3-0\"  class=\"panel-grid-cell\" ><div id=\"panel-29213-3-0-0\" class=\"so-panel widget widget_kundenstimmen-slider panel-first-child panel-last-child\" data-index=\"4\" ><div\n\t\t\t\n\t\t\tclass=\"so-widget-kundenstimmen-slider so-widget-kundenstimmen-slider-kundenstimmen-slider-style-d75171398898-29213\"\n\t\t\t\n\t\t><div class=\"slick-carousel slick-kundenstimmen\" data-slickSlides=\"1\" data-slickScroll=\"1\" data-slickArrows=\"true\" data-slickDots=\"true\">\n\n  \n  <div class=\"slide\">\n    <div class=\"row\">\n      <div class=\"slide-content-wrapper\">\n        <div class=\"slide-image\" style=\"background-image: url(https:\/\/compassion.ch\/wp-content\/uploads\/2016\/03\/compassion_volontaire1.jpg);\"><\/div>\n        <div class=\"slide-content\">\n          <p>W\u00e4hrend meines Zivildienst bei Compassion k\u00fcmmere ich mich um neue Paten und auch um den Briefaustausch. Das ber\u00fchrt mich am meisten: ich sehe in den Briefen, wie dankbar die Kinder sind, dass sich ihr Pate f\u00fcr sie interessiert, f\u00fcr sie betet, sie unterst\u00fctzt und ihnen die Chance auf ein besseres Leben schenkt.<\/p>\n          <span class=\"person\">Benoit Tissot<\/span>\n        <\/div>\n      <\/div>\n    <\/div>\n  <\/div>\n\n  \n  <div class=\"slide\">\n    <div class=\"row\">\n      <div class=\"slide-content-wrapper\">\n        <div class=\"slide-image\" style=\"background-image: url(https:\/\/compassion.ch\/wp-content\/uploads\/2016\/03\/compassion_d_stauffer.jpg);\"><\/div>\n        <div class=\"slide-content\">\n          <p>Hallo, ich heisse Deborah und helfe leidenschaftlich mit. Ich finde Compassion eine tolle Organisation die das Herz am gleichen Ort hat wie ich. Ich bin dankbar das ich hier in der Schweiz ein so tolles Lebens f\u00fchren kann. Nicht alle haben dieses Gl\u00fcck. Mit meinen Eins\u00e4tzen kann ich einen kleinen Beitrag leisten, Kinder n\u00e4her zum Reich Gottes zu f\u00fchren und sie ganzheitlich zu unterst\u00fctzen.<\/p>\n          <span class=\"person\">Deborah Stauffer<\/span>\n        <\/div>\n      <\/div>\n    <\/div>\n  <\/div>\n\n  \n  <div class=\"slide\">\n    <div class=\"row\">\n      <div class=\"slide-content-wrapper\">\n        <div class=\"slide-image\" style=\"background-image: url(https:\/\/compassion.ch\/wp-content\/uploads\/2016\/03\/compassion_volontaire2.jpg);\"><\/div>\n        <div class=\"slide-content\">\n          <p>Ich \u00fcbersetze leidenschaftlich gerne Patenschaftsbriefe. Es ist eine tolle Sache, denn so kann ich einen Beitrag leisten, Kinder ganzheitlich zu unterst\u00fctzen und Reich Gottes zu bauen.<\/p>\n          <span class=\"person\">Mirjam Hedinger<\/span>\n        <\/div>\n      <\/div>\n    <\/div>\n  <\/div>\n\n  \n<\/div>\n<\/div><\/div><\/div><\/div><\/div><\/div><\/div>","protected":false},"excerpt":{"rendered":"<p>Mithelfen Liegen dir Kinder in Armut besonders am Herzen? Willst du noch mehr f\u00fcr diese Kinder tun? Du kannst dich ehrenamtlich f\u00fcr Compassion engagieren und deine Zeit und Energie einsetzen, um Kinder aus Armut zu befreien \u2013 in Jesu Namen!<span class=\"excerpt_more\">&#8230;<\/span><\/p>\n","protected":false},"author":8,"featured_media":0,"parent":0,"menu_order":0,"comment_status":"closed","ping_status":"closed","template":"","meta":{"give_campaign_id":0,"footnotes":""},"class_list":["post-29213","page","type-page","status-publish","hentry"],"campaignId":"","_links":{"self":[{"href":"https:\/\/compassion.ch\/de\/wp-json\/wp\/v2\/pages\/29213","targetHints":{"allow":["GET"]}}],"collection":[{"href":"https:\/\/compassion.ch\/de\/wp-json\/wp\/v2\/pages"}],"about":[{"href":"https:\/\/compassion.ch\/de\/wp-json\/wp\/v2\/types\/page"}],"author":[{"embeddable":true,"href":"https:\/\/compassion.ch\/de\/wp-json\/wp\/v2\/users\/8"}],"replies":[{"embeddable":true,"href":"https:\/\/compassion.ch\/de\/wp-json\/wp\/v2\/comments?post=29213"}],"version-history":[{"count":0,"href":"https:\/\/compassion.ch\/de\/wp-json\/wp\/v2\/pages\/29213\/revisions"}],"wp:attachment":[{"href":"https:\/\/compassion.ch\/de\/wp-json\/wp\/v2\/media?parent=29213"}],"curies":[{"name":"wp","href":"https:\/\/api.w.org\/{rel}","templated":true}]}}