{"id":12341,"date":"2017-01-23T15:49:01","date_gmt":"2017-01-23T14:49:01","guid":{"rendered":"https:\/\/compassion.ch\/?page_id=12341\/"},"modified":"2025-10-07T12:28:44","modified_gmt":"2025-10-07T10:28:44","slug":"datenschutz","status":"publish","type":"page","link":"https:\/\/compassion.ch\/de\/datenschutz\/","title":{"rendered":"Datenschutz"},"content":{"rendered":"<div id=\"pl-12341\"  class=\"panel-layout\" ><div class=\"section background-blue section_abgerissen_unten remove_margin_bottom section_full_width has_breadcrumb\" ><div class=\"row section_breadcrumb\"><ul id=\"breadcrumbs\" class=\"breadcrumbs\"><li class=\"item-home\"><a class=\"bread-link bread-home\" href=\"https:\/\/compassion.ch\/de\/\" title=\"Home\">Home<\/a><\/li><li class=\"separator separator-home\"> <span class=\"triangle\"><\/span> <\/li><\/ul><\/div><div id=\"pg-12341-0\"  class=\"panel-grid panel-no-style\" ><div id=\"pgc-12341-0-0\"  class=\"panel-grid-cell panel-grid-cell-empty\" ><\/div><div id=\"pgc-12341-0-1\"  class=\"panel-grid-cell panel-grid-cell-mobile-last\" ><div id=\"panel-12341-0-1-0\" class=\"so-panel widget widget_sow-editor panel-first-child panel-last-child\" data-index=\"0\" ><div\n\t\t\t\n\t\t\tclass=\"so-widget-sow-editor so-widget-sow-editor-base\"\n\t\t\t\n\t\t>\n<div class=\"siteorigin-widget-tinymce textwidget\">\n\t<h2 style=\"text-align: center;\">Datenschutz und Allgemeine Gesch\u00e4ftsbedingungen<\/h2>\n<\/div>\n<\/div><\/div><\/div><div id=\"pgc-12341-0-2\"  class=\"panel-grid-cell panel-grid-cell-empty\" ><\/div><\/div><\/div><\/div><div class=\"section background-beige-gradient background-beige\" ><div class=\"row section_row\"><div id=\"pg-12341-1\"  class=\"panel-grid panel-no-style\" ><div id=\"pgc-12341-1-0\"  class=\"panel-grid-cell panel-grid-cell-empty\" ><\/div><div id=\"pgc-12341-1-1\"  class=\"panel-grid-cell panel-grid-cell-mobile-last\" ><div id=\"panel-12341-1-1-0\" class=\"so-panel widget widget_sow-editor panel-first-child panel-last-child\" data-index=\"1\" ><div\n\t\t\t\n\t\t\tclass=\"so-widget-sow-editor so-widget-sow-editor-base\"\n\t\t\t\n\t\t>\n<div class=\"siteorigin-widget-tinymce textwidget\">\n\t<h4>Zugriff auf Daten<br \/>\nDie 6 Grunds\u00e4tze von Compassion Schweiz<\/h4>\n<p><strong>1. Erhobene Daten<\/strong><\/p>\n<ul>\n<li style=\"font-weight: 400;\" aria-level=\"2\"><span style=\"font-weight: 400;\">Compassion Schweiz speichert beim Abschliessen einer Patenschaft oder bei einer Spende folgende Daten: Name, Vorname, komplette Adresse, Telefonnummer, Geburtsdatum, bevorzugte Sprache und Herkunft der Patenschaft, sowie Daten, die von der betreffenden Person selbst angegeben werden. Die f\u00fcr die Bearbeitung von Spenden erforderlichen Daten werden ebenfalls gespeichert.<\/span><\/li>\n<li><span style=\"font-weight: 400;\">Bei der Anmeldung f\u00fcr einen Newsletter registriert Compassion Schweiz folgende Daten: Name, Vorname, E-Mail-Adresse (nur die von der Person angegebenen Daten werden gespeichert).<\/span><\/li>\n<li style=\"font-weight: 400;\" aria-level=\"2\"><span style=\"font-weight: 400;\">Die von Compassion verwendete E-Mail Software sowie Websites registrieren technische Informationen wie die IP-Adresse oder Cookies, um den erwarteten Service zu bieten.<\/span><\/li>\n<\/ul>\n<p>&nbsp;<\/p>\n<p><strong>2. Benutzung der Daten<br \/>\n<\/strong><\/p>\n<ul>\n<li style=\"font-weight: 400;\" aria-level=\"2\"><span style=\"font-weight: 400;\">Das Speichern von Name, Vorname, Postadresse, E-Mail-Adresse, Gemeindezugeh\u00f6rigkeit und technischen Daten erm\u00f6glicht Folgendes:\u00a0<\/span>\n<ul>\n<li style=\"font-weight: 400;\" aria-level=\"3\"><span style=\"font-weight: 400;\">den erwarteten Service zu bieten und die Patenschaften zu betreuen. Dabei wird eine begrenzte Anzahl dieser Daten an Compassion International weitergegeben (Vor- und Nachname, Sprachkenntnisse).<\/span><\/li>\n<li style=\"font-weight: 400;\" aria-level=\"3\"><span style=\"font-weight: 400;\">den Paten oder die Patin, die Spenderin oder den Spender zu kontaktieren, wenn der erwartete Service einmal nicht geboten werden kann (wenn z. B. eine Postsendung aufgrund einer Adress\u00e4nderung zur\u00fcckkommt oder es mit einer Spende Probleme gibt) oder mit dem Ziel, die Dienstleistung zu verbessern oder den Zweck einer Spende zu pr\u00e4zisieren.<\/span><\/li>\n<li><span style=\"font-weight: 400;\">die Kosten f\u00fcr Fundraising und Administration zu optimieren und somit das Ziel, mindestens 80% der Mittel direkt in die Projekte fliessen zu lassen, weiterhin zu erreichen. <\/span><\/li>\n<li><span style=\"font-weight: 400;\">\u00fcber Aktionen rund um die Produkte und Arbeit von Compassion Schweiz zu informieren.<\/span><\/li>\n<li><span style=\"font-weight: 400;\">\u00fcber Werbeangebote im Zusammenhang mit Produkten und Dienstleistungen von Compassion Schweiz zu informieren, wenn sie gemeinsam mit einem Partner versendet werden (Compassion Schweiz und ein oder mehrere Partner).\u00a0 <\/span><\/li>\n<li style=\"font-weight: 400;\" aria-level=\"3\"><span style=\"font-weight: 400;\">\u00fcber Angebote im Zusammenhang mit Produkten und Dienstleistungen Dritter zu informieren (der Versand erfolgt dann durch Compassion Schweiz oder einen Routing-Dienstleister oder einen E-Mail-Software-Hersteller). In diesem Fall werden die pers\u00f6nlichen Daten nicht an Dritte weitergegeben (nur unabh\u00e4ngige Dienstleister wie der Router oder der Herausgeber der E-Mail-Software Mailchimp\u00a0 haben Zugang zu den Daten. Sie sind vertraglich und ethisch verpflichtet, diese Daten ausschliesslich f\u00fcr den Versand zu verwenden.<\/span><\/li>\n<li style=\"font-weight: 400;\" aria-level=\"3\"><span style=\"font-weight: 400;\">Die Daten von Patinnen und Paten, Spendern und Spenderinnen oder von Patenkindern werden nicht an Dritte verkauft oder weitergegeben, ausser im Fall einer Schliessung von Compassion Schweiz. In diesem Fall k\u00f6nnen die zur Weiterf\u00fchrung der Patenschaft relevanten Daten einer weiterf\u00fchrenden Organisation \u00fcbergeben werden. Die betroffenen\u00a0 Personen werden in dem Fall informiert.<\/span><\/li>\n<\/ul>\n<\/li>\n<\/ul>\n<ul>\n<li><span style=\"font-weight: 400;\">Die pers\u00f6nlichen Daten werden \u00fcber das Bestehen der Patenschaft hinaus gespeichert, um eine allf\u00e4llige Reaktivierung einer Patenschaft auf Initiative der Paten hin zu erleichtern, oder um die Geschichte der Patenschaft und\/oder der Spenden zu dokumentieren. Beim Annullieren einer Patenschaft kann der Pate oder die Patin verlangen, dass die Daten gel\u00f6scht werden (unter Ber\u00fccksichtigung von Absatz 4.2).<\/span><\/li>\n<\/ul>\n<p>&nbsp;<\/p>\n<p><strong>3. <b>Zugang zu pers\u00f6nlichen Daten<\/b><\/strong><\/p>\n<ul>\n<li><span style=\"font-weight: 400;\">Compassion Schweiz garantiert jedem Spender oder Paten oder Nutzniesser einer Dienstleistung von Compassion Schweiz den Zugang zu den von uns gespeicherten pers\u00f6nlichen Daten. Absatz 6 erkl\u00e4rt, wie man diesen Zugang erhalten kann. <\/span><\/li>\n<li style=\"font-weight: 400;\" aria-level=\"2\"><span style=\"font-weight: 400;\">Compassion Schweiz gibt keine Informationen an Dritte weiter, mit Ausnahme folgender F\u00e4lle:<\/span>\n<ul>\n<li style=\"font-weight: 400;\" aria-level=\"3\"><span style=\"font-weight: 400;\">an Eltern Minderj\u00e4hriger \u00fcber die Daten letzterer (auf Vorweisen eines Dokuments, das die Verwandtschaft belegt).\u00a0<\/span><\/li>\n<li style=\"font-weight: 400;\" aria-level=\"3\"><span style=\"font-weight: 400;\">an Personen, die eine Patenschaft verschenken oder verschenkt haben, \u00fcber die Daten des entsprechenden Patenkindes.<\/span><\/li>\n<li style=\"font-weight: 400;\" aria-level=\"3\"><span style=\"font-weight: 400;\">An andere Personen \u00fcber Dritte, f\u00fcr die sie eine administrative Verantwortung haben, wie zum Beispiel eine Vormundschaft (gegen Vorlage einer Vollmacht oder einer Entscheidung der Sozial- oder Justizverwaltung).<\/span><\/li>\n<\/ul>\n<\/li>\n<\/ul>\n<p>&nbsp;<\/p>\n<p><strong>4. <b>Garantie auf L\u00f6schung pers\u00f6nlicher Daten<\/b><\/strong><\/p>\n<ul>\n<li style=\"font-weight: 400;\" aria-level=\"2\"><span style=\"font-weight: 400;\">Compassion Schweiz l\u00f6scht die pers\u00f6nlichen Daten auf Anfrage der betreffenden Person oder ihrer Vertretungen (siehe Absatz 3.2) aus dem System. Dies kann durch das Verfahren gem\u00e4ss Absatz 6 erreicht werden.\u00a0<\/span><\/li>\n<li style=\"font-weight: 400;\" aria-level=\"2\"><span style=\"font-weight: 400;\">Dennoch kann aus folgenden Gr\u00fcnden die unmittelbare L\u00f6schung der Daten nicht in jedem Fall garantiert werden:\u00a0<\/span>\n<ul>\n<li style=\"font-weight: 400;\" aria-level=\"3\"><span style=\"font-weight: 400;\">Die Aktivit\u00e4t von Compassion Schweiz f\u00fcr die in der Schweiz, in der Europ\u00e4ischen Union und im Rest der Welt wohnhaften Patinnen und Paten, Spender und Spenderinnen unterstehtder schweizerischen Rechtsgebung. Aufgrund dieser m\u00fcssen alle Informationen in Zusammenhang mit buchhalterischen Aktionen (Rechnungsstellungen, Zahlungen) w\u00e4hrend zehn Jahren gespeichert werden. Wenn also eine Rechnungsstellung oder eine Zahlung stattgefundenhat, kann die verlangte L\u00f6schung der Daten erst nach Ablauf dieser Rechtsfrist erfolgen, beginnend mit dem Zeitpunkt der letzten Zahlung. Compassion Schweiz verpflichtet sich jedoch, die Adresse mit sofortiger Wirkung nicht mehr zu kommerziellen oder Marketingzwecken zu verwenden.<\/span><\/li>\n<li style=\"font-weight: 400;\" aria-level=\"3\"><span style=\"font-weight: 400;\">\u00a0Compassion Schweiz verpflichtet sich, ein Register zu f\u00fchren und die Daten unmittelbar nach Ablauf der Rechtsfrist zu l\u00f6schen. Aus organisatorischen Gr\u00fcnden wird diese L\u00f6schung einmal pro Jahr f\u00fcr alle im betreffenden Jahr abgelaufenen Daten durchgef\u00fchrt.\u00a0<\/span><\/li>\n<li style=\"font-weight: 400;\" aria-level=\"3\"><span style=\"font-weight: 400;\">Informations- und Werbe-E-Mail-Anbieter behalten die E-Mail-Adressen von Personen, die sich vom Dienst abmelden m\u00f6chten, und blockieren Mailings an diese Adressen. Die E-Mail-Adressen k\u00f6nnen nicht dauerhaft gel\u00f6scht werden. Der Grund f\u00fcr die Aufbewahrung von E-Mail-Adressen ist, dass die Adresse einer Person, die die Abmeldung einer E-Mail-Nachricht beantragt hat, bei einer Anfrage oder Weiterverarbeitung nicht automatisch wieder aktiviert wird.\u00a0 Diese Adressen werden nicht von Compassion gespeichert, sondern vom Betreiber der E-Mail-Software.\u00a0<\/span><\/li>\n<\/ul>\n<\/li>\n<\/ul>\n<p>&nbsp;<\/p>\n<p><strong>5. <b>Compassion Schweiz speichert keine Informationen \u00fcber die sozialen Netzwerke<\/b><\/strong><\/p>\n<p>In den sozialen Netzwerken kann jede Person jederzeit einer Seite oder einem Account von \u201eCompassion Schweiz\u201c folgen, diese \u201eliken\u201c etc. Compassion Schweiz speichert keine pers\u00f6nlichen Daten von seinen Seiten oder Accounts. F\u00fcr Ausk\u00fcnfte \u00fcber gespeicherte Daten m\u00fcssen die Anbieter dieser Dienste direkt kontaktiert werden.<\/p>\n<p><span style=\"font-weight: 400;\">Benutzer k\u00f6nnen sich jederzeit aus den sozialen Netzwerken abmelden oder ihren Account l\u00f6schen.<\/span><\/p>\n<p><strong>\u00a0<\/strong><\/p>\n<p><strong>6. Compassion Schweiz hat einen Datenschutzverantwortlichen<\/strong><\/p>\n<p><span style=\"font-weight: 400;\">Compassion Schweiz hat einen Datenschutzverantwortlichen, der jederzeit kontaktiert werden kann. Dies ist m\u00f6glich via E-Mail: <\/span> <a href=\"mailto:data-protection@compassion.ch\">data-protection@compassion.ch<\/a> oder via Formular auf der Website von Compassion <a href=\"https:\/\/compassion.ch\/de\/kontakt\/\">www.compassion.ch\/contact<\/a>.<br \/>\n<span style=\"font-weight: 400;\">Compassion Schweiz verpflichtet sich, Interessierten innerhalb n\u00fctzlicher Frist Auskunft \u00fcber ihre bei uns gespeicherten pers\u00f6nlichen Daten zu geben (normalerweise innert zehn Tagen, ausgenommen Schulferien und Feiertage).\u00a0<\/span><\/p>\n<p><i><span style=\"font-weight: 400;\">Verpflichtung vom 01.10.2023 durch den Verein Compassion Schweiz mit Sitz in 1400 Yverdon, Schweiz.<\/span><\/i><\/p>\n<\/div>\n<\/div><\/div><\/div><div id=\"pgc-12341-1-2\"  class=\"panel-grid-cell panel-grid-cell-empty\" ><\/div><\/div><\/div><\/div><\/div>","protected":false},"excerpt":{"rendered":"<p>Datenschutz und Allgemeine Gesch\u00e4ftsbedingungen Zugriff auf Daten Die 6 Grunds\u00e4tze von Compassion Schweiz 1. Erhobene Daten Compassion Schweiz speichert beim Abschliessen einer Patenschaft oder bei einer Spende folgende Daten: Name, Vorname, komplette Adresse, Telefonnummer, Geburtsdatum, bevorzugte Sprache und Herkunft der<span class=\"excerpt_more\">&#8230;<\/span><\/p>\n","protected":false},"author":8,"featured_media":0,"parent":0,"menu_order":0,"comment_status":"closed","ping_status":"closed","template":"","meta":{"give_campaign_id":0,"footnotes":""},"class_list":["post-12341","page","type-page","status-publish","hentry"],"campaignId":"","_links":{"self":[{"href":"https:\/\/compassion.ch\/de\/wp-json\/wp\/v2\/pages\/12341","targetHints":{"allow":["GET"]}}],"collection":[{"href":"https:\/\/compassion.ch\/de\/wp-json\/wp\/v2\/pages"}],"about":[{"href":"https:\/\/compassion.ch\/de\/wp-json\/wp\/v2\/types\/page"}],"author":[{"embeddable":true,"href":"https:\/\/compassion.ch\/de\/wp-json\/wp\/v2\/users\/8"}],"replies":[{"embeddable":true,"href":"https:\/\/compassion.ch\/de\/wp-json\/wp\/v2\/comments?post=12341"}],"version-history":[{"count":1,"href":"https:\/\/compassion.ch\/de\/wp-json\/wp\/v2\/pages\/12341\/revisions"}],"predecessor-version":[{"id":565083,"href":"https:\/\/compassion.ch\/de\/wp-json\/wp\/v2\/pages\/12341\/revisions\/565083"}],"wp:attachment":[{"href":"https:\/\/compassion.ch\/de\/wp-json\/wp\/v2\/media?parent=12341"}],"curies":[{"name":"wp","href":"https:\/\/api.w.org\/{rel}","templated":true}]}}