{"id":10472,"date":"2017-01-05T11:37:15","date_gmt":"2017-01-05T10:37:15","guid":{"rendered":"https:\/\/compassion.ch\/?page_id=10472\/"},"modified":"2019-10-16T16:42:32","modified_gmt":"2019-10-16T14:42:32","slug":"unsere-prinzipien","status":"publish","type":"page","link":"https:\/\/compassion.ch\/de\/unsere-prinzipien\/","title":{"rendered":"Unsere Prinzipien"},"content":{"rendered":"<div id=\"pl-10472\"  class=\"panel-layout\" ><div class=\"section section_abgerissen_unten section_full_width\" ><div id=\"pg-10472-0\"  class=\"panel-grid panel-no-style\" ><div id=\"pgc-10472-0-0\"  class=\"panel-grid-cell\" ><div id=\"panel-10472-0-0-0\" class=\"so-panel widget widget_image-slider panel-first-child panel-last-child\" data-index=\"0\" ><div\n\t\t\t\n\t\t\tclass=\"so-widget-image-slider so-widget-image-slider-image-slider-style-d75171398898-10472\"\n\t\t\t\n\t\t>\n<div class=\"slick-slider slick-carousel slick-style-head\" data-slickSlides=\"1\" data-slickScroll=\"1\" data-slickArrows=\"true\" data-slickDots=\"true\">\n\n  \n  <div class=\"slide\">\n    <div class=\"slide-image position-top\" style=\"background-image: url(https:\/\/compassion.ch\/wp-content\/uploads\/2016\/07\/imagesilderprinzipien.jpg);\"><\/div>\n    <div class=\"slide-content-wrapper\">\n      <div class=\"slide-content\">\n        <h1>Die Compassion-Werte<\/h1><p class=\"quote\">Wir stellen unsere Arbeit unter eine Selbstverpflichtung,\u00a0die f\u00fcr uns und unsere Mitarbeitenden gilt.<\/p>      <\/div>\n    <\/div>\n  <\/div>\n\n  \n<\/div>\n<\/div><\/div><\/div><\/div><\/div><div class=\"section background-beige-gradient background-beige section_abgerissen_oben\" ><div class=\"row section_row\"><div id=\"pg-10472-1\"  class=\"panel-grid panel-no-style\" ><div id=\"pgc-10472-1-0\"  class=\"panel-grid-cell panel-grid-cell-empty\" ><\/div><div id=\"pgc-10472-1-1\"  class=\"panel-grid-cell panel-grid-cell-mobile-last\" ><div id=\"panel-10472-1-1-0\" class=\"so-panel widget widget_sow-editor panel-first-child\" data-index=\"1\" ><div\n\t\t\t\n\t\t\tclass=\"so-widget-sow-editor so-widget-sow-editor-base\"\n\t\t\t\n\t\t>\n<div class=\"siteorigin-widget-tinymce textwidget\">\n\t<p>Compassion ist ein christliches Kinderhilfswerk, das sich der Entwicklung von Kindern in Armut widmet. Wir arbeiten in enger Partnerschaft mit lokalen Kirchen und Gemeinden zusammen, die unsere Vision teilen und Kinder ganzheitlich f\u00f6rdern wollen.\u00a0Compassion fordert von den Paten oder Patenkindern kein besonderes Glaubensbekenntnis \u00a0oder eine Aussage bez\u00fcglich ihrer religi\u00f6sen \u00dcberzeugung und Glaubenspraxis.\u00a0<\/p>\n<p>Die Partnerschaft, die wir mit den lokalen Kirchen eingehen, gr\u00fcndet sich auf das allgemeine Glaubensbekenntnis, das von der Evangelischen Allianz in den jeweiligen L\u00e4ndern und der weltweiten Evangelischen Allianz entwickelt wurde.<\/p>\n<\/div>\n<\/div><\/div><div id=\"panel-10472-1-1-1\" class=\"so-panel widget widget_accordion-widget panel-last-child\" data-index=\"2\" ><div\n\t\t\t\n\t\t\tclass=\"so-widget-accordion-widget so-widget-accordion-widget-accordion-widget-style-d75171398898-10472\"\n\t\t\t\n\t\t>\n<ul class=\"accordion\" data-accordion data-allow-all-closed=\"true\">\n\t\n\t<li class=\"accordion-item \" data-accordion-item>\n    <a class=\"accordion-title\"><span class=\"text\">Wir verpflichten uns, im Namen Jesu zu arbeiten<\/span><\/a>\n    <div class=\"accordion-content\" data-tab-content>\n       <p>Compassion ist eindeutig eine christliche Organisation. Unsere Programme sind christlich ausgerichtet, unsere Mitarbeitenden glauben an Gott und unsere Lebenseinstellung ist christlich.<\/p>    <\/div>\n\t<\/li>\n\n\n\t<li class=\"accordion-item \" data-accordion-item>\n    <a class=\"accordion-title\"><span class=\"text\">Wir verpflichten uns, mit den ortsans\u00e4ssigen Kirchen und Gemeinden partnerschaftlich zu arbeiten<\/span><\/a>\n    <div class=\"accordion-content\" data-tab-content>\n       <p>Die christlichen Gemeinden werden durch die Partnerschaft mit Compassion gest\u00e4rkt, wodurch die Kinder und ihre Familien in der Umgebung erreicht werden. Die Gemeinde ist von Jesus Christus gegr\u00fcndet worden, um Salz und Licht in einer zerbrochenen Welt zu sein. Compassion hilft Christen in den \u00e4rmsten L\u00e4ndern der Welt, sich ganzheitlich um arme Kinder und deren Familien k\u00fcmmern zu k\u00f6nnen.<br \/> <\/p>    <\/div>\n\t<\/li>\n\n\n\t<li class=\"accordion-item \" data-accordion-item>\n    <a class=\"accordion-title\"><span class=\"text\">Wir verpflichten uns, die Kinder individuell in ihrer Entwicklung zu f\u00f6rdern<\/span><\/a>\n    <div class=\"accordion-content\" data-tab-content>\n       <p class=\"bodytext\">Unsere Programme bieten jedem Kind in unseren Kinderzentren individuelle M\u00f6glichkeiten zur Entwicklung. Wir haben wiederholt festgestellt, dass es viel bedeutungsvoller ist, was im Leben eines einzelnen Kindes geschieht, als das, was in seiner Umgebung ver\u00e4ndert wird.<br \/> Denn: Eine ver\u00e4nderte Umwelt ver\u00e4ndert selten die Herzen der Menschen, aber ver\u00e4nderte Menschen ver\u00e4ndern immer auch ihre Umwelt.<\/p>    <\/div>\n\t<\/li>\n\n\n\t<li class=\"accordion-item \" data-accordion-item>\n    <a class=\"accordion-title\"><span class=\"text\">Wir verpflichten uns zur ganzheitlichen Entwicklung von K\u00f6rper, Seele und Geist<\/span><\/a>\n    <div class=\"accordion-content\" data-tab-content>\n       <p>Alle Programme enthalten auch Gesundheitsf\u00fcrsorge und f\u00f6rdern die Kinder in vier Bereichen: geistlich, k\u00f6rperlich, sozial und wirtschaftlich. Jesus k\u00fcmmerte sich in all diesen Bereichen um die Menschen - und er ist unser Vorbild.<br \/> <\/p>    <\/div>\n\t<\/li>\n\n\n\t<li class=\"accordion-item \" data-accordion-item>\n    <a class=\"accordion-title\"><span class=\"text\">Wir verpflichten uns, die Paten \u00fcber die Armut und die Entwicklung ihrer Patenkinder zu informieren<\/span><\/a>\n    <div class=\"accordion-content\" data-tab-content>\n       <p>Als F\u00fcrsprecher der Kinder m\u00f6chten wir unseren Paten helfen, das Problem der Armut zu verstehen und die Not, die sich daraus f\u00fcr das Kind ergibt. Wir m\u00f6chten die Paten ermutigen, sich im Namen der Kinder zu engagieren.<\/p>    <\/div>\n\t<\/li>\n\n\n\t<li class=\"accordion-item \" data-accordion-item>\n    <a class=\"accordion-title\"><span class=\"text\">Wir verpflichten uns, das Geld nur f\u00fcr den vorgesehenen Zweck zu verwenden<\/span><\/a>\n    <div class=\"accordion-content\" data-tab-content>\n       <p>Das Patenschaftskonzept bedeutet, dass die Spenden direkt f\u00fcr die unterst\u00fctzten Kinder genutzt werden.<\/p>    <\/div>\n\t<\/li>\n\n\n\t<li class=\"accordion-item \" data-accordion-item>\n    <a class=\"accordion-title\"><span class=\"text\">Wir verpflichten uns, dass wir jedes Kind mit nur einem Paten verbinden<\/span><\/a>\n    <div class=\"accordion-content\" data-tab-content>\n       <p class=\"bodytext\">Jedes Kind, das durch Compassion unterst\u00fctzt wird, hat nur einen Paten. Wir ermuntern die Paten, einen guten und bedeutungsvollen Kontakt zu den Kindern zu pflegen.<\/p>    <\/div>\n\t<\/li>\n\n\n\t<li class=\"accordion-item \" data-accordion-item>\n    <a class=\"accordion-title\"><span class=\"text\">Wir verpflichten uns, jedem Kind die M\u00f6glichkeit zu geben, das Evangelium zu h\u00f6ren<\/span><\/a>\n    <div class=\"accordion-content\" data-tab-content>\n       <p class=\"bodytext\">Armut vermittelt dem Kind eine schmerzhafte Botschaft: \u201eDu bist ohne Bedeutung und wertlos. Keiner k\u00fcmmert sich um dich.\u201c Kinder mit der Liebe eines himmlischen Vaters bekannt zu machen, ist der beste Weg, um diese Botschaft umzukehren. Jedes Kind, das an einem Compassion-Programm teilnimmt, hat die M\u00f6glichkeit, etwas \u00fcber Jesus zu erfahren. Es kann entdecken, dass eine Beziehung zu Gott m\u00f6glich ist - eine Beziehung, die das eigene Leben nachhaltig ver\u00e4ndern kann.<\/p>    <\/div>\n\t<\/li>\n\n\n\t<li class=\"accordion-item \" data-accordion-item>\n    <a class=\"accordion-title\"><span class=\"text\">Wir verpflichten uns, wirtschaftliche Standards im Umgang mit den Spenden zu beachten<\/span><\/a>\n    <div class=\"accordion-content\" data-tab-content>\n       <p>Wir m\u00f6chten unsere Verwaltungs- und Werbungskosten so gering wie m\u00f6glich halten. Wir tun das im Gleichgewicht zur notwendigen Qualit\u00e4t und Integrit\u00e4t unserer Arbeit.<br \/> <\/p>    <\/div>\n\t<\/li>\n\n\n\t<li class=\"accordion-item \" data-accordion-item>\n    <a class=\"accordion-title\"><span class=\"text\">Wir verpflichten uns, finanzielle Verantwortung zu \u00fcbernehmen<\/span><\/a>\n    <div class=\"accordion-content\" data-tab-content>\n       <p class=\"bodytext\">Wir nehmen unsere Rolle der Ressourcenverwaltung ernst. Regelm\u00e4ssig lassen wir uns pr\u00fcfen und \u00fcberpr\u00fcfen unsererseits auch die Kinderzentren in den L\u00e4ndern, in denen wir helfen. Wir stellen sicher, dass unsere Programme gut verwaltet und die Spenden richtig eingesetzt werden. Wir werden j\u00e4hrlich von dem unabh\u00e4ngigen, zertifizierten Wirtschaftspr\u00fcfungsunternehmen PwC\u00a0gepr\u00fcft.<\/p>    <\/div>\n\t<\/li>\n\n<\/ul>\n<\/div><\/div><\/div><div id=\"pgc-10472-1-2\"  class=\"panel-grid-cell panel-grid-cell-empty\" ><\/div><\/div><\/div><\/div><\/div>","protected":false},"excerpt":{"rendered":"<p>Compassion ist ein christliches Kinderhilfswerk, das sich der Entwicklung von Kindern in Armut widmet. Wir arbeiten in enger Partnerschaft mit lokalen Kirchen und Gemeinden zusammen, die unsere Vision teilen und Kinder ganzheitlich f\u00f6rdern wollen.\u00a0Compassion fordert von den Paten oder Patenkindern<span class=\"excerpt_more\">&#8230;<\/span><\/p>\n","protected":false},"author":8,"featured_media":0,"parent":0,"menu_order":0,"comment_status":"closed","ping_status":"closed","template":"","meta":{"give_campaign_id":0,"footnotes":""},"class_list":["post-10472","page","type-page","status-publish","hentry"],"campaignId":"","_links":{"self":[{"href":"https:\/\/compassion.ch\/de\/wp-json\/wp\/v2\/pages\/10472","targetHints":{"allow":["GET"]}}],"collection":[{"href":"https:\/\/compassion.ch\/de\/wp-json\/wp\/v2\/pages"}],"about":[{"href":"https:\/\/compassion.ch\/de\/wp-json\/wp\/v2\/types\/page"}],"author":[{"embeddable":true,"href":"https:\/\/compassion.ch\/de\/wp-json\/wp\/v2\/users\/8"}],"replies":[{"embeddable":true,"href":"https:\/\/compassion.ch\/de\/wp-json\/wp\/v2\/comments?post=10472"}],"version-history":[{"count":0,"href":"https:\/\/compassion.ch\/de\/wp-json\/wp\/v2\/pages\/10472\/revisions"}],"wp:attachment":[{"href":"https:\/\/compassion.ch\/de\/wp-json\/wp\/v2\/media?parent=10472"}],"curies":[{"name":"wp","href":"https:\/\/api.w.org\/{rel}","templated":true}]}}