{"id":10326,"date":"2016-12-20T15:22:20","date_gmt":"2016-12-20T14:22:20","guid":{"rendered":"https:\/\/compassion.ch\/?page_id=10326\/"},"modified":"2025-02-25T15:52:26","modified_gmt":"2025-02-25T14:52:26","slug":"wer-wir-sind","status":"publish","type":"page","link":"https:\/\/compassion.ch\/de\/wer-wir-sind\/","title":{"rendered":"Wer wir sind"},"content":{"rendered":"<div id=\"pl-10326\"  class=\"panel-layout\" ><div class=\"section background-blue section_abgerissen_unten remove_margin_bottom section_full_width has_breadcrumb\" ><div class=\"row section_breadcrumb\"><ul id=\"breadcrumbs\" class=\"breadcrumbs\"><li class=\"item-home\"><a class=\"bread-link bread-home\" href=\"https:\/\/compassion.ch\/de\/\" title=\"Home\">Home<\/a><\/li><li class=\"separator separator-home\"> <span class=\"triangle\"><\/span> <\/li><\/ul><\/div><div id=\"pg-10326-0\"  class=\"panel-grid panel-no-style\" ><div id=\"pgc-10326-0-0\"  class=\"panel-grid-cell panel-grid-cell-empty\" ><\/div><div id=\"pgc-10326-0-1\"  class=\"panel-grid-cell panel-grid-cell-mobile-last\" ><div id=\"panel-10326-0-1-0\" class=\"so-panel widget widget_sow-editor panel-first-child panel-last-child\" data-index=\"0\" ><div\n\t\t\t\n\t\t\tclass=\"so-widget-sow-editor so-widget-sow-editor-base\"\n\t\t\t\n\t\t>\n<div class=\"siteorigin-widget-tinymce textwidget\">\n\t<h2 class=\"widget-title\" style=\"text-align: center;\">Wer wir sind<\/h2>\n<p class=\"siteorigin-widget-tinymce textwidget subtitle\" style=\"text-align: center;\">Compassion Schweiz ist ein unabh\u00e4ngiger Zweig von Compassion International in der Schweiz.<br \/>\nGemeinsam mit ungef\u00e4hr 8700 Kirchen vor Ort unterst\u00fctzen wir \u00fcber 2.3 Mio. Kinder in 29 L\u00e4ndern weltweit.<\/p>\n<\/div>\n<\/div><\/div><\/div><div id=\"pgc-10326-0-2\"  class=\"panel-grid-cell panel-grid-cell-empty\" ><\/div><\/div><\/div><\/div><div class=\"section background-beige section_gradient_unten\" ><div class=\"row section_row\"><div id=\"pg-10326-1\"  class=\"panel-grid panel-no-style\" ><div id=\"pgc-10326-1-0\"  class=\"panel-grid-cell panel-grid-cell-empty\" ><\/div><div id=\"pgc-10326-1-1\"  class=\"panel-grid-cell panel-grid-cell-mobile-last\" ><div id=\"panel-10326-1-1-0\" class=\"so-panel widget widget_sow-editor panel-first-child panel-last-child\" data-index=\"1\" ><div\n\t\t\t\n\t\t\tclass=\"so-widget-sow-editor so-widget-sow-editor-base\"\n\t\t\t\n\t\t>\n<div class=\"siteorigin-widget-tinymce textwidget\">\n\t<p>Compassion (englisch f\u00fcr \u201cMitgef\u00fchl\u201d oder \u201cErbarmen\u201d) setzt sich seit 70 Jahren weltweit f\u00fcr Kinder ein, die in extremer Armut leben. Durch eine Kinderpatenschaft mit Compassion k\u00f6nnen Kinder aus Armut befreit werden und du selbst kannst eine pers\u00f6nliche Beziehung aufbauen um dein Patenkind zu ermutigen.<\/p>\n<p>Compassion Schweiz ist eines von 12 Partnerl\u00e4ndern, die in 29 L\u00e4ndern Lateinamerikas, Asiens und Afrikas durch Patenschaften helfen. Wir haben uns verpflichtet, den \u00e4rmsten der armen Kinder physisch, emotional und sozial in einem ganzheitlichen Sinn zu helfen und ihnen auch von der Liebe Gottes zu erz\u00e4hlen.<\/p>\n<p>Wir glauben, dass jeder Mensch wertvoll ist. Kinder leiden am meisten unter Armut, aber sie haben auch das gr\u00f6sste Potential. Darum ver\u00e4ndern wir die Welt - ein Kind nach dem anderen.<\/p>\n<p><strong>Jesus im Zentrum | Kinder im Blickpunkt | Gemeinden als Partner<br \/>\n<\/strong><\/p>\n<\/div>\n<\/div><\/div><\/div><div id=\"pgc-10326-1-2\"  class=\"panel-grid-cell panel-grid-cell-empty\" ><\/div><\/div><\/div><\/div><div class=\"section remove_margin_bottom section_full_width\" ><div id=\"pg-10326-2\"  class=\"panel-grid panel-no-style\" ><div id=\"pgc-10326-2-0\"  class=\"panel-grid-cell\" ><div id=\"panel-10326-2-0-0\" class=\"so-panel widget widget_image-slider panel-first-child panel-last-child\" data-index=\"2\" ><div\n\t\t\t\n\t\t\tclass=\"so-widget-image-slider so-widget-image-slider-image-slider-style-d75171398898-10326\"\n\t\t\t\n\t\t>\n<div class=\"slick-slider slick-carousel \" data-slickSlides=\"1\" data-slickScroll=\"1\" data-slickArrows=\"true\" data-slickDots=\"true\">\n\n  \n  <div class=\"slide\">\n    <div class=\"slide-image position-center\" style=\"background-image: url(https:\/\/compassion.ch\/wp-content\/uploads\/2016\/03\/KTHIES-42.jpg);\"><\/div>\n    <div class=\"slide-content-wrapper\">\n      <div class=\"slide-content\">\n              <\/div>\n    <\/div>\n  <\/div>\n\n  \n<\/div>\n<\/div><\/div><\/div><\/div><\/div><div class=\"section background-beige\" ><div class=\"row section_row\"><div id=\"pg-10326-3\"  class=\"panel-grid panel-no-style\" ><div id=\"pgc-10326-3-0\"  class=\"panel-grid-cell\" ><div id=\"panel-10326-3-0-0\" class=\"so-panel widget widget_siteorigin-panels-builder panel-first-child panel-last-child\" data-index=\"3\" ><div id=\"pl-w64eca99b9de2f\"  class=\"panel-layout\" ><div class=\"row section_row\"><div id=\"pg-w64eca99b9de2f-0\"  class=\"panel-grid panel-has-style\" ><div class=\"padding panel-row-style panel-row-style-for-w64eca99b9de2f-0\" ><div id=\"pgc-w64eca99b9de2f-0-0\"  class=\"panel-grid-cell\" ><div id=\"panel-w64eca99b9de2f-0-0-0\" class=\"so-panel widget widget_sow-editor panel-first-child panel-last-child\" data-index=\"0\" ><div\n\t\t\t\n\t\t\tclass=\"so-widget-sow-editor so-widget-sow-editor-base\"\n\t\t\t\n\t\t>\n<div class=\"siteorigin-widget-tinymce textwidget\">\n\t<h2>Kinder im Blickpunkt<\/h2>\n<p class=\"quote subtitle\">In unseren Kinderzentren werden M\u00e4dchen und Jungen gleichermassen individuell gef\u00f6rdert und in allen Lebensbereichen nachhaltig unterst\u00fctzt.<\/p>\n<p>Wir stellen Kinder in den Mittelpunkt unserer Arbeit. Jedes Kind verf\u00fcgt \u00fcber viel Potential, wenn es die richtigen Chancen erh\u00e4lt. Wir best\u00e4rken Kinder, ihren eigenen Weg zu gehen und ihre Zukunft aktiv zu gestalten. Dies k\u00f6nnen sie am Besten, wenn sie selbst eine positive Einstellung zum Leben bekommen.<\/p>\n<p>Daher versteht sich Compassion nicht als blosses Hilfswerk, sondern als Kinderentwicklungswerk: Die M\u00e4dchen und Jungen in den Compassion-Kinderzentren werden darin gef\u00f6rdert, zu Pers\u00f6nlichkeiten heranzuwachsen, die f\u00e4hig sind, gute Entscheidungen zu treffen.<\/p>\n<\/div>\n<\/div><\/div><\/div><div id=\"pgc-w64eca99b9de2f-0-1\"  class=\"panel-grid-cell\" ><div id=\"panel-w64eca99b9de2f-0-1-0\" class=\"so-panel widget widget_sow-image panel-first-child panel-last-child\" data-index=\"1\" ><div\n\t\t\t\n\t\t\tclass=\"so-widget-sow-image so-widget-sow-image-default-8b5b6f678277\"\n\t\t\t\n\t\t>\n<div class=\"sow-image-container\">\n\t\t<img fetchpriority=\"high\" \n\tsrc=\"https:\/\/compassion.ch\/wp-content\/uploads\/2016\/03\/compassion_centre_enfant-1.jpg\" width=\"1000\" height=\"667\" srcset=\"https:\/\/compassion.ch\/wp-content\/uploads\/2016\/03\/compassion_centre_enfant-1.jpg 1000w, https:\/\/compassion.ch\/wp-content\/uploads\/2016\/03\/compassion_centre_enfant-1-300x200.jpg 300w, https:\/\/compassion.ch\/wp-content\/uploads\/2016\/03\/compassion_centre_enfant-1-768x512.jpg 768w, https:\/\/compassion.ch\/wp-content\/uploads\/2016\/03\/compassion_centre_enfant-1-272x182.jpg 272w\" sizes=\"(max-width: 1000px) 100vw, 1000px\" title=\"compassion_centre_enfant\" alt=\"\" \t\tclass=\"so-widget-image\"\/>\n\t<\/div>\n\n<\/div><\/div><\/div><\/div><\/div><\/div><div class=\"row section_row\"><div id=\"pg-w64eca99b9de2f-1\"  class=\"panel-grid panel-has-style\" ><div class=\"padding panel-row-style panel-row-style-for-w64eca99b9de2f-1\" ><div id=\"pgc-w64eca99b9de2f-1-0\"  class=\"panel-grid-cell\" ><div id=\"panel-w64eca99b9de2f-1-0-0\" class=\"so-panel widget widget_sow-image panel-first-child panel-last-child\" data-index=\"2\" ><div\n\t\t\t\n\t\t\tclass=\"so-widget-sow-image so-widget-sow-image-default-8b5b6f678277\"\n\t\t\t\n\t\t>\n<div class=\"sow-image-container\">\n\t\t<img \n\tsrc=\"https:\/\/compassion.ch\/wp-content\/uploads\/2016\/03\/compassion_centre_christ.jpg\" width=\"1000\" height=\"665\" srcset=\"https:\/\/compassion.ch\/wp-content\/uploads\/2016\/03\/compassion_centre_christ.jpg 1000w, https:\/\/compassion.ch\/wp-content\/uploads\/2016\/03\/compassion_centre_christ-300x200.jpg 300w, https:\/\/compassion.ch\/wp-content\/uploads\/2016\/03\/compassion_centre_christ-768x511.jpg 768w, https:\/\/compassion.ch\/wp-content\/uploads\/2016\/03\/compassion_centre_christ-272x182.jpg 272w\" sizes=\"(max-width: 1000px) 100vw, 1000px\" alt=\"\" \t\tclass=\"so-widget-image\"\/>\n\t<\/div>\n\n<\/div><\/div><\/div><div id=\"pgc-w64eca99b9de2f-1-1\"  class=\"panel-grid-cell\" ><div id=\"panel-w64eca99b9de2f-1-1-0\" class=\"so-panel widget widget_sow-editor panel-first-child panel-last-child\" data-index=\"3\" ><div\n\t\t\t\n\t\t\tclass=\"so-widget-sow-editor so-widget-sow-editor-base\"\n\t\t\t\n\t\t>\n<div class=\"siteorigin-widget-tinymce textwidget\">\n\t<h2>Jesus im Zentrum<\/h2>\n<p class=\"quote subtitle\">In unseren Kinderzentren vermitteln die Mitarbeiter christliche Werte und leben sie vor. Dabei ist Jesus unser Vorbild im Umgang mit den Kindern.<\/p>\n<p>Wenn die Kinder erkennen, dass Gott sie liebt und sie einen besonderen Wert haben, beginnen sie auch in anderen Bereichen ihres Lebens aufzubl\u00fchen. Die Zustimmung zu einem bestimmten Glaubensbekenntnis ist aber keine Voraussetzung, um Hilfe in einem der Compassion-Kinderzentren zu erhalten!<\/p>\n<p>Auch erwarten wir nicht von unseren Paten eine solche Zustimmung. Wenn Kinder in den Zentren aus einem nicht-christlichen Hintergrund kommen, haben die Eltern dem Angebot der christlichen Gemeinde oder Kirche, die das Kinderzentrum vor Ort f\u00fchrt, ausdr\u00fccklich zugestimmt. Kein Kind wird dazu gezwungen, an bestimmten Programminhalten teilzunehmen. Aber wir engagieren uns bewusst als Christen: Wir wollen den Menschen helfen, wie Jesus Christus ihnen helfen w\u00fcrde.<\/p>\n<\/div>\n<\/div><\/div><\/div><\/div><\/div><\/div><div class=\"row section_row\"><div id=\"pg-w64eca99b9de2f-2\"  class=\"panel-grid panel-has-style\" ><div class=\"padding panel-row-style panel-row-style-for-w64eca99b9de2f-2\" ><div id=\"pgc-w64eca99b9de2f-2-0\"  class=\"panel-grid-cell\" ><div id=\"panel-w64eca99b9de2f-2-0-0\" class=\"so-panel widget widget_sow-editor panel-first-child panel-last-child\" data-index=\"4\" ><div\n\t\t\t\n\t\t\tclass=\"so-widget-sow-editor so-widget-sow-editor-base\"\n\t\t\t\n\t\t>\n<div class=\"siteorigin-widget-tinymce textwidget\">\n\t<h2>Gemeinden als Partner<\/h2>\n<p class=\"quote subtitle\">Compassion arbeitet ausschliesslich mit christlichen Kirchen und Gemeinden zusammen.<\/p>\n<p>Compassion arbeitet mit christlichen Kirchen und Gemeinden in L\u00e4ndern des globalen S\u00fcdens zusammen. Unsere Kinderzentren werden ausschliesslich von einheimischen Mitarbeitern geleitet. Sie sind am besten mit der jeweiligen Kultur des Landes vertraut, kennen die Bedingungen vor Ort und wissen, was gebraucht wird. Ausserdem garantieren unsere Partner vor Ort eine kontinuierliche Betreuung und Nachhaltigkeit in der Entwicklungsarbeit. Mit vielen Partnern arbeitet Compassion bereits \u00fcber 70 Jahre vertrauensvoll und erfolgreich zusammen.<\/p>\n<\/div>\n<\/div><\/div><\/div><div id=\"pgc-w64eca99b9de2f-2-1\"  class=\"panel-grid-cell\" ><div id=\"panel-w64eca99b9de2f-2-1-0\" class=\"so-panel widget widget_sow-image panel-first-child panel-last-child\" data-index=\"5\" ><div\n\t\t\t\n\t\t\tclass=\"so-widget-sow-image so-widget-sow-image-default-8b5b6f678277\"\n\t\t\t\n\t\t>\n<div class=\"sow-image-container\">\n\t\t<img \n\tsrc=\"https:\/\/compassion.ch\/wp-content\/uploads\/2016\/03\/compassion_eglise_partenaire.jpg\" width=\"1000\" height=\"665\" srcset=\"https:\/\/compassion.ch\/wp-content\/uploads\/2016\/03\/compassion_eglise_partenaire.jpg 1000w, https:\/\/compassion.ch\/wp-content\/uploads\/2016\/03\/compassion_eglise_partenaire-300x200.jpg 300w, https:\/\/compassion.ch\/wp-content\/uploads\/2016\/03\/compassion_eglise_partenaire-768x511.jpg 768w, https:\/\/compassion.ch\/wp-content\/uploads\/2016\/03\/compassion_eglise_partenaire-272x182.jpg 272w\" sizes=\"(max-width: 1000px) 100vw, 1000px\" alt=\"\" \t\tclass=\"so-widget-image\"\/>\n\t<\/div>\n\n<\/div><\/div><\/div><\/div><\/div><\/div><\/div><\/div><\/div><\/div><\/div><\/div><\/div>","protected":false},"excerpt":{"rendered":"<p>Wer wir sind Compassion Schweiz ist ein unabh\u00e4ngiger Zweig von Compassion International in der Schweiz. Gemeinsam mit ungef\u00e4hr Kirchen vor Ort unterst\u00fctzen wir \u00fcber 2.3 Mio. Kinder in 29 L\u00e4ndern weltweit. Compassion (englisch f\u00fcr \u201cMitgef\u00fchl\u201d oder \u201cErbarmen\u201d) setzt sich seit<span class=\"excerpt_more\">&#8230;<\/span><\/p>\n","protected":false},"author":8,"featured_media":0,"parent":0,"menu_order":0,"comment_status":"closed","ping_status":"closed","template":"","meta":{"give_campaign_id":0,"footnotes":""},"class_list":["post-10326","page","type-page","status-publish","hentry"],"campaignId":"","_links":{"self":[{"href":"https:\/\/compassion.ch\/de\/wp-json\/wp\/v2\/pages\/10326","targetHints":{"allow":["GET"]}}],"collection":[{"href":"https:\/\/compassion.ch\/de\/wp-json\/wp\/v2\/pages"}],"about":[{"href":"https:\/\/compassion.ch\/de\/wp-json\/wp\/v2\/types\/page"}],"author":[{"embeddable":true,"href":"https:\/\/compassion.ch\/de\/wp-json\/wp\/v2\/users\/8"}],"replies":[{"embeddable":true,"href":"https:\/\/compassion.ch\/de\/wp-json\/wp\/v2\/comments?post=10326"}],"version-history":[{"count":0,"href":"https:\/\/compassion.ch\/de\/wp-json\/wp\/v2\/pages\/10326\/revisions"}],"wp:attachment":[{"href":"https:\/\/compassion.ch\/de\/wp-json\/wp\/v2\/media?parent=10326"}],"curies":[{"name":"wp","href":"https:\/\/api.w.org\/{rel}","templated":true}]}}